{"id":7784,"date":"2024-02-12T23:24:24","date_gmt":"2024-02-12T21:24:24","guid":{"rendered":"https:\/\/mydailydose.eu\/?page_id=7784"},"modified":"2024-02-13T14:58:18","modified_gmt":"2024-02-13T12:58:18","slug":"returns-and-refunds","status":"publish","type":"page","link":"https:\/\/mydailydose.eu\/et\/returns-and-refunds\/","title":{"rendered":"Ostust taganemine"},"content":{"rendered":"<p>ALLOLEV TEKST MOODUSTAB OSA MEIE TEENUSETINGIMUSTEST NING ON TOODUD SIIN ERALDI V\u00c4LJA TEIE JAOKS INFO LEIDMISE KIIRENDAMISEKS<\/p>\n<h2 class=\"western\"><strong><span style=\"font-size: large;\"><span style=\"font-family: Liberation Sans, sans-serif;\">Taganemis\u00f5igus<\/span><\/span><\/strong><\/h2>\n<h3 class=\"western\" align=\"left\">\u00a0<\/h3>\n<h3 lang=\"et-EE\" align=\"left\"><span style=\"font-family: Liberation Sans, sans-serif;\"><span style=\"font-size: large;\"><u><span style=\"color: #555555;\">Paberraamatud<\/span><\/u><\/span><\/span><\/h3>\n<p><span style=\"font-size: large;\"><span style=\"font-family: Liberation Sans, sans-serif;\">P\u00e4rast tellimuse k\u00e4ttesaamist on ostjal \u00f5igus Veebipoes s\u00f5lmitud lepingust taganeda 14 p\u00e4eva jooksul. Taganemis\u00f5igus ei kohaldu, kui ostjaks on juriidiline isik.<\/span><\/span><\/p>\n<p><span style=\"font-size: large;\"><span style=\"font-family: Liberation Sans, sans-serif;\">14-p\u00e4evase tagastamis\u00f5iguse kasutamiseks ei tohi tellitud kaupa kasutada.<\/span><\/span><\/p>\n<p><span style=\"font-size: large;\"><span style=\"font-family: Liberation Sans, sans-serif;\">Kui kaupa on kasutatud v\u00f5i sellel on kasutamise v\u00f5i kulumise m\u00e4rke, <span lang=\"et-EE\">on e-poel \u00f5igus tagasimaksest loobuda.<\/span><\/span><\/span><\/p>\n<p><span style=\"font-size: large;\"><span style=\"font-family: Liberation Sans, sans-serif;\">Kauba tagastamise kulud kannab ostja, v\u00e4lja arvatud juhul, kui tagastamise p\u00f5hjus seisneb asjaolus, et tagastamisele kuuluv asi ei vasta tellitule (nt vale v\u00f5i defektiga asi).<\/span><\/span><\/p>\n<p><span style=\"font-size: large;\"><span style=\"font-family: Liberation Sans, sans-serif;\">Ostja peab kauba tagastama avalduse esitamisele j\u00e4rgneva 1<span lang=\"et-EE\">4<\/span> p\u00e4eva jooksul v\u00f5i esitama t\u00f5endi, et ta on eelnimetatud perioodi jooksul kauba \u00fcle andnud kauba vedajale.<\/span><\/span><\/p>\n<p><span style=\"font-size: large;\"><span style=\"font-family: Liberation Sans, sans-serif;\"><span lang=\"et-EE\">E-<\/span>pood tagastab tagastatava kauba k\u00e4ttesaamisel ostjale <span lang=\"et-EE\">kauba maksumuse <\/span>mitte hiljem kui 1<span lang=\"et-EE\">0<\/span> p\u00e4eva m\u00f6\u00f6dumisel arvates <span lang=\"et-EE\">kauba k\u00e4ttesaamisest<\/span>.<\/span><\/span><\/p>\n<p><span style=\"font-size: large;\"><span style=\"font-family: Liberation Sans, sans-serif;\"><span lang=\"et-EE\">E-<\/span>poel on \u00f5igus taganeda m\u00fc\u00fcgitehingust ning n\u00f5uda ostjalt tagasi kaup, kui kauba hind veebipoes on eksituse t\u00f5ttu m\u00e4rgitud oluliselt alla kauba turuhinna.<\/span><\/span><\/p>\n<p><span style=\"font-family: Liberation Sans, sans-serif;\"><span style=\"font-size: large;\">Kauba tagastamiseks v\u00f5i \u00fcmber vahetamiseks saab <\/span><\/span><span style=\"font-family: Liberation Sans, sans-serif;\"><span style=\"font-size: large;\"><span lang=\"et-EE\">o<\/span><\/span><\/span><span style=\"font-family: Liberation Sans, sans-serif;\"><span style=\"font-size: large;\">stja p\u00f6\u00f6rduda <\/span><\/span><span style=\"font-family: Liberation Sans, sans-serif;\"><span style=\"font-size: large;\"><span lang=\"et-EE\">e-poe<\/span><\/span><\/span><span style=\"font-family: Liberation Sans, sans-serif;\"><span style=\"font-size: large;\"> poole vabas vormis avaldusega e-<\/span><\/span><span style=\"font-family: Liberation Sans, sans-serif;\"><span style=\"font-size: large;\"><span lang=\"et-EE\">posti<\/span><\/span><\/span><span style=\"font-family: Liberation Sans, sans-serif;\"><span style=\"font-size: large;\"> teel<\/span><\/span> <span style=\"font-family: Liberation Sans, sans-serif;\"><span style=\"font-size: large;\"><span lang=\"et-EE\">aadressil<\/span><\/span><\/span> <span style=\"font-family: Liberation Sans, sans-serif;\"><span style=\"font-size: large;\"><span lang=\"et-EE\"><a href=\"mailto:mydailydose@xpresstoexperience.com\">mydailydose@expresstoexperience.com<\/a>, kirjeldades \u00fcksikasjalikult probleemi.<\/span><\/span><\/span><\/p>\n<h3 class=\"western\" align=\"left\">\u00a0<\/h3>\n<h3 lang=\"et-EE\"><span style=\"font-family: Liberation Sans, sans-serif;\"><span style=\"font-size: large;\"><u>POD-tooted (kotid, kruusid)<\/u><\/span><\/span><\/h3>\n<p lang=\"et-EE\" align=\"left\"><span style=\"color: #5d6167;\"><span style=\"font-family: Liberation Sans, sans-serif;\"><span style=\"font-size: large;\"><span style=\"color: #555555;\">Me loodame, et olete rahul oma tellitud kaubaga<\/span><span style=\"color: #555555;\">. <\/span><span style=\"color: #555555;\">Selleks <\/span><span style=\"color: #555555;\"><b>PALUME TEIL VAADTA TELLITU HOOLIKALT JA PIKEMALT VIIVITAMATA \u00dcLE<\/b><\/span><span style=\"color: #555555;\"><b>.<\/b><\/span><\/span><\/span><\/span><\/p>\n<p align=\"left\"><span style=\"color: #555555;\"><span style=\"font-family: Liberation Sans, sans-serif;\"><span style=\"font-size: large;\"><span lang=\"et-EE\">K\u00f5ik n\u00f5uded, mis seotud tr\u00fckkimisvigade \/ kannatadasaanud \/ defektse kaubaga tuleb esitada <\/span><span lang=\"et-EE\"><b>hiljemalt<\/b><\/span><b> <\/b><span lang=\"et-EE\"><b>14<\/b><\/span><b>\u00a0<\/b><span lang=\"et-EE\"><b>p\u00e4eva jooksul p\u00e4rast kauba k\u00e4ttesaamist<\/b><\/span><span lang=\"et-EE\">. <\/span><span lang=\"et-EE\">Transportimisprotsessis kadunuks j\u00e4\u00e4nud pakke puudutavad n\u00f5uded tuleb esitada<\/span> <span lang=\"et-EE\"><b>hiljemalt<\/b><\/span><b> <\/b><span lang=\"et-EE\"><b>14<\/b><\/span><b>\u00a0<\/b><span lang=\"et-EE\"><b>p\u00e4eva jooksul p\u00e4rast hinnangulist k\u00e4ttetoimetamise t\u00e4htaega<\/b><\/span><span lang=\"et-EE\">. <\/span><span style=\"color: #000000;\">Pretensioonid, mis on k\u00e4sitletavad tootja veana, kaetakse tootja kulul.<\/span><\/span><\/span><\/span><\/p>\n<p align=\"left\"><span style=\"font-family: Liberation Sans, sans-serif;\"><span style=\"font-size: large;\"><span style=\"color: #5d6167;\"><span lang=\"et-EE\">VIGANE AADRESS<\/span><\/span><\/span><\/span><\/p>\n<p align=\"left\"><span style=\"color: #555555;\"><span style=\"font-family: Liberation Sans, sans-serif;\"><span style=\"font-size: large;\"><span lang=\"et-EE\">Kui kliendi poolt sisestatud aadress tunnistatakse kullerfirma poolt ebapiisavaks, tagastatakse pakk tootmis\u00fcksusesse<\/span><\/span><\/span><\/span><span style=\"color: #555555;\"><span style=\"font-family: Liberation Sans, sans-serif;\"><span style=\"font-size: large;\">. <\/span><\/span><\/span><span style=\"color: #555555;\"><span style=\"font-family: Liberation Sans, sans-serif;\"><span style=\"font-size: large;\"><span lang=\"et-EE\">Kui oleme saanud kliendilt t\u00e4psustatud aadressi, tuleb tal kanda saatmisega seotud t\u00e4iendavaid kulusid.<\/span><\/span><\/span><\/span><\/p>\n<p lang=\"et-EE\" align=\"left\"><span style=\"font-family: Liberation Sans, sans-serif;\"><span style=\"font-size: large;\"><span style=\"color: #555555;\">N\u00d5UDMATA<\/span><\/span><\/span><\/p>\n<p lang=\"et-EE\" align=\"left\"><span style=\"color: #555555;\"><span style=\"font-family: Liberation Sans, sans-serif;\"><span style=\"font-size: large;\">Saadetised, millele pole j\u00e4rele tuldud, tagastatakse tootmis\u00fcksusesse ning kliendil tuleb tasuda t\u00e4iendav saatekulu.<\/span><\/span><\/span><\/p>\n<p lang=\"et-EE\" align=\"left\"><span style=\"color: #5d6167;\"><span style=\"font-family: Liberation Sans, sans-serif;\"><span style=\"font-size: large;\"><span style=\"color: #555555;\">PROBLEEMNE TOODE<\/span><\/span><\/span><\/span><\/p>\n<p lang=\"et-EE\" align=\"left\"><span style=\"color: #555555;\"><span style=\"font-family: ProximaNova, sans-serif;\"><span style=\"font-size: large;\"><span style=\"color: #5d6167;\"><span style=\"font-family: Liberation Sans, sans-serif;\"><b>Kui m\u00e4rkad, et tootega on mingi probleem<\/b><\/span><\/span><span style=\"color: #5d6167;\"><span style=\"font-family: Liberation Sans, sans-serif;\">, <\/span><\/span><span style=\"color: #5d6167;\"><span style=\"font-family: Liberation Sans, sans-serif;\">puudutagu see kohaletoimetamist v\u00f5i kauba kvaliteete,<\/span><\/span> <strong><span style=\"color: #5d6167;\"><span style=\"font-family: Liberation Sans, sans-serif;\"><b>\u00c4RA SAADA \u00dcHTEGI TOODET TAGASI ENNE MEIEGA KONTAKTI V\u00d5TMATA<\/b><\/span><\/span><\/strong><strong><span style=\"color: #5d6167;\"><span style=\"font-family: Liberation Sans, sans-serif;\">. <\/span><\/span><\/strong><span style=\"color: #5d6167;\"><span style=\"font-family: Liberation Sans, sans-serif;\">Tee seda e-posti kaudu <\/span><\/span><span style=\"color: #5d6167;\"><span style=\"font-family: Liberation Sans, sans-serif;\"><a href=\"mailto:mydailydose@expresstoexperience.com\">mydailydose@expresstoexperience.com <\/a><\/span><\/span><span style=\"color: #5d6167;\"><span style=\"font-family: Liberation Sans, sans-serif;\">\u00a0ja <\/span><\/span><strong><span style=\"color: #5d6167;\"><span style=\"font-family: Liberation Sans, sans-serif;\">hiljemalt <\/span><\/span><span style=\"color: #5d6167;\"><span style=\"font-family: Liberation Sans, sans-serif;\">14 <\/span><\/span><span style=\"color: #5d6167;\"><span style=\"font-family: Liberation Sans, sans-serif;\">p\u00e4eva jooksul alates k\u00e4ttetoimetamise kuup\u00e4evast<\/span><\/span><\/strong><span style=\"color: #5d6167;\"><span style=\"font-family: Liberation Sans, sans-serif;\"> \u2013 <\/span><\/span><span style=\"color: #5d6167;\"><span style=\"font-family: Liberation Sans, sans-serif;\">\u00e4ra unusta lisada tellimuse numbrit ja kirjelda probleemi v\u00f5imalikult \u00fcksikasjalikult. Teatele on \u00e4\u00e4rmiselt soovitatav lisada asjassepuutuvaid fotosid ja\/v\u00f5i v\u00f5tteid<\/span><\/span><span style=\"color: #5d6167;\"><span style=\"font-family: Liberation Sans, sans-serif;\">.<\/span><\/span><\/span><\/span><\/span><\/p>\n<p align=\"left\"><span style=\"color: #555555;\"><span style=\"font-family: Liberation Sans, sans-serif;\"><span style=\"font-size: large;\"><span lang=\"et-EE\">Me ei kompenseeri kahetsusoste.<\/span><\/span><\/span><\/span><b> <\/b><span style=\"color: #555555;\"><span style=\"font-family: Liberation Sans, sans-serif;\"><span style=\"font-size: large;\"><span lang=\"et-EE\">Vastavalt Euro<\/span><\/span><\/span><\/span><span style=\"color: #555555;\"><span style=\"font-family: Liberation Sans, sans-serif;\"><span style=\"font-size: large;\"><span lang=\"et-EE\">opa P<\/span><\/span><\/span><\/span><span style=\"color: #555555;\"><span style=\"font-family: Liberation Sans, sans-serif;\"><span style=\"font-size: large;\"><span lang=\"et-EE\">arlamendi <\/span><\/span><\/span><\/span><span style=\"color: #555555;\"><span style=\"font-family: Liberation Sans, sans-serif;\"><span style=\"font-size: large;\"><span lang=\"et-EE\">ja N\u00f5ukogu 25.oktoobri 2011.a. tarbija\u00f5igusi puudutava<\/span><\/span><\/span><\/span> <span style=\"color: #555555;\"><span style=\"font-family: Liberation Sans, sans-serif;\"><span style=\"font-size: large;\"><span lang=\"et-EE\">direktiivi<\/span><\/span><\/span><\/span><span style=\"color: #555555;\"><span style=\"font-family: Liberation Sans, sans-serif;\"><span style=\"font-size: large;\"><span lang=\"et-EE\"> 2011\/83\/EU a<\/span><\/span><\/span><\/span><span style=\"color: #555555;\"><span style=\"font-family: Liberation Sans, sans-serif;\"><span style=\"font-size: large;\"><span lang=\"et-EE\">rtiklile<\/span><\/span><\/span><\/span><span style=\"color: #555555;\"><span style=\"font-family: Liberation Sans, sans-serif;\"><span style=\"font-size: large;\"> 16(c) <\/span><\/span><\/span><span style=\"color: #555555;\"><span style=\"font-family: Liberation Sans, sans-serif;\"><span style=\"font-size: large;\"><span lang=\"et-EE\">ja<\/span><\/span><\/span><\/span><span style=\"color: #555555;\"><span style=\"font-family: Liberation Sans, sans-serif;\"><span style=\"font-size: large;\"> (e)<\/span><\/span><\/span> <span style=\"color: #555555;\"><span style=\"font-family: Liberation Sans, sans-serif;\"><span style=\"font-size: large;\"><span lang=\"et-EE\">v\u00f5ib kompenseerimisest taganeda toodete puhul, mis valmistatud tarbija spetsifikatsioonide kohaselt. Siinsed kujundused on valmistatud b\u00f5udlusekohaselt originaalspetsifikatsioone j\u00e4rgides, seega j\u00e4tame endale \u00f5iguse tagastamise v\u00f5imalusest loobuda<\/span><\/span><\/span><\/span><span style=\"color: #555555;\"><span style=\"font-family: Liberation Sans, sans-serif;\"><span style=\"font-size: large;\">.<\/span><\/span><\/span><\/p>\n<h3 class=\"western\">\u00a0<\/h3>\n<p>&nbsp;<\/p>\n<p>&nbsp;<\/p>\n<p>&nbsp;<\/p>\n","protected":false},"excerpt":{"rendered":"<p>ALLOLEV TEKST MOODUSTAB OSA MEIE TEENUSETINGIMUSTEST NING ON TOODUD SIIN ERALDI V\u00c4LJA TEIE JAOKS INFO LEIDMISE KIIRENDAMISEKS Taganemis\u00f5igus \u00a0 Paberraamatud P\u00e4rast tellimuse k\u00e4ttesaamist on ostjal \u00f5igus Veebipoes s\u00f5lmitud lepingust taganeda 14 p\u00e4eva jooksul. Taganemis\u00f5igus ei kohaldu, kui ostjaks on juriidiline isik. 14-p\u00e4evase tagastamis\u00f5iguse kasutamiseks ei tohi tellitud kaupa kasutada. Kui kaupa on kasutatud v\u00f5i sellel [&hellip;]<\/p>\n","protected":false},"author":1,"featured_media":0,"parent":0,"menu_order":0,"comment_status":"closed","ping_status":"open","template":"","meta":{"site-sidebar-layout":"default","site-content-layout":"default","ast-site-content-layout":"default","site-content-style":"default","site-sidebar-style":"default","ast-global-header-display":"","ast-banner-title-visibility":"","ast-main-header-display":"","ast-hfb-above-header-display":"","ast-hfb-below-header-display":"","ast-hfb-mobile-header-display":"","site-post-title":"","ast-breadcrumbs-content":"","ast-featured-img":"","footer-sml-layout":"","ast-disable-related-posts":"","theme-transparent-header-meta":"default","adv-header-id-meta":"","stick-header-meta":"","header-above-stick-meta":"","header-main-stick-meta":"","header-below-stick-meta":"","astra-migrate-meta-layouts":"set","ast-page-background-enabled":"default","ast-page-background-meta":{"desktop":{"background-color":"","background-image":"","background-repeat":"repeat","background-position":"center center","background-size":"auto","background-attachment":"scroll","background-type":"","background-media":"","overlay-type":"","overlay-color":"","overlay-opacity":"","overlay-gradient":""},"tablet":{"background-color":"","background-image":"","background-repeat":"repeat","background-position":"center center","background-size":"auto","background-attachment":"scroll","background-type":"","background-media":"","overlay-type":"","overlay-color":"","overlay-opacity":"","overlay-gradient":""},"mobile":{"background-color":"","background-image":"","background-repeat":"repeat","background-position":"center center","background-size":"auto","background-attachment":"scroll","background-type":"","background-media":"","overlay-type":"","overlay-color":"","overlay-opacity":"","overlay-gradient":""}},"ast-content-background-meta":{"desktop":{"background-color":"var(--ast-global-color-5)","background-image":"","background-repeat":"repeat","background-position":"center center","background-size":"auto","background-attachment":"scroll","background-type":"","background-media":"","overlay-type":"","overlay-color":"","overlay-opacity":"","overlay-gradient":""},"tablet":{"background-color":"var(--ast-global-color-5)","background-image":"","background-repeat":"repeat","background-position":"center center","background-size":"auto","background-attachment":"scroll","background-type":"","background-media":"","overlay-type":"","overlay-color":"","overlay-opacity":"","overlay-gradient":""},"mobile":{"background-color":"var(--ast-global-color-5)","background-image":"","background-repeat":"repeat","background-position":"center center","background-size":"auto","background-attachment":"scroll","background-type":"","background-media":"","overlay-type":"","overlay-color":"","overlay-opacity":"","overlay-gradient":""}},"footnotes":""},"class_list":["post-7784","page","type-page","status-publish","hentry"],"yoast_head":"<!-- This site is optimized with the Yoast SEO plugin v27.4 - https:\/\/yoast.com\/product\/yoast-seo-wordpress\/ -->\n<title>Ostust taganemine - #mydailydose<\/title>\n<meta name=\"robots\" content=\"index, follow, max-snippet:-1, max-image-preview:large, max-video-preview:-1\" \/>\n<link rel=\"canonical\" href=\"https:\/\/mydailydose.eu\/et\/returns-and-refunds\/\" \/>\n<meta property=\"og:locale\" content=\"et_EE\" \/>\n<meta property=\"og:type\" content=\"article\" \/>\n<meta property=\"og:title\" content=\"Ostust taganemine - #mydailydose\" \/>\n<meta property=\"og:description\" content=\"ALLOLEV TEKST MOODUSTAB OSA MEIE TEENUSETINGIMUSTEST NING ON TOODUD SIIN ERALDI V\u00c4LJA TEIE JAOKS INFO LEIDMISE KIIRENDAMISEKS Taganemis\u00f5igus \u00a0 Paberraamatud P\u00e4rast tellimuse k\u00e4ttesaamist on ostjal \u00f5igus Veebipoes s\u00f5lmitud lepingust taganeda 14 p\u00e4eva jooksul. Taganemis\u00f5igus ei kohaldu, kui ostjaks on juriidiline isik. 14-p\u00e4evase tagastamis\u00f5iguse kasutamiseks ei tohi tellitud kaupa kasutada. Kui kaupa on kasutatud v\u00f5i sellel [&hellip;]\" \/>\n<meta property=\"og:url\" content=\"https:\/\/mydailydose.eu\/et\/returns-and-refunds\/\" \/>\n<meta property=\"og:site_name\" content=\"#mydailydose\" \/>\n<meta property=\"article:modified_time\" content=\"2024-02-13T12:58:18+00:00\" \/>\n<meta name=\"twitter:card\" content=\"summary_large_image\" \/>\n<meta name=\"twitter:label1\" content=\"Est. reading time\" \/>\n\t<meta name=\"twitter:data1\" content=\"2 minutit\" \/>\n<script type=\"application\/ld+json\" class=\"yoast-schema-graph\">{\"@context\":\"https:\\\/\\\/schema.org\",\"@graph\":[{\"@type\":\"WebPage\",\"@id\":\"https:\\\/\\\/mydailydose.eu\\\/et\\\/returns-and-refunds\\\/\",\"url\":\"https:\\\/\\\/mydailydose.eu\\\/et\\\/returns-and-refunds\\\/\",\"name\":\"Ostust taganemine - #mydailydose\",\"isPartOf\":{\"@id\":\"https:\\\/\\\/www.mydailydose.eu\\\/#website\"},\"datePublished\":\"2024-02-12T21:24:24+00:00\",\"dateModified\":\"2024-02-13T12:58:18+00:00\",\"breadcrumb\":{\"@id\":\"https:\\\/\\\/mydailydose.eu\\\/et\\\/returns-and-refunds\\\/#breadcrumb\"},\"inLanguage\":\"et\",\"potentialAction\":[{\"@type\":\"ReadAction\",\"target\":[\"https:\\\/\\\/mydailydose.eu\\\/et\\\/returns-and-refunds\\\/\"]}]},{\"@type\":\"BreadcrumbList\",\"@id\":\"https:\\\/\\\/mydailydose.eu\\\/et\\\/returns-and-refunds\\\/#breadcrumb\",\"itemListElement\":[{\"@type\":\"ListItem\",\"position\":1,\"name\":\"Home\",\"item\":\"https:\\\/\\\/www.mydailydose.eu\\\/et\\\/\"},{\"@type\":\"ListItem\",\"position\":2,\"name\":\"Ostust taganemine\"}]},{\"@type\":\"WebSite\",\"@id\":\"https:\\\/\\\/www.mydailydose.eu\\\/#website\",\"url\":\"https:\\\/\\\/www.mydailydose.eu\\\/\",\"name\":\"#mydailydose\",\"description\":\"Unique Gifts to #findyourfab - Original Art and Designs by Inna Inanna\",\"potentialAction\":[{\"@type\":\"SearchAction\",\"target\":{\"@type\":\"EntryPoint\",\"urlTemplate\":\"https:\\\/\\\/www.mydailydose.eu\\\/?s={search_term_string}\"},\"query-input\":{\"@type\":\"PropertyValueSpecification\",\"valueRequired\":true,\"valueName\":\"search_term_string\"}}],\"inLanguage\":\"et\"}]}<\/script>\n<!-- \/ Yoast SEO plugin. -->","yoast_head_json":{"title":"Ostust taganemine - #mydailydose","robots":{"index":"index","follow":"follow","max-snippet":"max-snippet:-1","max-image-preview":"max-image-preview:large","max-video-preview":"max-video-preview:-1"},"canonical":"https:\/\/mydailydose.eu\/et\/returns-and-refunds\/","og_locale":"et_EE","og_type":"article","og_title":"Ostust taganemine - #mydailydose","og_description":"ALLOLEV TEKST MOODUSTAB OSA MEIE TEENUSETINGIMUSTEST NING ON TOODUD SIIN ERALDI V\u00c4LJA TEIE JAOKS INFO LEIDMISE KIIRENDAMISEKS Taganemis\u00f5igus \u00a0 Paberraamatud P\u00e4rast tellimuse k\u00e4ttesaamist on ostjal \u00f5igus Veebipoes s\u00f5lmitud lepingust taganeda 14 p\u00e4eva jooksul. Taganemis\u00f5igus ei kohaldu, kui ostjaks on juriidiline isik. 14-p\u00e4evase tagastamis\u00f5iguse kasutamiseks ei tohi tellitud kaupa kasutada. Kui kaupa on kasutatud v\u00f5i sellel [&hellip;]","og_url":"https:\/\/mydailydose.eu\/et\/returns-and-refunds\/","og_site_name":"#mydailydose","article_modified_time":"2024-02-13T12:58:18+00:00","twitter_card":"summary_large_image","twitter_misc":{"Est. reading time":"2 minutit"},"schema":{"@context":"https:\/\/schema.org","@graph":[{"@type":"WebPage","@id":"https:\/\/mydailydose.eu\/et\/returns-and-refunds\/","url":"https:\/\/mydailydose.eu\/et\/returns-and-refunds\/","name":"Ostust taganemine - #mydailydose","isPartOf":{"@id":"https:\/\/www.mydailydose.eu\/#website"},"datePublished":"2024-02-12T21:24:24+00:00","dateModified":"2024-02-13T12:58:18+00:00","breadcrumb":{"@id":"https:\/\/mydailydose.eu\/et\/returns-and-refunds\/#breadcrumb"},"inLanguage":"et","potentialAction":[{"@type":"ReadAction","target":["https:\/\/mydailydose.eu\/et\/returns-and-refunds\/"]}]},{"@type":"BreadcrumbList","@id":"https:\/\/mydailydose.eu\/et\/returns-and-refunds\/#breadcrumb","itemListElement":[{"@type":"ListItem","position":1,"name":"Home","item":"https:\/\/www.mydailydose.eu\/et\/"},{"@type":"ListItem","position":2,"name":"Ostust taganemine"}]},{"@type":"WebSite","@id":"https:\/\/www.mydailydose.eu\/#website","url":"https:\/\/www.mydailydose.eu\/","name":"#mydailydose","description":"Unique Gifts to #findyourfab - Original Art and Designs by Inna Inanna","potentialAction":[{"@type":"SearchAction","target":{"@type":"EntryPoint","urlTemplate":"https:\/\/www.mydailydose.eu\/?s={search_term_string}"},"query-input":{"@type":"PropertyValueSpecification","valueRequired":true,"valueName":"search_term_string"}}],"inLanguage":"et"}]}},"_links":{"self":[{"href":"https:\/\/mydailydose.eu\/et\/wp-json\/wp\/v2\/pages\/7784","targetHints":{"allow":["GET"]}}],"collection":[{"href":"https:\/\/mydailydose.eu\/et\/wp-json\/wp\/v2\/pages"}],"about":[{"href":"https:\/\/mydailydose.eu\/et\/wp-json\/wp\/v2\/types\/page"}],"author":[{"embeddable":true,"href":"https:\/\/mydailydose.eu\/et\/wp-json\/wp\/v2\/users\/1"}],"replies":[{"embeddable":true,"href":"https:\/\/mydailydose.eu\/et\/wp-json\/wp\/v2\/comments?post=7784"}],"version-history":[{"count":4,"href":"https:\/\/mydailydose.eu\/et\/wp-json\/wp\/v2\/pages\/7784\/revisions"}],"predecessor-version":[{"id":7837,"href":"https:\/\/mydailydose.eu\/et\/wp-json\/wp\/v2\/pages\/7784\/revisions\/7837"}],"wp:attachment":[{"href":"https:\/\/mydailydose.eu\/et\/wp-json\/wp\/v2\/media?parent=7784"}],"curies":[{"name":"wp","href":"https:\/\/api.w.org\/{rel}","templated":true}]}}