{"id":3335,"date":"2021-07-15T17:13:28","date_gmt":"2021-07-15T23:29:49","guid":{"rendered":"https:\/\/mydailydose.eu\/product\/mydailydose-suur-kruus-pink4\/"},"modified":"2022-12-10T19:33:23","modified_gmt":"2022-12-10T17:33:23","slug":"mydailydose-suur-kruus-pink4","status":"publish","type":"product","link":"https:\/\/mydailydose.eu\/et\/toode\/mydailydose-suur-kruus-pink4\/","title":{"rendered":"#mydailydose SUUR KRUUS Pink4"},"content":{"rendered":"<p>Soovid #leidaomas\u00e4ra? See l\u00e4ikiv ja erksav\u00e4rviline tugev kruus on tulnud meelitama sind m\u00e4ngulisemasse meeleollu, et v\u00f5iksid tunda oma p\u00e4evast rohkem r\u00f5\u00f5mu. Tore kingitus iseendale v\u00f5i armsatele l\u00e4hedastele.<\/p>\n<p>\u2022 444 ml keraamiline kruus, m\u00f5\u00f5dud: k\u00f5rgus 12 cm, l\u00e4bim\u00f5\u00f5t 8.5 cm<br \/>\n\u2022 Pestav n\u00f5udepesumasinas ja kasutatav mikrolaineahjus<\/p>\n<p>See toode valmistatakse spetsiaalselt sinu jaoks kohe p\u00e4rast tellimuse esitamist. See on p\u00f5hjus, miks toote saatmine sulle pisut enam aega v\u00f5tab. Toodete valmistamine vastavalt n\u00f5udlusele ja mitte hulgi aitab v\u00e4hendada \u00fcletootmist. Ait\u00e4h, et oled tegemas l\u00e4bim\u00f5eldud ostuotsuseid!<\/p>\n","protected":false},"excerpt":{"rendered":"<p>Soovid #leidaomas\u00e4ra? See l\u00e4ikiv ja erksav\u00e4rviline tugev kruus on tulnud meelitama sind m\u00e4ngulisemasse meeleollu, et v\u00f5iksid tunda oma p\u00e4evast rohkem r\u00f5\u00f5mu. Tore kingitus iseendale v\u00f5i armsatele l\u00e4hedastele. \u2022 444 ml keraamiline kruus, m\u00f5\u00f5dud: k\u00f5rgus 12 cm, l\u00e4bim\u00f5\u00f5t 8.5 cm \u2022 Pestav n\u00f5udepesumasinas ja kasutatav mikrolaineahjus See toode valmistatakse spetsiaalselt sinu jaoks kohe p\u00e4rast tellimuse esitamist. &hellip;<\/p>\n<p class=\"read-more\"> <a class=\"\" href=\"https:\/\/mydailydose.eu\/et\/toode\/mydailydose-suur-kruus-pink4\/\"> <span class=\"screen-reader-text\">#mydailydose SUUR KRUUS Pink4<\/span> Read More &raquo;<\/a><\/p>\n","protected":false},"featured_media":3336,"comment_status":"open","ping_status":"closed","template":"","meta":{"site-sidebar-layout":"default","site-content-layout":"default","ast-site-content-layout":"","site-content-style":"default","site-sidebar-style":"default","ast-global-header-display":"","ast-banner-title-visibility":"","ast-main-header-display":"","ast-hfb-above-header-display":"","ast-hfb-below-header-display":"","ast-hfb-mobile-header-display":"","site-post-title":"","ast-breadcrumbs-content":"","ast-featured-img":"","footer-sml-layout":"","theme-transparent-header-meta":"default","adv-header-id-meta":"","stick-header-meta":"","header-above-stick-meta":"","header-main-stick-meta":"","header-below-stick-meta":"","astra-migrate-meta-layouts":"","ast-page-background-enabled":"default","ast-page-background-meta":{"desktop":{"background-color":"","background-image":"","background-repeat":"repeat","background-position":"center center","background-size":"auto","background-attachment":"scroll","background-type":"","background-media":"","overlay-type":"","overlay-color":"","overlay-gradient":""},"tablet":{"background-color":"","background-image":"","background-repeat":"repeat","background-position":"center center","background-size":"auto","background-attachment":"scroll","background-type":"","background-media":"","overlay-type":"","overlay-color":"","overlay-gradient":""},"mobile":{"background-color":"","background-image":"","background-repeat":"repeat","background-position":"center center","background-size":"auto","background-attachment":"scroll","background-type":"","background-media":"","overlay-type":"","overlay-color":"","overlay-gradient":""}},"ast-content-background-meta":{"desktop":{"background-color":"var(--ast-global-color-5)","background-image":"","background-repeat":"repeat","background-position":"center center","background-size":"auto","background-attachment":"scroll","background-type":"","background-media":"","overlay-type":"","overlay-color":"","overlay-gradient":""},"tablet":{"background-color":"var(--ast-global-color-5)","background-image":"","background-repeat":"repeat","background-position":"center center","background-size":"auto","background-attachment":"scroll","background-type":"","background-media":"","overlay-type":"","overlay-color":"","overlay-gradient":""},"mobile":{"background-color":"var(--ast-global-color-5)","background-image":"","background-repeat":"repeat","background-position":"center center","background-size":"auto","background-attachment":"scroll","background-type":"","background-media":"","overlay-type":"","overlay-color":"","overlay-gradient":""}}},"product_brand":[],"product_cat":[56],"product_tag":[124,130],"class_list":{"0":"post-3335","1":"product","2":"type-product","3":"status-publish","4":"has-post-thumbnail","6":"product_cat-kruusid","7":"product_tag-pink-et","8":"product_tag-pink4-et","9":"desktop-align-left","10":"tablet-align-left","11":"mobile-align-left","13":"first","14":"instock","15":"shipping-taxable","16":"purchasable","17":"product-type-simple"},"yoast_head":"<!-- This site is optimized with the Yoast SEO plugin v27.3 - https:\/\/yoast.com\/product\/yoast-seo-wordpress\/ -->\n<title>#mydailydose SUUR KRUUS Pink4 - #mydailydose<\/title>\n<meta name=\"robots\" content=\"index, follow, max-snippet:-1, max-image-preview:large, max-video-preview:-1\" \/>\n<link rel=\"canonical\" href=\"https:\/\/mydailydose.eu\/et\/toode\/mydailydose-suur-kruus-pink4\/\" \/>\n<meta property=\"og:locale\" content=\"et_EE\" \/>\n<meta property=\"og:type\" content=\"article\" \/>\n<meta property=\"og:title\" content=\"#mydailydose SUUR KRUUS Pink4 - #mydailydose\" \/>\n<meta property=\"og:description\" content=\"Soovid #leidaomas\u00e4ra? See l\u00e4ikiv ja erksav\u00e4rviline tugev kruus on tulnud meelitama sind m\u00e4ngulisemasse meeleollu, et v\u00f5iksid tunda oma p\u00e4evast rohkem r\u00f5\u00f5mu. Tore kingitus iseendale v\u00f5i armsatele l\u00e4hedastele. \u2022 444 ml keraamiline kruus, m\u00f5\u00f5dud: k\u00f5rgus 12 cm, l\u00e4bim\u00f5\u00f5t 8.5 cm \u2022 Pestav n\u00f5udepesumasinas ja kasutatav mikrolaineahjus See toode valmistatakse spetsiaalselt sinu jaoks kohe p\u00e4rast tellimuse esitamist. &hellip; #mydailydose SUUR KRUUS Pink4 Read More &raquo;\" \/>\n<meta property=\"og:url\" content=\"https:\/\/mydailydose.eu\/et\/toode\/mydailydose-suur-kruus-pink4\/\" \/>\n<meta property=\"og:site_name\" content=\"#mydailydose\" \/>\n<meta property=\"article:modified_time\" content=\"2022-12-10T17:33:23+00:00\" \/>\n<meta property=\"og:image\" content=\"https:\/\/mydailydose.eu\/wp-content\/uploads\/2021\/07\/white-glossy-mug-15oz-handle-on-right-60f0c4e990d6e.jpg\" \/>\n\t<meta property=\"og:image:width\" content=\"1000\" \/>\n\t<meta property=\"og:image:height\" content=\"1000\" \/>\n\t<meta property=\"og:image:type\" content=\"image\/jpeg\" \/>\n<meta name=\"twitter:card\" content=\"summary_large_image\" \/>\n<script type=\"application\/ld+json\" class=\"yoast-schema-graph\">{\"@context\":\"https:\\\/\\\/schema.org\",\"@graph\":[{\"@type\":\"WebPage\",\"@id\":\"https:\\\/\\\/mydailydose.eu\\\/et\\\/toode\\\/mydailydose-suur-kruus-pink4\\\/\",\"url\":\"https:\\\/\\\/mydailydose.eu\\\/et\\\/toode\\\/mydailydose-suur-kruus-pink4\\\/\",\"name\":\"#mydailydose SUUR KRUUS Pink4 - #mydailydose\",\"isPartOf\":{\"@id\":\"https:\\\/\\\/mydailydose.eu\\\/#website\"},\"primaryImageOfPage\":{\"@id\":\"https:\\\/\\\/mydailydose.eu\\\/et\\\/toode\\\/mydailydose-suur-kruus-pink4\\\/#primaryimage\"},\"image\":{\"@id\":\"https:\\\/\\\/mydailydose.eu\\\/et\\\/toode\\\/mydailydose-suur-kruus-pink4\\\/#primaryimage\"},\"thumbnailUrl\":\"https:\\\/\\\/mydailydose.eu\\\/wp-content\\\/uploads\\\/2021\\\/07\\\/white-glossy-mug-15oz-handle-on-right-60f0c4e990d6e.jpg\",\"datePublished\":\"2021-07-15T23:29:49+00:00\",\"dateModified\":\"2022-12-10T17:33:23+00:00\",\"breadcrumb\":{\"@id\":\"https:\\\/\\\/mydailydose.eu\\\/et\\\/toode\\\/mydailydose-suur-kruus-pink4\\\/#breadcrumb\"},\"inLanguage\":\"et\",\"potentialAction\":[{\"@type\":\"ReadAction\",\"target\":[\"https:\\\/\\\/mydailydose.eu\\\/et\\\/toode\\\/mydailydose-suur-kruus-pink4\\\/\"]}]},{\"@type\":\"ImageObject\",\"inLanguage\":\"et\",\"@id\":\"https:\\\/\\\/mydailydose.eu\\\/et\\\/toode\\\/mydailydose-suur-kruus-pink4\\\/#primaryimage\",\"url\":\"https:\\\/\\\/mydailydose.eu\\\/wp-content\\\/uploads\\\/2021\\\/07\\\/white-glossy-mug-15oz-handle-on-right-60f0c4e990d6e.jpg\",\"contentUrl\":\"https:\\\/\\\/mydailydose.eu\\\/wp-content\\\/uploads\\\/2021\\\/07\\\/white-glossy-mug-15oz-handle-on-right-60f0c4e990d6e.jpg\",\"width\":1000,\"height\":1000},{\"@type\":\"BreadcrumbList\",\"@id\":\"https:\\\/\\\/mydailydose.eu\\\/et\\\/toode\\\/mydailydose-suur-kruus-pink4\\\/#breadcrumb\",\"itemListElement\":[{\"@type\":\"ListItem\",\"position\":1,\"name\":\"Home\",\"item\":\"https:\\\/\\\/www.mydailydose.eu\\\/et\\\/\"},{\"@type\":\"ListItem\",\"position\":2,\"name\":\"Shop\",\"item\":\"https:\\\/\\\/mydailydose.eu\\\/shop\\\/\"},{\"@type\":\"ListItem\",\"position\":3,\"name\":\"#mydailydose SUUR KRUUS Pink4\"}]},{\"@type\":\"WebSite\",\"@id\":\"https:\\\/\\\/mydailydose.eu\\\/#website\",\"url\":\"https:\\\/\\\/mydailydose.eu\\\/\",\"name\":\"#mydailydose\",\"description\":\"Unique Gifts to #findyourfab - Original Art and Designs by Inna Inanna\",\"potentialAction\":[{\"@type\":\"SearchAction\",\"target\":{\"@type\":\"EntryPoint\",\"urlTemplate\":\"https:\\\/\\\/mydailydose.eu\\\/?s={search_term_string}\"},\"query-input\":{\"@type\":\"PropertyValueSpecification\",\"valueRequired\":true,\"valueName\":\"search_term_string\"}}],\"inLanguage\":\"et\"}]}<\/script>\n<!-- \/ Yoast SEO plugin. -->","yoast_head_json":{"title":"#mydailydose SUUR KRUUS Pink4 - #mydailydose","robots":{"index":"index","follow":"follow","max-snippet":"max-snippet:-1","max-image-preview":"max-image-preview:large","max-video-preview":"max-video-preview:-1"},"canonical":"https:\/\/mydailydose.eu\/et\/toode\/mydailydose-suur-kruus-pink4\/","og_locale":"et_EE","og_type":"article","og_title":"#mydailydose SUUR KRUUS Pink4 - #mydailydose","og_description":"Soovid #leidaomas\u00e4ra? See l\u00e4ikiv ja erksav\u00e4rviline tugev kruus on tulnud meelitama sind m\u00e4ngulisemasse meeleollu, et v\u00f5iksid tunda oma p\u00e4evast rohkem r\u00f5\u00f5mu. Tore kingitus iseendale v\u00f5i armsatele l\u00e4hedastele. \u2022 444 ml keraamiline kruus, m\u00f5\u00f5dud: k\u00f5rgus 12 cm, l\u00e4bim\u00f5\u00f5t 8.5 cm \u2022 Pestav n\u00f5udepesumasinas ja kasutatav mikrolaineahjus See toode valmistatakse spetsiaalselt sinu jaoks kohe p\u00e4rast tellimuse esitamist. &hellip; #mydailydose SUUR KRUUS Pink4 Read More &raquo;","og_url":"https:\/\/mydailydose.eu\/et\/toode\/mydailydose-suur-kruus-pink4\/","og_site_name":"#mydailydose","article_modified_time":"2022-12-10T17:33:23+00:00","og_image":[{"width":1000,"height":1000,"url":"https:\/\/mydailydose.eu\/wp-content\/uploads\/2021\/07\/white-glossy-mug-15oz-handle-on-right-60f0c4e990d6e.jpg","type":"image\/jpeg"}],"twitter_card":"summary_large_image","schema":{"@context":"https:\/\/schema.org","@graph":[{"@type":"WebPage","@id":"https:\/\/mydailydose.eu\/et\/toode\/mydailydose-suur-kruus-pink4\/","url":"https:\/\/mydailydose.eu\/et\/toode\/mydailydose-suur-kruus-pink4\/","name":"#mydailydose SUUR KRUUS Pink4 - #mydailydose","isPartOf":{"@id":"https:\/\/mydailydose.eu\/#website"},"primaryImageOfPage":{"@id":"https:\/\/mydailydose.eu\/et\/toode\/mydailydose-suur-kruus-pink4\/#primaryimage"},"image":{"@id":"https:\/\/mydailydose.eu\/et\/toode\/mydailydose-suur-kruus-pink4\/#primaryimage"},"thumbnailUrl":"https:\/\/mydailydose.eu\/wp-content\/uploads\/2021\/07\/white-glossy-mug-15oz-handle-on-right-60f0c4e990d6e.jpg","datePublished":"2021-07-15T23:29:49+00:00","dateModified":"2022-12-10T17:33:23+00:00","breadcrumb":{"@id":"https:\/\/mydailydose.eu\/et\/toode\/mydailydose-suur-kruus-pink4\/#breadcrumb"},"inLanguage":"et","potentialAction":[{"@type":"ReadAction","target":["https:\/\/mydailydose.eu\/et\/toode\/mydailydose-suur-kruus-pink4\/"]}]},{"@type":"ImageObject","inLanguage":"et","@id":"https:\/\/mydailydose.eu\/et\/toode\/mydailydose-suur-kruus-pink4\/#primaryimage","url":"https:\/\/mydailydose.eu\/wp-content\/uploads\/2021\/07\/white-glossy-mug-15oz-handle-on-right-60f0c4e990d6e.jpg","contentUrl":"https:\/\/mydailydose.eu\/wp-content\/uploads\/2021\/07\/white-glossy-mug-15oz-handle-on-right-60f0c4e990d6e.jpg","width":1000,"height":1000},{"@type":"BreadcrumbList","@id":"https:\/\/mydailydose.eu\/et\/toode\/mydailydose-suur-kruus-pink4\/#breadcrumb","itemListElement":[{"@type":"ListItem","position":1,"name":"Home","item":"https:\/\/www.mydailydose.eu\/et\/"},{"@type":"ListItem","position":2,"name":"Shop","item":"https:\/\/mydailydose.eu\/shop\/"},{"@type":"ListItem","position":3,"name":"#mydailydose SUUR KRUUS Pink4"}]},{"@type":"WebSite","@id":"https:\/\/mydailydose.eu\/#website","url":"https:\/\/mydailydose.eu\/","name":"#mydailydose","description":"Unique Gifts to #findyourfab - Original Art and Designs by Inna Inanna","potentialAction":[{"@type":"SearchAction","target":{"@type":"EntryPoint","urlTemplate":"https:\/\/mydailydose.eu\/?s={search_term_string}"},"query-input":{"@type":"PropertyValueSpecification","valueRequired":true,"valueName":"search_term_string"}}],"inLanguage":"et"}]}},"_links":{"self":[{"href":"https:\/\/mydailydose.eu\/et\/wp-json\/wp\/v2\/product\/3335","targetHints":{"allow":["GET"]}}],"collection":[{"href":"https:\/\/mydailydose.eu\/et\/wp-json\/wp\/v2\/product"}],"about":[{"href":"https:\/\/mydailydose.eu\/et\/wp-json\/wp\/v2\/types\/product"}],"replies":[{"embeddable":true,"href":"https:\/\/mydailydose.eu\/et\/wp-json\/wp\/v2\/comments?post=3335"}],"wp:featuredmedia":[{"embeddable":true,"href":"https:\/\/mydailydose.eu\/et\/wp-json\/wp\/v2\/media\/3336"}],"wp:attachment":[{"href":"https:\/\/mydailydose.eu\/et\/wp-json\/wp\/v2\/media?parent=3335"}],"wp:term":[{"taxonomy":"product_brand","embeddable":true,"href":"https:\/\/mydailydose.eu\/et\/wp-json\/wp\/v2\/product_brand?post=3335"},{"taxonomy":"product_cat","embeddable":true,"href":"https:\/\/mydailydose.eu\/et\/wp-json\/wp\/v2\/product_cat?post=3335"},{"taxonomy":"product_tag","embeddable":true,"href":"https:\/\/mydailydose.eu\/et\/wp-json\/wp\/v2\/product_tag?post=3335"}],"curies":[{"name":"wp","href":"https:\/\/api.w.org\/{rel}","templated":true}]}}