{"id":5822,"date":"2022-11-14T10:45:41","date_gmt":"2022-11-14T08:45:41","guid":{"rendered":"https:\/\/mydailydose.eu\/?post_type=product&#038;p=5822"},"modified":"2025-12-16T22:31:14","modified_gmt":"2025-12-16T20:31:14","slug":"mandalamaagia","status":"publish","type":"product","link":"https:\/\/mydailydose.eu\/et\/toode\/mandalamaagia\/","title":{"rendered":"#mydailydose MANDALAMAAGIA v\u00e4rvimisvihik"},"content":{"rendered":"<p>Autori enda kujundatud mandalatest koosnev kvaliteetne, lihne ja rahustav v\u00e4rvimisvihik sobib k\u00f5ikidele vanustele. Kerge viis lasta emotsioonidel vaibuda ning naasta oma keskmesse. V\u00f5i lihtsalt sukelduda m\u00e4ngulisusesse ja l\u00f5pututesse v\u00f5imalustesse.<\/p>\n<p>Luba kujutlusv\u00f5imel end kanda ja avane oma ainukordsusele. Mandalate v\u00e4rvimispinnad on suured ning v\u00f5imaldavad neid segmenteerides genereerida uusi mustreid ja piiramatut v\u00e4rvim\u00e4ngu.<\/p>\n<p>Mandalatesse sukeldumise eriline kogemus toob meid m\u00f5tete virrvarrist suuremasse rahusse ja selgusesse, luues ruumi, kus v\u00f5ime kogeda rahuolu iseenda ja maailmaga.<\/p>\n","protected":false},"excerpt":{"rendered":"<p>Autor: Inna Inanna<\/p>\n<p><strong><a href=\"https:\/\/mydailydose.eu\/wp-content\/uploads\/2022\/11\/b6c69c00-2800-4612-bcf1-ac5245b0e6d0.mp4\" target=\"_blank\" rel=\"noopener\">LAPPA MANDALARAAMATUT<\/a><\/strong><\/p>\n<p>Formaat: 240\u00d7240mm, 48 lk. Spiraalk\u00f6ide.<br \/>\nValdkond: loovus, eneseabi.<br \/>\nHind koos saatekuluga Eestis.<br \/>\nV\u00e4lismaale\/ hulgi tellimiseks palun\u00a0<a href=\"https:\/\/mydailydose.eu\/et\/kontakt\/\">kirjuta.<\/a><\/p>\n","protected":false},"featured_media":5878,"comment_status":"open","ping_status":"closed","template":"","meta":{"site-sidebar-layout":"default","site-content-layout":"default","ast-site-content-layout":"default","site-content-style":"default","site-sidebar-style":"default","ast-global-header-display":"","ast-banner-title-visibility":"","ast-main-header-display":"","ast-hfb-above-header-display":"","ast-hfb-below-header-display":"","ast-hfb-mobile-header-display":"","site-post-title":"","ast-breadcrumbs-content":"","ast-featured-img":"","footer-sml-layout":"","theme-transparent-header-meta":"default","adv-header-id-meta":"","stick-header-meta":"","header-above-stick-meta":"","header-main-stick-meta":"","header-below-stick-meta":"","astra-migrate-meta-layouts":"set","ast-page-background-enabled":"default","ast-page-background-meta":{"desktop":{"background-color":"","background-image":"","background-repeat":"repeat","background-position":"center center","background-size":"auto","background-attachment":"scroll","background-type":"","background-media":"","overlay-type":"","overlay-color":"","overlay-gradient":""},"tablet":{"background-color":"","background-image":"","background-repeat":"repeat","background-position":"center center","background-size":"auto","background-attachment":"scroll","background-type":"","background-media":"","overlay-type":"","overlay-color":"","overlay-gradient":""},"mobile":{"background-color":"","background-image":"","background-repeat":"repeat","background-position":"center center","background-size":"auto","background-attachment":"scroll","background-type":"","background-media":"","overlay-type":"","overlay-color":"","overlay-gradient":""}},"ast-content-background-meta":{"desktop":{"background-color":"var(--ast-global-color-5)","background-image":"","background-repeat":"repeat","background-position":"center center","background-size":"auto","background-attachment":"scroll","background-type":"","background-media":"","overlay-type":"","overlay-color":"","overlay-gradient":""},"tablet":{"background-color":"var(--ast-global-color-5)","background-image":"","background-repeat":"repeat","background-position":"center center","background-size":"auto","background-attachment":"scroll","background-type":"","background-media":"","overlay-type":"","overlay-color":"","overlay-gradient":""},"mobile":{"background-color":"var(--ast-global-color-5)","background-image":"","background-repeat":"repeat","background-position":"center center","background-size":"auto","background-attachment":"scroll","background-type":"","background-media":"","overlay-type":"","overlay-color":"","overlay-gradient":""}}},"product_brand":[],"product_cat":[174],"product_tag":[],"class_list":{"0":"post-5822","1":"product","2":"type-product","3":"status-publish","4":"has-post-thumbnail","6":"product_cat-raamatud","7":"desktop-align-left","8":"tablet-align-left","9":"mobile-align-left","11":"first","12":"instock","13":"shipping-taxable","14":"purchasable","15":"product-type-simple"},"yoast_head":"<!-- This site is optimized with the Yoast SEO plugin v27.3 - https:\/\/yoast.com\/product\/yoast-seo-wordpress\/ -->\n<title>#mydailydose MANDALAMAAGIA v\u00e4rvimisvihik - #mydailydose<\/title>\n<meta name=\"robots\" content=\"index, follow, max-snippet:-1, max-image-preview:large, max-video-preview:-1\" \/>\n<link rel=\"canonical\" href=\"https:\/\/mydailydose.eu\/et\/toode\/mandalamaagia\/\" \/>\n<meta property=\"og:locale\" content=\"et_EE\" \/>\n<meta property=\"og:type\" content=\"article\" \/>\n<meta property=\"og:title\" content=\"#mydailydose MANDALAMAAGIA v\u00e4rvimisvihik - #mydailydose\" \/>\n<meta property=\"og:description\" content=\"Autor: Inna Inanna  LAPPA MANDALARAAMATUT  Formaat: 240\u00d7240mm, 48 lk. Spiraalk\u00f6ide. Valdkond: loovus, eneseabi. Hind koos saatekuluga Eestis. V\u00e4lismaale\/ hulgi tellimiseks palun\u00a0kirjuta.\" \/>\n<meta property=\"og:url\" content=\"https:\/\/mydailydose.eu\/et\/toode\/mandalamaagia\/\" \/>\n<meta property=\"og:site_name\" content=\"#mydailydose\" \/>\n<meta property=\"article:modified_time\" content=\"2025-12-16T20:31:14+00:00\" \/>\n<meta property=\"og:image\" content=\"https:\/\/mydailydose.eu\/wp-content\/uploads\/2022\/11\/MM-ek.png\" \/>\n\t<meta property=\"og:image:width\" content=\"744\" \/>\n\t<meta property=\"og:image:height\" content=\"741\" \/>\n\t<meta property=\"og:image:type\" content=\"image\/png\" \/>\n<meta name=\"twitter:card\" content=\"summary_large_image\" \/>\n<script type=\"application\/ld+json\" class=\"yoast-schema-graph\">{\"@context\":\"https:\\\/\\\/schema.org\",\"@graph\":[{\"@type\":\"WebPage\",\"@id\":\"https:\\\/\\\/mydailydose.eu\\\/et\\\/toode\\\/mandalamaagia\\\/\",\"url\":\"https:\\\/\\\/mydailydose.eu\\\/et\\\/toode\\\/mandalamaagia\\\/\",\"name\":\"#mydailydose MANDALAMAAGIA v\u00e4rvimisvihik - #mydailydose\",\"isPartOf\":{\"@id\":\"https:\\\/\\\/mydailydose.eu\\\/#website\"},\"primaryImageOfPage\":{\"@id\":\"https:\\\/\\\/mydailydose.eu\\\/et\\\/toode\\\/mandalamaagia\\\/#primaryimage\"},\"image\":{\"@id\":\"https:\\\/\\\/mydailydose.eu\\\/et\\\/toode\\\/mandalamaagia\\\/#primaryimage\"},\"thumbnailUrl\":\"https:\\\/\\\/www.mydailydose.eu\\\/wp-content\\\/uploads\\\/2022\\\/11\\\/MM-ek.png\",\"datePublished\":\"2022-11-14T08:45:41+00:00\",\"dateModified\":\"2025-12-16T20:31:14+00:00\",\"breadcrumb\":{\"@id\":\"https:\\\/\\\/mydailydose.eu\\\/et\\\/toode\\\/mandalamaagia\\\/#breadcrumb\"},\"inLanguage\":\"et\",\"potentialAction\":[{\"@type\":\"ReadAction\",\"target\":[\"https:\\\/\\\/mydailydose.eu\\\/et\\\/toode\\\/mandalamaagia\\\/\"]}]},{\"@type\":\"ImageObject\",\"inLanguage\":\"et\",\"@id\":\"https:\\\/\\\/mydailydose.eu\\\/et\\\/toode\\\/mandalamaagia\\\/#primaryimage\",\"url\":\"https:\\\/\\\/www.mydailydose.eu\\\/wp-content\\\/uploads\\\/2022\\\/11\\\/MM-ek.png\",\"contentUrl\":\"https:\\\/\\\/www.mydailydose.eu\\\/wp-content\\\/uploads\\\/2022\\\/11\\\/MM-ek.png\",\"width\":744,\"height\":741},{\"@type\":\"BreadcrumbList\",\"@id\":\"https:\\\/\\\/mydailydose.eu\\\/et\\\/toode\\\/mandalamaagia\\\/#breadcrumb\",\"itemListElement\":[{\"@type\":\"ListItem\",\"position\":1,\"name\":\"Home\",\"item\":\"https:\\\/\\\/www.mydailydose.eu\\\/et\\\/\"},{\"@type\":\"ListItem\",\"position\":2,\"name\":\"Shop\",\"item\":\"https:\\\/\\\/mydailydose.eu\\\/shop\\\/\"},{\"@type\":\"ListItem\",\"position\":3,\"name\":\"#mydailydose MANDALAMAAGIA v\u00e4rvimisvihik\"}]},{\"@type\":\"WebSite\",\"@id\":\"https:\\\/\\\/mydailydose.eu\\\/#website\",\"url\":\"https:\\\/\\\/mydailydose.eu\\\/\",\"name\":\"#mydailydose\",\"description\":\"Unique Gifts to #findyourfab - Original Art and Designs by Inna Inanna\",\"potentialAction\":[{\"@type\":\"SearchAction\",\"target\":{\"@type\":\"EntryPoint\",\"urlTemplate\":\"https:\\\/\\\/mydailydose.eu\\\/?s={search_term_string}\"},\"query-input\":{\"@type\":\"PropertyValueSpecification\",\"valueRequired\":true,\"valueName\":\"search_term_string\"}}],\"inLanguage\":\"et\"}]}<\/script>\n<!-- \/ Yoast SEO plugin. -->","yoast_head_json":{"title":"#mydailydose MANDALAMAAGIA v\u00e4rvimisvihik - #mydailydose","robots":{"index":"index","follow":"follow","max-snippet":"max-snippet:-1","max-image-preview":"max-image-preview:large","max-video-preview":"max-video-preview:-1"},"canonical":"https:\/\/mydailydose.eu\/et\/toode\/mandalamaagia\/","og_locale":"et_EE","og_type":"article","og_title":"#mydailydose MANDALAMAAGIA v\u00e4rvimisvihik - #mydailydose","og_description":"Autor: Inna Inanna  LAPPA MANDALARAAMATUT  Formaat: 240\u00d7240mm, 48 lk. Spiraalk\u00f6ide. Valdkond: loovus, eneseabi. Hind koos saatekuluga Eestis. V\u00e4lismaale\/ hulgi tellimiseks palun\u00a0kirjuta.","og_url":"https:\/\/mydailydose.eu\/et\/toode\/mandalamaagia\/","og_site_name":"#mydailydose","article_modified_time":"2025-12-16T20:31:14+00:00","og_image":[{"width":744,"height":741,"url":"https:\/\/mydailydose.eu\/wp-content\/uploads\/2022\/11\/MM-ek.png","type":"image\/png"}],"twitter_card":"summary_large_image","schema":{"@context":"https:\/\/schema.org","@graph":[{"@type":"WebPage","@id":"https:\/\/mydailydose.eu\/et\/toode\/mandalamaagia\/","url":"https:\/\/mydailydose.eu\/et\/toode\/mandalamaagia\/","name":"#mydailydose MANDALAMAAGIA v\u00e4rvimisvihik - #mydailydose","isPartOf":{"@id":"https:\/\/mydailydose.eu\/#website"},"primaryImageOfPage":{"@id":"https:\/\/mydailydose.eu\/et\/toode\/mandalamaagia\/#primaryimage"},"image":{"@id":"https:\/\/mydailydose.eu\/et\/toode\/mandalamaagia\/#primaryimage"},"thumbnailUrl":"https:\/\/www.mydailydose.eu\/wp-content\/uploads\/2022\/11\/MM-ek.png","datePublished":"2022-11-14T08:45:41+00:00","dateModified":"2025-12-16T20:31:14+00:00","breadcrumb":{"@id":"https:\/\/mydailydose.eu\/et\/toode\/mandalamaagia\/#breadcrumb"},"inLanguage":"et","potentialAction":[{"@type":"ReadAction","target":["https:\/\/mydailydose.eu\/et\/toode\/mandalamaagia\/"]}]},{"@type":"ImageObject","inLanguage":"et","@id":"https:\/\/mydailydose.eu\/et\/toode\/mandalamaagia\/#primaryimage","url":"https:\/\/www.mydailydose.eu\/wp-content\/uploads\/2022\/11\/MM-ek.png","contentUrl":"https:\/\/www.mydailydose.eu\/wp-content\/uploads\/2022\/11\/MM-ek.png","width":744,"height":741},{"@type":"BreadcrumbList","@id":"https:\/\/mydailydose.eu\/et\/toode\/mandalamaagia\/#breadcrumb","itemListElement":[{"@type":"ListItem","position":1,"name":"Home","item":"https:\/\/www.mydailydose.eu\/et\/"},{"@type":"ListItem","position":2,"name":"Shop","item":"https:\/\/mydailydose.eu\/shop\/"},{"@type":"ListItem","position":3,"name":"#mydailydose MANDALAMAAGIA v\u00e4rvimisvihik"}]},{"@type":"WebSite","@id":"https:\/\/mydailydose.eu\/#website","url":"https:\/\/mydailydose.eu\/","name":"#mydailydose","description":"Unique Gifts to #findyourfab - Original Art and Designs by Inna Inanna","potentialAction":[{"@type":"SearchAction","target":{"@type":"EntryPoint","urlTemplate":"https:\/\/mydailydose.eu\/?s={search_term_string}"},"query-input":{"@type":"PropertyValueSpecification","valueRequired":true,"valueName":"search_term_string"}}],"inLanguage":"et"}]}},"_links":{"self":[{"href":"https:\/\/mydailydose.eu\/et\/wp-json\/wp\/v2\/product\/5822","targetHints":{"allow":["GET"]}}],"collection":[{"href":"https:\/\/mydailydose.eu\/et\/wp-json\/wp\/v2\/product"}],"about":[{"href":"https:\/\/mydailydose.eu\/et\/wp-json\/wp\/v2\/types\/product"}],"replies":[{"embeddable":true,"href":"https:\/\/mydailydose.eu\/et\/wp-json\/wp\/v2\/comments?post=5822"}],"wp:featuredmedia":[{"embeddable":true,"href":"https:\/\/mydailydose.eu\/et\/wp-json\/wp\/v2\/media\/5878"}],"wp:attachment":[{"href":"https:\/\/mydailydose.eu\/et\/wp-json\/wp\/v2\/media?parent=5822"}],"wp:term":[{"taxonomy":"product_brand","embeddable":true,"href":"https:\/\/mydailydose.eu\/et\/wp-json\/wp\/v2\/product_brand?post=5822"},{"taxonomy":"product_cat","embeddable":true,"href":"https:\/\/mydailydose.eu\/et\/wp-json\/wp\/v2\/product_cat?post=5822"},{"taxonomy":"product_tag","embeddable":true,"href":"https:\/\/mydailydose.eu\/et\/wp-json\/wp\/v2\/product_tag?post=5822"}],"curies":[{"name":"wp","href":"https:\/\/api.w.org\/{rel}","templated":true}]}}