{"id":5905,"date":"2022-11-14T17:06:22","date_gmt":"2022-11-14T15:06:22","guid":{"rendered":"https:\/\/mydailydose.eu\/?post_type=product&#038;p=5905"},"modified":"2025-12-17T15:09:38","modified_gmt":"2025-12-17T13:09:38","slug":"teadvusnihke-alkeemia-digi","status":"publish","type":"product","link":"https:\/\/mydailydose.eu\/et\/toode\/teadvusnihke-alkeemia-digi\/","title":{"rendered":"#mydailydose TEADVUSNIHKE ALKEEMIA digiraamat"},"content":{"rendered":"<p>Kas oled valmis heitma pilku elu universaalsetele toimeseadustele ja tunnistama omaks enda rolli? On vaid aja k\u00fcsimus, kui sellest saab elu k\u00fcsimus.<\/p>\n<p>L\u00fchike enesej\u00f5ustamise teejuht teadvusnihkes orienteerumiseks, iseenda positsioneerimiseks ja enesemeisterlikkuse suurendamiseks. Raamat on m\u00f5eldud toetama meid m\u00f5istmaks, kes oleme ja kuidas toimime, et v\u00f5iksime luua selgust meiega aset leidvas, kasvatada oma v\u00f5imet hoida rahu ka rahututes olukordades ning tunda iseendast ja elust rohkem r\u00f5\u00f5mu. Olla rohkem elus \u2013 just see on elus olemise peamine m\u00f5te!<\/p>\n<p>Raamat k\u00e4sitleb teadvusnihke erinevaid aspekte ning inimese kui teadvusolendi rolli selles. Selge arusaam sellest, kes oleme ja kuidas toimime, teeb n\u00e4htavaks tiivad, mis meil alati olemas on olnud.<\/p>\n<p>Lisatud raamatu sissejuhatus.<\/p>\n<p>SISUKORD<\/p>\n<p>Teadvusnihe kui protsess<\/p>\n<p>Inimene kui teadvusolend<\/p>\n<p>Teadvusnihe kui \u00fclest\u00f5usmine v\u00f5i Taeva Maa peale toomine<\/p>\n<p>Kas mina osalen ka teadvusnihkes?<\/p>\n<p>Inimlik teadvusnihke kogemus<\/p>\n<p>Kuidas oma protsessi kergendada?<\/p>\n<p>Minu toimimine teadvusolendina<\/p>\n<p>Kuidas j\u00e4\u00e4b maailma muutmisega?<\/p>\n","protected":false},"excerpt":{"rendered":"<p>Pdf formaadis digiraamat<br \/>\nTEADVUSNIHKE ALKEEMIA \u00dclest\u00f5usmisest inimkeeli ehk kuidas kergendada muutuse loomist<br \/>\nAutor: Inna Inanna<br \/>\nValdkond: teadvus, haridus, eneseabi. Ilmumisaasta 2019<br \/>\nSaadaval ka paberraamatuna.<\/p>\n","protected":false},"featured_media":5906,"comment_status":"open","ping_status":"closed","template":"","meta":{"site-sidebar-layout":"default","site-content-layout":"default","ast-site-content-layout":"default","site-content-style":"default","site-sidebar-style":"default","ast-global-header-display":"","ast-banner-title-visibility":"","ast-main-header-display":"","ast-hfb-above-header-display":"","ast-hfb-below-header-display":"","ast-hfb-mobile-header-display":"","site-post-title":"","ast-breadcrumbs-content":"","ast-featured-img":"","footer-sml-layout":"","theme-transparent-header-meta":"default","adv-header-id-meta":"","stick-header-meta":"","header-above-stick-meta":"","header-main-stick-meta":"","header-below-stick-meta":"","astra-migrate-meta-layouts":"set","ast-page-background-enabled":"default","ast-page-background-meta":{"desktop":{"background-color":"","background-image":"","background-repeat":"repeat","background-position":"center center","background-size":"auto","background-attachment":"scroll","background-type":"","background-media":"","overlay-type":"","overlay-color":"","overlay-gradient":""},"tablet":{"background-color":"","background-image":"","background-repeat":"repeat","background-position":"center center","background-size":"auto","background-attachment":"scroll","background-type":"","background-media":"","overlay-type":"","overlay-color":"","overlay-gradient":""},"mobile":{"background-color":"","background-image":"","background-repeat":"repeat","background-position":"center center","background-size":"auto","background-attachment":"scroll","background-type":"","background-media":"","overlay-type":"","overlay-color":"","overlay-gradient":""}},"ast-content-background-meta":{"desktop":{"background-color":"var(--ast-global-color-5)","background-image":"","background-repeat":"repeat","background-position":"center center","background-size":"auto","background-attachment":"scroll","background-type":"","background-media":"","overlay-type":"","overlay-color":"","overlay-gradient":""},"tablet":{"background-color":"var(--ast-global-color-5)","background-image":"","background-repeat":"repeat","background-position":"center center","background-size":"auto","background-attachment":"scroll","background-type":"","background-media":"","overlay-type":"","overlay-color":"","overlay-gradient":""},"mobile":{"background-color":"var(--ast-global-color-5)","background-image":"","background-repeat":"repeat","background-position":"center center","background-size":"auto","background-attachment":"scroll","background-type":"","background-media":"","overlay-type":"","overlay-color":"","overlay-gradient":""}}},"product_brand":[],"product_cat":[176,174],"product_tag":[],"class_list":{"0":"post-5905","1":"product","2":"type-product","3":"status-publish","4":"has-post-thumbnail","6":"product_cat-digitooted","7":"product_cat-raamatud","8":"desktop-align-left","9":"tablet-align-left","10":"mobile-align-left","12":"first","13":"instock","14":"downloadable","15":"virtual","16":"purchasable","17":"product-type-simple"},"yoast_head":"<!-- This site is optimized with the Yoast SEO plugin v27.3 - https:\/\/yoast.com\/product\/yoast-seo-wordpress\/ -->\n<title>#mydailydose TEADVUSNIHKE ALKEEMIA digiraamat - #mydailydose<\/title>\n<meta name=\"robots\" content=\"index, follow, max-snippet:-1, max-image-preview:large, max-video-preview:-1\" \/>\n<link rel=\"canonical\" href=\"https:\/\/mydailydose.eu\/et\/toode\/teadvusnihke-alkeemia-digi\/\" \/>\n<meta property=\"og:locale\" content=\"et_EE\" \/>\n<meta property=\"og:type\" content=\"article\" \/>\n<meta property=\"og:title\" content=\"#mydailydose TEADVUSNIHKE ALKEEMIA digiraamat - #mydailydose\" \/>\n<meta property=\"og:description\" content=\"Pdf formaadis digiraamat TEADVUSNIHKE ALKEEMIA \u00dclest\u00f5usmisest inimkeeli ehk kuidas kergendada muutuse loomist Autor: Inna Inanna Valdkond: teadvus, haridus, eneseabi. Ilmumisaasta 2019 Saadaval ka paberraamatuna.\" \/>\n<meta property=\"og:url\" content=\"https:\/\/mydailydose.eu\/et\/toode\/teadvusnihke-alkeemia-digi\/\" \/>\n<meta property=\"og:site_name\" content=\"#mydailydose\" \/>\n<meta property=\"article:modified_time\" content=\"2025-12-17T13:09:38+00:00\" \/>\n<meta property=\"og:image\" content=\"https:\/\/mydailydose.eu\/wp-content\/uploads\/2022\/11\/TA-digi.jpg\" \/>\n\t<meta property=\"og:image:width\" content=\"929\" \/>\n\t<meta property=\"og:image:height\" content=\"1024\" \/>\n\t<meta property=\"og:image:type\" content=\"image\/jpeg\" \/>\n<meta name=\"twitter:card\" content=\"summary_large_image\" \/>\n<meta name=\"twitter:label1\" content=\"Est. reading time\" \/>\n\t<meta name=\"twitter:data1\" content=\"1 minut\" \/>\n<script type=\"application\/ld+json\" class=\"yoast-schema-graph\">{\"@context\":\"https:\\\/\\\/schema.org\",\"@graph\":[{\"@type\":\"WebPage\",\"@id\":\"https:\\\/\\\/mydailydose.eu\\\/et\\\/toode\\\/teadvusnihke-alkeemia-digi\\\/\",\"url\":\"https:\\\/\\\/mydailydose.eu\\\/et\\\/toode\\\/teadvusnihke-alkeemia-digi\\\/\",\"name\":\"#mydailydose TEADVUSNIHKE ALKEEMIA digiraamat - #mydailydose\",\"isPartOf\":{\"@id\":\"https:\\\/\\\/mydailydose.eu\\\/#website\"},\"primaryImageOfPage\":{\"@id\":\"https:\\\/\\\/mydailydose.eu\\\/et\\\/toode\\\/teadvusnihke-alkeemia-digi\\\/#primaryimage\"},\"image\":{\"@id\":\"https:\\\/\\\/mydailydose.eu\\\/et\\\/toode\\\/teadvusnihke-alkeemia-digi\\\/#primaryimage\"},\"thumbnailUrl\":\"https:\\\/\\\/mydailydose.eu\\\/wp-content\\\/uploads\\\/2022\\\/11\\\/TA-digi.jpg\",\"datePublished\":\"2022-11-14T15:06:22+00:00\",\"dateModified\":\"2025-12-17T13:09:38+00:00\",\"breadcrumb\":{\"@id\":\"https:\\\/\\\/mydailydose.eu\\\/et\\\/toode\\\/teadvusnihke-alkeemia-digi\\\/#breadcrumb\"},\"inLanguage\":\"et\",\"potentialAction\":[{\"@type\":\"ReadAction\",\"target\":[\"https:\\\/\\\/mydailydose.eu\\\/et\\\/toode\\\/teadvusnihke-alkeemia-digi\\\/\"]}]},{\"@type\":\"ImageObject\",\"inLanguage\":\"et\",\"@id\":\"https:\\\/\\\/mydailydose.eu\\\/et\\\/toode\\\/teadvusnihke-alkeemia-digi\\\/#primaryimage\",\"url\":\"https:\\\/\\\/mydailydose.eu\\\/wp-content\\\/uploads\\\/2022\\\/11\\\/TA-digi.jpg\",\"contentUrl\":\"https:\\\/\\\/mydailydose.eu\\\/wp-content\\\/uploads\\\/2022\\\/11\\\/TA-digi.jpg\",\"width\":929,\"height\":1024,\"caption\":\"OLYMPUS DIGITAL CAMERA\"},{\"@type\":\"BreadcrumbList\",\"@id\":\"https:\\\/\\\/mydailydose.eu\\\/et\\\/toode\\\/teadvusnihke-alkeemia-digi\\\/#breadcrumb\",\"itemListElement\":[{\"@type\":\"ListItem\",\"position\":1,\"name\":\"Home\",\"item\":\"https:\\\/\\\/www.mydailydose.eu\\\/et\\\/\"},{\"@type\":\"ListItem\",\"position\":2,\"name\":\"Shop\",\"item\":\"https:\\\/\\\/mydailydose.eu\\\/shop\\\/\"},{\"@type\":\"ListItem\",\"position\":3,\"name\":\"#mydailydose TEADVUSNIHKE ALKEEMIA digiraamat\"}]},{\"@type\":\"WebSite\",\"@id\":\"https:\\\/\\\/mydailydose.eu\\\/#website\",\"url\":\"https:\\\/\\\/mydailydose.eu\\\/\",\"name\":\"#mydailydose\",\"description\":\"Unique Gifts to #findyourfab - Original Art and Designs by Inna Inanna\",\"potentialAction\":[{\"@type\":\"SearchAction\",\"target\":{\"@type\":\"EntryPoint\",\"urlTemplate\":\"https:\\\/\\\/mydailydose.eu\\\/?s={search_term_string}\"},\"query-input\":{\"@type\":\"PropertyValueSpecification\",\"valueRequired\":true,\"valueName\":\"search_term_string\"}}],\"inLanguage\":\"et\"}]}<\/script>\n<!-- \/ Yoast SEO plugin. -->","yoast_head_json":{"title":"#mydailydose TEADVUSNIHKE ALKEEMIA digiraamat - #mydailydose","robots":{"index":"index","follow":"follow","max-snippet":"max-snippet:-1","max-image-preview":"max-image-preview:large","max-video-preview":"max-video-preview:-1"},"canonical":"https:\/\/mydailydose.eu\/et\/toode\/teadvusnihke-alkeemia-digi\/","og_locale":"et_EE","og_type":"article","og_title":"#mydailydose TEADVUSNIHKE ALKEEMIA digiraamat - #mydailydose","og_description":"Pdf formaadis digiraamat TEADVUSNIHKE ALKEEMIA \u00dclest\u00f5usmisest inimkeeli ehk kuidas kergendada muutuse loomist Autor: Inna Inanna Valdkond: teadvus, haridus, eneseabi. Ilmumisaasta 2019 Saadaval ka paberraamatuna.","og_url":"https:\/\/mydailydose.eu\/et\/toode\/teadvusnihke-alkeemia-digi\/","og_site_name":"#mydailydose","article_modified_time":"2025-12-17T13:09:38+00:00","og_image":[{"width":929,"height":1024,"url":"https:\/\/mydailydose.eu\/wp-content\/uploads\/2022\/11\/TA-digi.jpg","type":"image\/jpeg"}],"twitter_card":"summary_large_image","twitter_misc":{"Est. reading time":"1 minut"},"schema":{"@context":"https:\/\/schema.org","@graph":[{"@type":"WebPage","@id":"https:\/\/mydailydose.eu\/et\/toode\/teadvusnihke-alkeemia-digi\/","url":"https:\/\/mydailydose.eu\/et\/toode\/teadvusnihke-alkeemia-digi\/","name":"#mydailydose TEADVUSNIHKE ALKEEMIA digiraamat - #mydailydose","isPartOf":{"@id":"https:\/\/mydailydose.eu\/#website"},"primaryImageOfPage":{"@id":"https:\/\/mydailydose.eu\/et\/toode\/teadvusnihke-alkeemia-digi\/#primaryimage"},"image":{"@id":"https:\/\/mydailydose.eu\/et\/toode\/teadvusnihke-alkeemia-digi\/#primaryimage"},"thumbnailUrl":"https:\/\/mydailydose.eu\/wp-content\/uploads\/2022\/11\/TA-digi.jpg","datePublished":"2022-11-14T15:06:22+00:00","dateModified":"2025-12-17T13:09:38+00:00","breadcrumb":{"@id":"https:\/\/mydailydose.eu\/et\/toode\/teadvusnihke-alkeemia-digi\/#breadcrumb"},"inLanguage":"et","potentialAction":[{"@type":"ReadAction","target":["https:\/\/mydailydose.eu\/et\/toode\/teadvusnihke-alkeemia-digi\/"]}]},{"@type":"ImageObject","inLanguage":"et","@id":"https:\/\/mydailydose.eu\/et\/toode\/teadvusnihke-alkeemia-digi\/#primaryimage","url":"https:\/\/mydailydose.eu\/wp-content\/uploads\/2022\/11\/TA-digi.jpg","contentUrl":"https:\/\/mydailydose.eu\/wp-content\/uploads\/2022\/11\/TA-digi.jpg","width":929,"height":1024,"caption":"OLYMPUS DIGITAL CAMERA"},{"@type":"BreadcrumbList","@id":"https:\/\/mydailydose.eu\/et\/toode\/teadvusnihke-alkeemia-digi\/#breadcrumb","itemListElement":[{"@type":"ListItem","position":1,"name":"Home","item":"https:\/\/www.mydailydose.eu\/et\/"},{"@type":"ListItem","position":2,"name":"Shop","item":"https:\/\/mydailydose.eu\/shop\/"},{"@type":"ListItem","position":3,"name":"#mydailydose TEADVUSNIHKE ALKEEMIA digiraamat"}]},{"@type":"WebSite","@id":"https:\/\/mydailydose.eu\/#website","url":"https:\/\/mydailydose.eu\/","name":"#mydailydose","description":"Unique Gifts to #findyourfab - Original Art and Designs by Inna Inanna","potentialAction":[{"@type":"SearchAction","target":{"@type":"EntryPoint","urlTemplate":"https:\/\/mydailydose.eu\/?s={search_term_string}"},"query-input":{"@type":"PropertyValueSpecification","valueRequired":true,"valueName":"search_term_string"}}],"inLanguage":"et"}]}},"_links":{"self":[{"href":"https:\/\/mydailydose.eu\/et\/wp-json\/wp\/v2\/product\/5905","targetHints":{"allow":["GET"]}}],"collection":[{"href":"https:\/\/mydailydose.eu\/et\/wp-json\/wp\/v2\/product"}],"about":[{"href":"https:\/\/mydailydose.eu\/et\/wp-json\/wp\/v2\/types\/product"}],"replies":[{"embeddable":true,"href":"https:\/\/mydailydose.eu\/et\/wp-json\/wp\/v2\/comments?post=5905"}],"wp:featuredmedia":[{"embeddable":true,"href":"https:\/\/mydailydose.eu\/et\/wp-json\/wp\/v2\/media\/5906"}],"wp:attachment":[{"href":"https:\/\/mydailydose.eu\/et\/wp-json\/wp\/v2\/media?parent=5905"}],"wp:term":[{"taxonomy":"product_brand","embeddable":true,"href":"https:\/\/mydailydose.eu\/et\/wp-json\/wp\/v2\/product_brand?post=5905"},{"taxonomy":"product_cat","embeddable":true,"href":"https:\/\/mydailydose.eu\/et\/wp-json\/wp\/v2\/product_cat?post=5905"},{"taxonomy":"product_tag","embeddable":true,"href":"https:\/\/mydailydose.eu\/et\/wp-json\/wp\/v2\/product_tag?post=5905"}],"curies":[{"name":"wp","href":"https:\/\/api.w.org\/{rel}","templated":true}]}}