{"id":5924,"date":"2022-11-16T22:09:49","date_gmt":"2022-11-16T20:09:49","guid":{"rendered":"https:\/\/mydailydose.eu\/?post_type=product&#038;p=5924"},"modified":"2024-05-24T16:03:12","modified_gmt":"2024-05-24T13:03:12","slug":"loovusrannak-avanemine-uuele","status":"publish","type":"product","link":"https:\/\/mydailydose.eu\/et\/toode\/loovusrannak-avanemine-uuele\/","title":{"rendered":"MITTEAKTIIVNE!! P\u00dcHAP\u00c4EVAHOMMIKUNE LOOVUSR\u00c4NNAK INNA INANNAGA: AVANEMINE UUELE"},"content":{"rendered":"<h2>REGISTREERUMINE<\/h2>\n<h6><\/h6>\n<h6><span style=\"font-family: Liberation Sans, sans-serif;\"><span style=\"font-size: large;\"><strong>Kohtade arv on piiratud, registreerumine vajalik. K\u00f5ik korraldust puudutav info tuleb j\u00e4rgnevalt meilile. <\/strong><\/span><\/span><\/h6>\n<h6><\/h6>\n<h6><span style=\"font-family: Liberation Sans, sans-serif;\"><span style=\"font-size: large;\"><strong>REGISTREERUMISE PROTSESS<\/strong><\/span><\/span><\/h6>\n<h6><span style=\"font-family: Liberation Sans, sans-serif;\"><span style=\"font-size: large;\"><strong>1. osaluse ostmine loovusklassi veebilehelt <\/strong><\/span><\/span><\/h6>\n<h6><span style=\"font-family: Liberation Sans, sans-serif;\"><span style=\"font-size: large;\"><strong>2. s\u00fcndmuse aja broneerimine &#8211; tellimuse kinnitusmeilis on link kalendris aja valimise kohta.<\/strong><\/span><\/span><\/h6>\n<h6><\/h6>\n<h6><span style=\"font-family: Liberation Sans, sans-serif;\"><span style=\"font-size: large;\"><strong>Veebis registreerumine l\u00f5ppeb 72h enne s\u00fcndmuse toimumise aega. P\u00e4rast seda on vabade kohtade olemasolul ja korraldajaga kokkuleppel v\u00f5imalik registreeruda ka kohapeal.\u00a0 Kohapeal on tasumine ainult sularahas. <\/strong><\/span><\/span><\/h6>\n<h6><\/h6>\n<h6><span style=\"font-family: Liberation Sans, sans-serif;\"><span style=\"font-size: large;\"><strong>KLIENDI REGISTREERUMISE T\u00dcHISTAMINE<\/strong><\/span><\/span><\/h6>\n<h6><span style=\"font-family: Liberation Sans, sans-serif;\"><span style=\"font-size: large;\"><strong>Kliendil on v\u00f5imalik oma registreerumine t\u00fchistada ja oma osalustasu tagasi saada, kuni 3 p\u00e4eva enne s\u00fcndmuse toimumise aega. <\/strong><\/span><\/span><\/h6>\n<h6><\/h6>\n<h6><span style=\"font-family: Liberation Sans, sans-serif;\"><span style=\"font-size: large;\"><strong>S\u00dcNDMUSE \u00c4RAJ\u00c4TMINE <\/strong><\/span><\/span><\/h6>\n<h6><span style=\"font-family: Liberation Sans, sans-serif;\"><span style=\"font-size: large;\"><strong>Korraldajal on \u00f5igus s\u00fcndmus etten\u00e4gematutel asjaoludel v\u00f5i ebapiisava t\u00e4itumise korral \u00e4ra j\u00e4tta. Osalustasu tagastatakse mitte hiljem kui 3 t\u00f6\u00f6p\u00e4eva jooksul.<\/strong><\/span><\/span><i><\/i><\/h6>\n<p>&nbsp;<\/p>\n<h3>AEG JA KOHT<\/h3>\n<h6><\/h6>\n<h6><span style=\"font-family: Liberation Sans, sans-serif;\"><span style=\"font-size: large;\"><strong>KELLAAEG:<\/strong><\/span><\/span><span style=\"font-family: Liberation Sans, sans-serif;\"><span style=\"font-size: large;\">Algus 10.15, kohal olla 10-15 min. varem. Orienteeruv kestus 2h. <\/span><\/span><\/h6>\n<h6><\/h6>\n<h6><span style=\"font-family: Liberation Sans, sans-serif;\"><span style=\"font-size: large;\"><strong>KOHT: R\u00e4vala Reval Cafe, R\u00e4vala pst 3, II korrus, Tallinn <\/strong> <\/span><\/span><\/h6>\n<h6><\/h6>\n<h3><\/h3>\n<h3>HINNAS SISALDUV<\/h3>\n<h6><\/h6>\n<h6><span style=\"font-family: Liberation Sans, sans-serif;\"><span style=\"font-size: large;\"><strong>Osalustasu 66 eurot inimene. Haara s\u00f5ber kaasa &#8211; erihind kahele kokku 110 eurot Registreerumine kahele\u00a0<a href=\"https:\/\/mydailydose.eu\/et\/toode\/puhapaevahommikune-loovusrannak-kahele\/\">SIIN<\/a><\/strong><\/span><\/span><\/h6>\n<h6><span style=\"font-family: Liberation Sans, sans-serif;\"><span style=\"font-size: large;\"><strong>Hind sisaldab juhendamist, l\u00f5uendit, akr\u00fc\u00fclv\u00e4rve, \u00f5lipastelle, pintslite ja muude vajalike kunstitarvete kasutamise v\u00f5imalust. <\/strong><\/span><\/span><span style=\"font-family: Liberation Sans, sans-serif;\"><span style=\"font-size: large;\">Osaleja saab loodud taiese endaga kaasa.\u00a0<\/span><\/span><span style=\"font-family: Liberation Sans, sans-serif;\"><span style=\"font-size: large;\">Hinnas sisaldub kannuvesi ja kohviku vaut\u0161er v\u00e4\u00e4rtuses 6\u20ac. Viimane on v\u00f5imalik lunastada kas klassi eel v\u00f5i j\u00e4rel.\u00a0<\/span><\/span><\/h6>\n<h5><\/h5>\n<h6><\/h6>\n<h3><\/h3>\n<h3>KELLELE JA MIDA PAKUB<\/h3>\n<h6><\/h6>\n<h6><span style=\"font-family: Liberation Sans, sans-serif;\"><span style=\"font-size: large;\"><strong>VANUSER\u00dcHM: 15+ kuni ealise \u00fclempiirita <\/strong> <\/span><\/span><\/h6>\n<h6><\/h6>\n<h6><span style=\"font-family: Liberation Sans, sans-serif;\"><span style=\"font-size: large;\"> <strong> OSALEJA SAAB\/\u00d5PIB:<\/strong> <\/span><\/span><\/h6>\n<h6><span style=\"font-family: Liberation Sans, sans-serif;\"><span style=\"font-size: large;\"><strong> &#8211; saab eheda kogemuse oma loovusest ja kunsti loomise protsessist <\/strong><\/span><\/span><\/h6>\n<h6><span style=\"font-family: Liberation Sans, sans-serif;\"><span style=\"font-size: large;\"> <strong> &#8211; \u00f5pib m\u00e4rkama loomeprotsessis oma seisundit <\/strong> <\/span><\/span><\/h6>\n<h5><\/h5>\n<h3><\/h3>\n<h3>MIS KAASA V\u00d5TTA<\/h3>\n<h5><\/h5>\n<h6><span style=\"font-family: Liberation Sans, sans-serif;\"><span style=\"font-size: large;\"> <strong> 1. V\u00f5ta kaasa hea tuju ja avatud meel.<\/strong> <\/span><\/span><\/h6>\n<h6><span style=\"font-family: Liberation Sans, sans-serif;\"><span style=\"font-size: large;\"> <strong> 2. V\u00f5ta kaasa suurem p\u00f5ll, topp v\u00f5i triiks\u00e4rk RIIETE KAITSEKS &#8211; akr\u00fc\u00fclv\u00e4rv pole kuivanult riietelt eemaldatav. <\/strong> <\/span><\/span><\/h6>\n<p>&nbsp;<\/p>\n<h3>S\u00dcNDMUSE SISU<\/h3>\n<h6><\/h6>\n<h6><span style=\"font-family: Liberation Sans, sans-serif;\"><span style=\"font-size: large;\">Tule veeda p\u00fchap\u00e4evahommik loomingu ja v\u00e4rvide lainel. Haagi end paariks tunniks lahti juba olemasolevast ja luba oma loovusel n\u00e4idata sulle midagi uut. Tule tutvu endas peituvate p\u00f5nevate v\u00f5imalustega ja lase endal end \u00fcllatada.<\/span><\/span><\/h6>\n<h6><span style=\"font-family: Liberation Sans, sans-serif;\"><span style=\"font-size: large;\">Pole paremat viisi oma s\u00e4ra leidmiseks ja vaatenurkade v\u00e4rskendamiseks, kui astuda rutiinist v\u00e4lja, panna end uude p\u00f5nevasse olukorda, kaaslasteks loovus ja m\u00e4ngulisus.<\/span><\/span><\/h6>\n<h6 lang=\"et-EE\"><span style=\"font-family: Liberation Sans, sans-serif;\"><span style=\"font-size: large;\">Just seda kutsungi sind tegema. <\/span><\/span><\/h6>\n<h6><span style=\"font-family: Liberation Sans, sans-serif;\"><span style=\"font-size: large;\"><span lang=\"et-EE\">Nii on kindel plaan k\u00f5igepealt<\/span>\u00a0oma loovus valla <span lang=\"et-EE\">p\u00e4\u00e4sta. Et oleks, kuhu sukelduda ja millel end kanda lasta<\/span>. Loomeprotsessis saab tekitatud\u00a0<span lang=\"et-EE\">akr\u00fc\u00fclv\u00e4rvi ja pastelli segatehnikas kordumatu abstraktne taies. K\u00f5ige selle ajal on lubatud tunda ohtralt loomisr\u00f5\u00f5mu, pannes samas t\u00e4hele<\/span>, mida loovuse vool sinus \u00fcles t\u00f5stab <span lang=\"et-EE\">ja kuidas m\u00f5jutab<\/span>.<\/span><\/span><\/h6>\n<h6><strong><span style=\"font-family: Liberation Sans, sans-serif;\"><span style=\"font-size: large;\">EELNEV KUNSTI LOOMISE KOGEMUS POLE TARVILIK!<\/span><\/span><\/strong><\/h6>\n<h6><span style=\"font-family: Liberation Sans, sans-serif;\"><span style=\"font-size: large;\">Olen kunstnik, loovuse ja oma energia juhtimise treener. Eelk\u00f5ige aga looja ja oma loova voolu \u00f5pilane. Kutsun sind loovusklassi et v\u00f5iksid kogeda iseend loomisprotsessis, avardada oma piire ja avaneda uuele. Jagan nippe ja v\u00f5tteid protsessi k\u00e4ivitamiseks ja kitsaskohtadest l\u00e4bi minemiseks. Nii harjutame koos loovseisundit, et see siis igap\u00e4evaellu kaasa v\u00f5tta.<\/span><\/span><\/h6>\n<h6><\/h6>\n<h6 lang=\"et-EE\"><\/h6>\n","protected":false},"excerpt":{"rendered":"<h6>KOHTADE ARV PIIRATUD, REGISTREERIMINE VAJALIK<\/h6>\n<h6><\/h6>\n<h6>Vabad kohad &#8211; S\u00dcNDMUS POLE HETKEL AKTIIVNE &#8211;\u00a0 huvi korral <a href=\"https:\/\/mydailydose.eu\/et\/kontakt\">v\u00f5ta kontakti<\/a><\/h6>\n<h6>Soodushind kahele kasutatav\u00a0<a href=\"https:\/\/mydailydose.eu\/et\/toode\/puhapaevahommikune-loovusrannak-kahele\/\">SIIN<\/a><\/h6>\n<p>Grupi- ja eritellimused koosk\u00f5lastada <a href=\"https:\/\/mydailydose.eu\/et\/kontakt\/\">kirjalikult. <\/a><\/p>\n<p>T\u00e4psem info allolevas kirjelduses.<\/p>\n","protected":false},"featured_media":6828,"comment_status":"open","ping_status":"closed","template":"","meta":{"site-sidebar-layout":"default","site-content-layout":"default","ast-site-content-layout":"default","site-content-style":"default","site-sidebar-style":"default","ast-global-header-display":"","ast-banner-title-visibility":"","ast-main-header-display":"","ast-hfb-above-header-display":"","ast-hfb-below-header-display":"","ast-hfb-mobile-header-display":"","site-post-title":"","ast-breadcrumbs-content":"","ast-featured-img":"","footer-sml-layout":"","theme-transparent-header-meta":"default","adv-header-id-meta":"","stick-header-meta":"","header-above-stick-meta":"","header-main-stick-meta":"","header-below-stick-meta":"","astra-migrate-meta-layouts":"set","ast-page-background-enabled":"default","ast-page-background-meta":{"desktop":{"background-color":"","background-image":"","background-repeat":"repeat","background-position":"center center","background-size":"auto","background-attachment":"scroll","background-type":"","background-media":"","overlay-type":"","overlay-color":"","overlay-gradient":""},"tablet":{"background-color":"","background-image":"","background-repeat":"repeat","background-position":"center center","background-size":"auto","background-attachment":"scroll","background-type":"","background-media":"","overlay-type":"","overlay-color":"","overlay-gradient":""},"mobile":{"background-color":"","background-image":"","background-repeat":"repeat","background-position":"center center","background-size":"auto","background-attachment":"scroll","background-type":"","background-media":"","overlay-type":"","overlay-color":"","overlay-gradient":""}},"ast-content-background-meta":{"desktop":{"background-color":"var(--ast-global-color-5)","background-image":"","background-repeat":"repeat","background-position":"center center","background-size":"auto","background-attachment":"scroll","background-type":"","background-media":"","overlay-type":"","overlay-color":"","overlay-gradient":""},"tablet":{"background-color":"var(--ast-global-color-5)","background-image":"","background-repeat":"repeat","background-position":"center center","background-size":"auto","background-attachment":"scroll","background-type":"","background-media":"","overlay-type":"","overlay-color":"","overlay-gradient":""},"mobile":{"background-color":"var(--ast-global-color-5)","background-image":"","background-repeat":"repeat","background-position":"center center","background-size":"auto","background-attachment":"scroll","background-type":"","background-media":"","overlay-type":"","overlay-color":"","overlay-gradient":""}}},"product_brand":[],"product_cat":[175],"product_tag":[180],"class_list":{"0":"post-5924","1":"product","2":"type-product","3":"status-publish","4":"has-post-thumbnail","6":"product_cat-sundmused","7":"product_tag-naost-nakku","8":"desktop-align-left","9":"tablet-align-left","10":"mobile-align-left","12":"first","13":"instock","14":"virtual","15":"purchasable","16":"product-type-simple"},"yoast_head":"<!-- This site is optimized with the Yoast SEO plugin v27.3 - https:\/\/yoast.com\/product\/yoast-seo-wordpress\/ -->\n<title>MITTEAKTIIVNE!! P\u00dcHAP\u00c4EVAHOMMIKUNE LOOVUSR\u00c4NNAK INNA INANNAGA: AVANEMINE UUELE - #mydailydose<\/title>\n<meta name=\"robots\" content=\"index, follow, max-snippet:-1, max-image-preview:large, max-video-preview:-1\" \/>\n<link rel=\"canonical\" href=\"https:\/\/mydailydose.eu\/et\/toode\/loovusrannak-avanemine-uuele\/\" \/>\n<meta property=\"og:locale\" content=\"et_EE\" \/>\n<meta property=\"og:type\" content=\"article\" \/>\n<meta property=\"og:title\" content=\"MITTEAKTIIVNE!! P\u00dcHAP\u00c4EVAHOMMIKUNE LOOVUSR\u00c4NNAK INNA INANNAGA: AVANEMINE UUELE - #mydailydose\" \/>\n<meta property=\"og:description\" content=\"KOHTADE ARV PIIRATUD, REGISTREERIMINE VAJALIK  Vabad kohad - S\u00dcNDMUS POLE HETKEL AKTIIVNE -\u00a0 huvi korral v\u00f5ta kontakti Soodushind kahele kasutatav\u00a0SIIN Grupi- ja eritellimused koosk\u00f5lastada kirjalikult.   T\u00e4psem info allolevas kirjelduses.\" \/>\n<meta property=\"og:url\" content=\"https:\/\/mydailydose.eu\/et\/toode\/loovusrannak-avanemine-uuele\/\" \/>\n<meta property=\"og:site_name\" content=\"#mydailydose\" \/>\n<meta property=\"article:modified_time\" content=\"2024-05-24T13:03:12+00:00\" \/>\n<meta property=\"og:image\" content=\"https:\/\/mydailydose.eu\/wp-content\/uploads\/2022\/12\/ruut.jpg\" \/>\n\t<meta property=\"og:image:width\" content=\"1352\" \/>\n\t<meta property=\"og:image:height\" content=\"1239\" \/>\n\t<meta property=\"og:image:type\" content=\"image\/jpeg\" \/>\n<meta name=\"twitter:card\" content=\"summary_large_image\" \/>\n<meta name=\"twitter:label1\" content=\"Est. reading time\" \/>\n\t<meta name=\"twitter:data1\" content=\"2 minutit\" \/>\n<script type=\"application\/ld+json\" class=\"yoast-schema-graph\">{\"@context\":\"https:\\\/\\\/schema.org\",\"@graph\":[{\"@type\":\"WebPage\",\"@id\":\"https:\\\/\\\/mydailydose.eu\\\/et\\\/toode\\\/loovusrannak-avanemine-uuele\\\/\",\"url\":\"https:\\\/\\\/mydailydose.eu\\\/et\\\/toode\\\/loovusrannak-avanemine-uuele\\\/\",\"name\":\"MITTEAKTIIVNE!! P\u00dcHAP\u00c4EVAHOMMIKUNE LOOVUSR\u00c4NNAK INNA INANNAGA: AVANEMINE UUELE - #mydailydose\",\"isPartOf\":{\"@id\":\"https:\\\/\\\/mydailydose.eu\\\/#website\"},\"primaryImageOfPage\":{\"@id\":\"https:\\\/\\\/mydailydose.eu\\\/et\\\/toode\\\/loovusrannak-avanemine-uuele\\\/#primaryimage\"},\"image\":{\"@id\":\"https:\\\/\\\/mydailydose.eu\\\/et\\\/toode\\\/loovusrannak-avanemine-uuele\\\/#primaryimage\"},\"thumbnailUrl\":\"https:\\\/\\\/mydailydose.eu\\\/wp-content\\\/uploads\\\/2022\\\/12\\\/ruut.jpg\",\"datePublished\":\"2022-11-16T20:09:49+00:00\",\"dateModified\":\"2024-05-24T13:03:12+00:00\",\"breadcrumb\":{\"@id\":\"https:\\\/\\\/mydailydose.eu\\\/et\\\/toode\\\/loovusrannak-avanemine-uuele\\\/#breadcrumb\"},\"inLanguage\":\"et\",\"potentialAction\":[{\"@type\":\"ReadAction\",\"target\":[\"https:\\\/\\\/mydailydose.eu\\\/et\\\/toode\\\/loovusrannak-avanemine-uuele\\\/\"]}]},{\"@type\":\"ImageObject\",\"inLanguage\":\"et\",\"@id\":\"https:\\\/\\\/mydailydose.eu\\\/et\\\/toode\\\/loovusrannak-avanemine-uuele\\\/#primaryimage\",\"url\":\"https:\\\/\\\/mydailydose.eu\\\/wp-content\\\/uploads\\\/2022\\\/12\\\/ruut.jpg\",\"contentUrl\":\"https:\\\/\\\/mydailydose.eu\\\/wp-content\\\/uploads\\\/2022\\\/12\\\/ruut.jpg\",\"width\":1352,\"height\":1239},{\"@type\":\"BreadcrumbList\",\"@id\":\"https:\\\/\\\/mydailydose.eu\\\/et\\\/toode\\\/loovusrannak-avanemine-uuele\\\/#breadcrumb\",\"itemListElement\":[{\"@type\":\"ListItem\",\"position\":1,\"name\":\"Home\",\"item\":\"https:\\\/\\\/www.mydailydose.eu\\\/et\\\/\"},{\"@type\":\"ListItem\",\"position\":2,\"name\":\"Shop\",\"item\":\"https:\\\/\\\/mydailydose.eu\\\/shop\\\/\"},{\"@type\":\"ListItem\",\"position\":3,\"name\":\"MITTEAKTIIVNE!! P\u00dcHAP\u00c4EVAHOMMIKUNE LOOVUSR\u00c4NNAK INNA INANNAGA: AVANEMINE UUELE\"}]},{\"@type\":\"WebSite\",\"@id\":\"https:\\\/\\\/mydailydose.eu\\\/#website\",\"url\":\"https:\\\/\\\/mydailydose.eu\\\/\",\"name\":\"#mydailydose\",\"description\":\"Unique Gifts to #findyourfab - Original Art and Designs by Inna Inanna\",\"potentialAction\":[{\"@type\":\"SearchAction\",\"target\":{\"@type\":\"EntryPoint\",\"urlTemplate\":\"https:\\\/\\\/mydailydose.eu\\\/?s={search_term_string}\"},\"query-input\":{\"@type\":\"PropertyValueSpecification\",\"valueRequired\":true,\"valueName\":\"search_term_string\"}}],\"inLanguage\":\"et\"}]}<\/script>\n<!-- \/ Yoast SEO plugin. -->","yoast_head_json":{"title":"MITTEAKTIIVNE!! P\u00dcHAP\u00c4EVAHOMMIKUNE LOOVUSR\u00c4NNAK INNA INANNAGA: AVANEMINE UUELE - #mydailydose","robots":{"index":"index","follow":"follow","max-snippet":"max-snippet:-1","max-image-preview":"max-image-preview:large","max-video-preview":"max-video-preview:-1"},"canonical":"https:\/\/mydailydose.eu\/et\/toode\/loovusrannak-avanemine-uuele\/","og_locale":"et_EE","og_type":"article","og_title":"MITTEAKTIIVNE!! P\u00dcHAP\u00c4EVAHOMMIKUNE LOOVUSR\u00c4NNAK INNA INANNAGA: AVANEMINE UUELE - #mydailydose","og_description":"KOHTADE ARV PIIRATUD, REGISTREERIMINE VAJALIK  Vabad kohad - S\u00dcNDMUS POLE HETKEL AKTIIVNE -\u00a0 huvi korral v\u00f5ta kontakti Soodushind kahele kasutatav\u00a0SIIN Grupi- ja eritellimused koosk\u00f5lastada kirjalikult.   T\u00e4psem info allolevas kirjelduses.","og_url":"https:\/\/mydailydose.eu\/et\/toode\/loovusrannak-avanemine-uuele\/","og_site_name":"#mydailydose","article_modified_time":"2024-05-24T13:03:12+00:00","og_image":[{"width":1352,"height":1239,"url":"https:\/\/mydailydose.eu\/wp-content\/uploads\/2022\/12\/ruut.jpg","type":"image\/jpeg"}],"twitter_card":"summary_large_image","twitter_misc":{"Est. reading time":"2 minutit"},"schema":{"@context":"https:\/\/schema.org","@graph":[{"@type":"WebPage","@id":"https:\/\/mydailydose.eu\/et\/toode\/loovusrannak-avanemine-uuele\/","url":"https:\/\/mydailydose.eu\/et\/toode\/loovusrannak-avanemine-uuele\/","name":"MITTEAKTIIVNE!! P\u00dcHAP\u00c4EVAHOMMIKUNE LOOVUSR\u00c4NNAK INNA INANNAGA: AVANEMINE UUELE - #mydailydose","isPartOf":{"@id":"https:\/\/mydailydose.eu\/#website"},"primaryImageOfPage":{"@id":"https:\/\/mydailydose.eu\/et\/toode\/loovusrannak-avanemine-uuele\/#primaryimage"},"image":{"@id":"https:\/\/mydailydose.eu\/et\/toode\/loovusrannak-avanemine-uuele\/#primaryimage"},"thumbnailUrl":"https:\/\/mydailydose.eu\/wp-content\/uploads\/2022\/12\/ruut.jpg","datePublished":"2022-11-16T20:09:49+00:00","dateModified":"2024-05-24T13:03:12+00:00","breadcrumb":{"@id":"https:\/\/mydailydose.eu\/et\/toode\/loovusrannak-avanemine-uuele\/#breadcrumb"},"inLanguage":"et","potentialAction":[{"@type":"ReadAction","target":["https:\/\/mydailydose.eu\/et\/toode\/loovusrannak-avanemine-uuele\/"]}]},{"@type":"ImageObject","inLanguage":"et","@id":"https:\/\/mydailydose.eu\/et\/toode\/loovusrannak-avanemine-uuele\/#primaryimage","url":"https:\/\/mydailydose.eu\/wp-content\/uploads\/2022\/12\/ruut.jpg","contentUrl":"https:\/\/mydailydose.eu\/wp-content\/uploads\/2022\/12\/ruut.jpg","width":1352,"height":1239},{"@type":"BreadcrumbList","@id":"https:\/\/mydailydose.eu\/et\/toode\/loovusrannak-avanemine-uuele\/#breadcrumb","itemListElement":[{"@type":"ListItem","position":1,"name":"Home","item":"https:\/\/www.mydailydose.eu\/et\/"},{"@type":"ListItem","position":2,"name":"Shop","item":"https:\/\/mydailydose.eu\/shop\/"},{"@type":"ListItem","position":3,"name":"MITTEAKTIIVNE!! P\u00dcHAP\u00c4EVAHOMMIKUNE LOOVUSR\u00c4NNAK INNA INANNAGA: AVANEMINE UUELE"}]},{"@type":"WebSite","@id":"https:\/\/mydailydose.eu\/#website","url":"https:\/\/mydailydose.eu\/","name":"#mydailydose","description":"Unique Gifts to #findyourfab - Original Art and Designs by Inna Inanna","potentialAction":[{"@type":"SearchAction","target":{"@type":"EntryPoint","urlTemplate":"https:\/\/mydailydose.eu\/?s={search_term_string}"},"query-input":{"@type":"PropertyValueSpecification","valueRequired":true,"valueName":"search_term_string"}}],"inLanguage":"et"}]}},"_links":{"self":[{"href":"https:\/\/mydailydose.eu\/et\/wp-json\/wp\/v2\/product\/5924","targetHints":{"allow":["GET"]}}],"collection":[{"href":"https:\/\/mydailydose.eu\/et\/wp-json\/wp\/v2\/product"}],"about":[{"href":"https:\/\/mydailydose.eu\/et\/wp-json\/wp\/v2\/types\/product"}],"replies":[{"embeddable":true,"href":"https:\/\/mydailydose.eu\/et\/wp-json\/wp\/v2\/comments?post=5924"}],"wp:featuredmedia":[{"embeddable":true,"href":"https:\/\/mydailydose.eu\/et\/wp-json\/wp\/v2\/media\/6828"}],"wp:attachment":[{"href":"https:\/\/mydailydose.eu\/et\/wp-json\/wp\/v2\/media?parent=5924"}],"wp:term":[{"taxonomy":"product_brand","embeddable":true,"href":"https:\/\/mydailydose.eu\/et\/wp-json\/wp\/v2\/product_brand?post=5924"},{"taxonomy":"product_cat","embeddable":true,"href":"https:\/\/mydailydose.eu\/et\/wp-json\/wp\/v2\/product_cat?post=5924"},{"taxonomy":"product_tag","embeddable":true,"href":"https:\/\/mydailydose.eu\/et\/wp-json\/wp\/v2\/product_tag?post=5924"}],"curies":[{"name":"wp","href":"https:\/\/api.w.org\/{rel}","templated":true}]}}