{"id":6432,"date":"2022-12-01T10:56:32","date_gmt":"2022-12-01T08:56:32","guid":{"rendered":"https:\/\/mydailydose.eu\/?post_type=product&#038;p=6432"},"modified":"2024-05-24T16:04:20","modified_gmt":"2024-05-24T13:04:20","slug":"puhapaevahommikune-loovusrannak-kahele","status":"publish","type":"product","link":"https:\/\/mydailydose.eu\/et\/toode\/puhapaevahommikune-loovusrannak-kahele\/","title":{"rendered":"MITTEAKTIIVNE!! P\u00dcHAP\u00c4EVAHOMMIKUNE LOOVUSR\u00c4NNAK KAHELE"},"content":{"rendered":"<h6><span style=\"font-family: Liberation Sans, sans-serif;\"><span style=\"font-size: large;\"><strong>See on kahele inimesele soodushinnaga loovusr\u00e4nnakule registreerumise koht.\u00a0<\/strong><\/span><\/span><\/h6>\n<h6><\/h6>\n<h6><span style=\"font-family: Liberation Sans, sans-serif;\"><span style=\"font-size: large;\"><strong>Palun saatke registreerumise j\u00e4rel kinnitusmeilile vastates kohe ka teise osaleja nimi ja e-posti aadress, et saaks broneerida osalusaja ja edastada kogu s\u00fcndmust puudutava info.<\/strong><\/span><\/span><\/h6>\n","protected":false},"excerpt":{"rendered":"<h6>Sooduspakkumine kahele\u00a0<a href=\"https:\/\/mydailydose.eu\/et\/toode\/loovusrannak-avanemine-uuele\/\">p\u00fchap\u00e4evasele loovusr\u00e4nnakule<\/a><\/h6>\n<h6>Vabad kohad: S\u00dcNDMUS POLE HETKEL AKTIIVNE &#8211; huvi korral <a href=\"https:\/\/mydailydose.eu\/et\/kontakt\">v\u00f5ta kontakti<\/a><\/h6>\n<p>&nbsp;<\/p>\n","protected":false},"featured_media":6828,"comment_status":"open","ping_status":"closed","template":"","meta":{"site-sidebar-layout":"default","site-content-layout":"default","ast-site-content-layout":"default","site-content-style":"default","site-sidebar-style":"default","ast-global-header-display":"","ast-banner-title-visibility":"","ast-main-header-display":"","ast-hfb-above-header-display":"","ast-hfb-below-header-display":"","ast-hfb-mobile-header-display":"","site-post-title":"","ast-breadcrumbs-content":"","ast-featured-img":"","footer-sml-layout":"","theme-transparent-header-meta":"default","adv-header-id-meta":"","stick-header-meta":"","header-above-stick-meta":"","header-main-stick-meta":"","header-below-stick-meta":"","astra-migrate-meta-layouts":"set","ast-page-background-enabled":"default","ast-page-background-meta":{"desktop":{"background-color":"","background-image":"","background-repeat":"repeat","background-position":"center center","background-size":"auto","background-attachment":"scroll","background-type":"","background-media":"","overlay-type":"","overlay-color":"","overlay-gradient":""},"tablet":{"background-color":"","background-image":"","background-repeat":"repeat","background-position":"center center","background-size":"auto","background-attachment":"scroll","background-type":"","background-media":"","overlay-type":"","overlay-color":"","overlay-gradient":""},"mobile":{"background-color":"","background-image":"","background-repeat":"repeat","background-position":"center center","background-size":"auto","background-attachment":"scroll","background-type":"","background-media":"","overlay-type":"","overlay-color":"","overlay-gradient":""}},"ast-content-background-meta":{"desktop":{"background-color":"var(--ast-global-color-5)","background-image":"","background-repeat":"repeat","background-position":"center center","background-size":"auto","background-attachment":"scroll","background-type":"","background-media":"","overlay-type":"","overlay-color":"","overlay-gradient":""},"tablet":{"background-color":"var(--ast-global-color-5)","background-image":"","background-repeat":"repeat","background-position":"center center","background-size":"auto","background-attachment":"scroll","background-type":"","background-media":"","overlay-type":"","overlay-color":"","overlay-gradient":""},"mobile":{"background-color":"var(--ast-global-color-5)","background-image":"","background-repeat":"repeat","background-position":"center center","background-size":"auto","background-attachment":"scroll","background-type":"","background-media":"","overlay-type":"","overlay-color":"","overlay-gradient":""}}},"product_brand":[],"product_cat":[175],"product_tag":[180],"class_list":{"0":"post-6432","1":"product","2":"type-product","3":"status-publish","4":"has-post-thumbnail","6":"product_cat-sundmused","7":"product_tag-naost-nakku","8":"desktop-align-left","9":"tablet-align-left","10":"mobile-align-left","12":"first","13":"instock","14":"virtual","15":"purchasable","16":"product-type-simple"},"yoast_head":"<!-- This site is optimized with the Yoast SEO plugin v27.3 - https:\/\/yoast.com\/product\/yoast-seo-wordpress\/ -->\n<title>MITTEAKTIIVNE!! P\u00dcHAP\u00c4EVAHOMMIKUNE LOOVUSR\u00c4NNAK KAHELE - #mydailydose<\/title>\n<meta name=\"robots\" content=\"index, follow, max-snippet:-1, max-image-preview:large, max-video-preview:-1\" \/>\n<link rel=\"canonical\" href=\"https:\/\/mydailydose.eu\/et\/toode\/puhapaevahommikune-loovusrannak-kahele\/\" \/>\n<meta property=\"og:locale\" content=\"et_EE\" \/>\n<meta property=\"og:type\" content=\"article\" \/>\n<meta property=\"og:title\" content=\"MITTEAKTIIVNE!! P\u00dcHAP\u00c4EVAHOMMIKUNE LOOVUSR\u00c4NNAK KAHELE - #mydailydose\" \/>\n<meta property=\"og:description\" content=\"Sooduspakkumine kahele\u00a0p\u00fchap\u00e4evasele loovusr\u00e4nnakule Vabad kohad: S\u00dcNDMUS POLE HETKEL AKTIIVNE - huvi korral v\u00f5ta kontakti &nbsp;\" \/>\n<meta property=\"og:url\" content=\"https:\/\/mydailydose.eu\/et\/toode\/puhapaevahommikune-loovusrannak-kahele\/\" \/>\n<meta property=\"og:site_name\" content=\"#mydailydose\" \/>\n<meta property=\"article:modified_time\" content=\"2024-05-24T13:04:20+00:00\" \/>\n<meta property=\"og:image\" content=\"https:\/\/mydailydose.eu\/wp-content\/uploads\/2022\/12\/ruut.jpg\" \/>\n\t<meta property=\"og:image:width\" content=\"1352\" \/>\n\t<meta property=\"og:image:height\" content=\"1239\" \/>\n\t<meta property=\"og:image:type\" content=\"image\/jpeg\" \/>\n<meta name=\"twitter:card\" content=\"summary_large_image\" \/>\n<script type=\"application\/ld+json\" class=\"yoast-schema-graph\">{\"@context\":\"https:\\\/\\\/schema.org\",\"@graph\":[{\"@type\":\"WebPage\",\"@id\":\"https:\\\/\\\/mydailydose.eu\\\/et\\\/toode\\\/puhapaevahommikune-loovusrannak-kahele\\\/\",\"url\":\"https:\\\/\\\/mydailydose.eu\\\/et\\\/toode\\\/puhapaevahommikune-loovusrannak-kahele\\\/\",\"name\":\"MITTEAKTIIVNE!! P\u00dcHAP\u00c4EVAHOMMIKUNE LOOVUSR\u00c4NNAK KAHELE - #mydailydose\",\"isPartOf\":{\"@id\":\"https:\\\/\\\/mydailydose.eu\\\/#website\"},\"primaryImageOfPage\":{\"@id\":\"https:\\\/\\\/mydailydose.eu\\\/et\\\/toode\\\/puhapaevahommikune-loovusrannak-kahele\\\/#primaryimage\"},\"image\":{\"@id\":\"https:\\\/\\\/mydailydose.eu\\\/et\\\/toode\\\/puhapaevahommikune-loovusrannak-kahele\\\/#primaryimage\"},\"thumbnailUrl\":\"https:\\\/\\\/mydailydose.eu\\\/wp-content\\\/uploads\\\/2022\\\/12\\\/ruut.jpg\",\"datePublished\":\"2022-12-01T08:56:32+00:00\",\"dateModified\":\"2024-05-24T13:04:20+00:00\",\"breadcrumb\":{\"@id\":\"https:\\\/\\\/mydailydose.eu\\\/et\\\/toode\\\/puhapaevahommikune-loovusrannak-kahele\\\/#breadcrumb\"},\"inLanguage\":\"et\",\"potentialAction\":[{\"@type\":\"ReadAction\",\"target\":[\"https:\\\/\\\/mydailydose.eu\\\/et\\\/toode\\\/puhapaevahommikune-loovusrannak-kahele\\\/\"]}]},{\"@type\":\"ImageObject\",\"inLanguage\":\"et\",\"@id\":\"https:\\\/\\\/mydailydose.eu\\\/et\\\/toode\\\/puhapaevahommikune-loovusrannak-kahele\\\/#primaryimage\",\"url\":\"https:\\\/\\\/mydailydose.eu\\\/wp-content\\\/uploads\\\/2022\\\/12\\\/ruut.jpg\",\"contentUrl\":\"https:\\\/\\\/mydailydose.eu\\\/wp-content\\\/uploads\\\/2022\\\/12\\\/ruut.jpg\",\"width\":1352,\"height\":1239},{\"@type\":\"BreadcrumbList\",\"@id\":\"https:\\\/\\\/mydailydose.eu\\\/et\\\/toode\\\/puhapaevahommikune-loovusrannak-kahele\\\/#breadcrumb\",\"itemListElement\":[{\"@type\":\"ListItem\",\"position\":1,\"name\":\"Home\",\"item\":\"https:\\\/\\\/www.mydailydose.eu\\\/et\\\/\"},{\"@type\":\"ListItem\",\"position\":2,\"name\":\"Shop\",\"item\":\"https:\\\/\\\/mydailydose.eu\\\/shop\\\/\"},{\"@type\":\"ListItem\",\"position\":3,\"name\":\"MITTEAKTIIVNE!! P\u00dcHAP\u00c4EVAHOMMIKUNE LOOVUSR\u00c4NNAK KAHELE\"}]},{\"@type\":\"WebSite\",\"@id\":\"https:\\\/\\\/mydailydose.eu\\\/#website\",\"url\":\"https:\\\/\\\/mydailydose.eu\\\/\",\"name\":\"#mydailydose\",\"description\":\"Unique Gifts to #findyourfab - Original Art and Designs by Inna Inanna\",\"potentialAction\":[{\"@type\":\"SearchAction\",\"target\":{\"@type\":\"EntryPoint\",\"urlTemplate\":\"https:\\\/\\\/mydailydose.eu\\\/?s={search_term_string}\"},\"query-input\":{\"@type\":\"PropertyValueSpecification\",\"valueRequired\":true,\"valueName\":\"search_term_string\"}}],\"inLanguage\":\"et\"}]}<\/script>\n<!-- \/ Yoast SEO plugin. -->","yoast_head_json":{"title":"MITTEAKTIIVNE!! P\u00dcHAP\u00c4EVAHOMMIKUNE LOOVUSR\u00c4NNAK KAHELE - #mydailydose","robots":{"index":"index","follow":"follow","max-snippet":"max-snippet:-1","max-image-preview":"max-image-preview:large","max-video-preview":"max-video-preview:-1"},"canonical":"https:\/\/mydailydose.eu\/et\/toode\/puhapaevahommikune-loovusrannak-kahele\/","og_locale":"et_EE","og_type":"article","og_title":"MITTEAKTIIVNE!! P\u00dcHAP\u00c4EVAHOMMIKUNE LOOVUSR\u00c4NNAK KAHELE - #mydailydose","og_description":"Sooduspakkumine kahele\u00a0p\u00fchap\u00e4evasele loovusr\u00e4nnakule Vabad kohad: S\u00dcNDMUS POLE HETKEL AKTIIVNE - huvi korral v\u00f5ta kontakti &nbsp;","og_url":"https:\/\/mydailydose.eu\/et\/toode\/puhapaevahommikune-loovusrannak-kahele\/","og_site_name":"#mydailydose","article_modified_time":"2024-05-24T13:04:20+00:00","og_image":[{"width":1352,"height":1239,"url":"https:\/\/mydailydose.eu\/wp-content\/uploads\/2022\/12\/ruut.jpg","type":"image\/jpeg"}],"twitter_card":"summary_large_image","schema":{"@context":"https:\/\/schema.org","@graph":[{"@type":"WebPage","@id":"https:\/\/mydailydose.eu\/et\/toode\/puhapaevahommikune-loovusrannak-kahele\/","url":"https:\/\/mydailydose.eu\/et\/toode\/puhapaevahommikune-loovusrannak-kahele\/","name":"MITTEAKTIIVNE!! P\u00dcHAP\u00c4EVAHOMMIKUNE LOOVUSR\u00c4NNAK KAHELE - #mydailydose","isPartOf":{"@id":"https:\/\/mydailydose.eu\/#website"},"primaryImageOfPage":{"@id":"https:\/\/mydailydose.eu\/et\/toode\/puhapaevahommikune-loovusrannak-kahele\/#primaryimage"},"image":{"@id":"https:\/\/mydailydose.eu\/et\/toode\/puhapaevahommikune-loovusrannak-kahele\/#primaryimage"},"thumbnailUrl":"https:\/\/mydailydose.eu\/wp-content\/uploads\/2022\/12\/ruut.jpg","datePublished":"2022-12-01T08:56:32+00:00","dateModified":"2024-05-24T13:04:20+00:00","breadcrumb":{"@id":"https:\/\/mydailydose.eu\/et\/toode\/puhapaevahommikune-loovusrannak-kahele\/#breadcrumb"},"inLanguage":"et","potentialAction":[{"@type":"ReadAction","target":["https:\/\/mydailydose.eu\/et\/toode\/puhapaevahommikune-loovusrannak-kahele\/"]}]},{"@type":"ImageObject","inLanguage":"et","@id":"https:\/\/mydailydose.eu\/et\/toode\/puhapaevahommikune-loovusrannak-kahele\/#primaryimage","url":"https:\/\/mydailydose.eu\/wp-content\/uploads\/2022\/12\/ruut.jpg","contentUrl":"https:\/\/mydailydose.eu\/wp-content\/uploads\/2022\/12\/ruut.jpg","width":1352,"height":1239},{"@type":"BreadcrumbList","@id":"https:\/\/mydailydose.eu\/et\/toode\/puhapaevahommikune-loovusrannak-kahele\/#breadcrumb","itemListElement":[{"@type":"ListItem","position":1,"name":"Home","item":"https:\/\/www.mydailydose.eu\/et\/"},{"@type":"ListItem","position":2,"name":"Shop","item":"https:\/\/mydailydose.eu\/shop\/"},{"@type":"ListItem","position":3,"name":"MITTEAKTIIVNE!! P\u00dcHAP\u00c4EVAHOMMIKUNE LOOVUSR\u00c4NNAK KAHELE"}]},{"@type":"WebSite","@id":"https:\/\/mydailydose.eu\/#website","url":"https:\/\/mydailydose.eu\/","name":"#mydailydose","description":"Unique Gifts to #findyourfab - Original Art and Designs by Inna Inanna","potentialAction":[{"@type":"SearchAction","target":{"@type":"EntryPoint","urlTemplate":"https:\/\/mydailydose.eu\/?s={search_term_string}"},"query-input":{"@type":"PropertyValueSpecification","valueRequired":true,"valueName":"search_term_string"}}],"inLanguage":"et"}]}},"_links":{"self":[{"href":"https:\/\/mydailydose.eu\/et\/wp-json\/wp\/v2\/product\/6432","targetHints":{"allow":["GET"]}}],"collection":[{"href":"https:\/\/mydailydose.eu\/et\/wp-json\/wp\/v2\/product"}],"about":[{"href":"https:\/\/mydailydose.eu\/et\/wp-json\/wp\/v2\/types\/product"}],"replies":[{"embeddable":true,"href":"https:\/\/mydailydose.eu\/et\/wp-json\/wp\/v2\/comments?post=6432"}],"wp:featuredmedia":[{"embeddable":true,"href":"https:\/\/mydailydose.eu\/et\/wp-json\/wp\/v2\/media\/6828"}],"wp:attachment":[{"href":"https:\/\/mydailydose.eu\/et\/wp-json\/wp\/v2\/media?parent=6432"}],"wp:term":[{"taxonomy":"product_brand","embeddable":true,"href":"https:\/\/mydailydose.eu\/et\/wp-json\/wp\/v2\/product_brand?post=6432"},{"taxonomy":"product_cat","embeddable":true,"href":"https:\/\/mydailydose.eu\/et\/wp-json\/wp\/v2\/product_cat?post=6432"},{"taxonomy":"product_tag","embeddable":true,"href":"https:\/\/mydailydose.eu\/et\/wp-json\/wp\/v2\/product_tag?post=6432"}],"curies":[{"name":"wp","href":"https:\/\/api.w.org\/{rel}","templated":true}]}}