{"id":6625,"date":"2022-12-06T20:01:47","date_gmt":"2022-12-06T18:01:47","guid":{"rendered":"https:\/\/mydailydose.eu\/product\/mydailydose-eco-tote-green1\/"},"modified":"2022-12-06T20:33:19","modified_gmt":"2022-12-06T18:33:19","slug":"mydailydose-oko-kandekott-green1","status":"publish","type":"product","link":"https:\/\/mydailydose.eu\/et\/toode\/mydailydose-oko-kandekott-green1\/","title":{"rendered":"#mydailydose \u00d5KO KANDEKOTT Green1"},"content":{"rendered":"<p>Soovid #leidaomas\u00e4ra? See vastupidav ja mahukas erksav\u00e4rviline orgaanilisest puuvillast kandekott on tulnud meelitama sind m\u00e4ngulisemasse meeleollu, et v\u00f5iksid tunda oma p\u00e4evast rohkem r\u00f5\u00f5mu. Tore kingitus iseendale v\u00f5i armsatele l\u00e4hedastele. Pane t\u00e4hele, et heledam taust soodustab tr\u00fckiv\u00e4rvide erksust.<\/p>\n<p>\u2022 100% sertifitseeritud \u00f6koloogiline puuvill 3\/1 twill<br \/>\n\u2022 Kanga kaal 272 g\/m\u00b2<br \/>\n\u2022 Koti m\u00f5\u00f5dud: 40.6 cm \u00d7 35.6 cm \u00d7 12.7 cm<br \/>\n\u2022 Maksimaalne kandev\u00f5ime: 13.6 kg<br \/>\n\u2022 Kaks 2.5 cm laiust \u00f5larihma pikkusega 62.2 cm<br \/>\n\u2022 Kotisuu lahtine<br \/>\n\u2022 Masinpesu 30\u00b0C. Mitte valgendada, k\u00f5ige \u00f5rnem tsentrifuug.<\/p>\n<p>See toode valmistatakse spetsiaalselt sinu jaoks kohe p\u00e4rast tellimuse esitamist. See on p\u00f5hjus, miks toote saatmine sulle pisut enam aega v\u00f5tab. Toodete valmistamine vastavalt n\u00f5udlusele ja mitte hulgi aitab v\u00e4hendada \u00fcletootmist. Ait\u00e4h, et oled tegemas l\u00e4bim\u00f5eldud ostuotsuseid!<\/p>\n<p>&nbsp;<\/p>\n<p>&nbsp;<\/p>\n","protected":false},"excerpt":{"rendered":"<p>Soovid #leidaomas\u00e4ra? See vastupidav ja mahukas erksav\u00e4rviline orgaanilisest puuvillast kandekott on tulnud meelitama sind m\u00e4ngulisemasse meeleollu, et v\u00f5iksid tunda oma p\u00e4evast rohkem r\u00f5\u00f5mu. Tore kingitus iseendale v\u00f5i armsatele l\u00e4hedastele. Pane t\u00e4hele, et heledam taust soodustab tr\u00fckiv\u00e4rvide erksust. \u2022 100% sertifitseeritud \u00f6koloogiline puuvill 3\/1 twill \u2022 Kanga kaal 272 g\/m\u00b2 \u2022 Koti m\u00f5\u00f5dud: 40.6 cm \u00d7 [&hellip;]<\/p>\n","protected":false},"featured_media":6595,"comment_status":"open","ping_status":"closed","template":"","meta":{"site-sidebar-layout":"default","site-content-layout":"default","ast-site-content-layout":"default","site-content-style":"default","site-sidebar-style":"default","ast-global-header-display":"","ast-banner-title-visibility":"","ast-main-header-display":"","ast-hfb-above-header-display":"","ast-hfb-below-header-display":"","ast-hfb-mobile-header-display":"","site-post-title":"","ast-breadcrumbs-content":"","ast-featured-img":"","footer-sml-layout":"","ast-disable-related-posts":"","theme-transparent-header-meta":"default","adv-header-id-meta":"","stick-header-meta":"","header-above-stick-meta":"","header-main-stick-meta":"","header-below-stick-meta":"","astra-migrate-meta-layouts":"default","ast-page-background-enabled":"default","ast-page-background-meta":{"desktop":{"background-color":"","background-image":"","background-repeat":"repeat","background-position":"center center","background-size":"auto","background-attachment":"scroll","background-type":"","background-media":"","overlay-type":"","overlay-color":"","overlay-opacity":"","overlay-gradient":""},"tablet":{"background-color":"","background-image":"","background-repeat":"repeat","background-position":"center center","background-size":"auto","background-attachment":"scroll","background-type":"","background-media":"","overlay-type":"","overlay-color":"","overlay-opacity":"","overlay-gradient":""},"mobile":{"background-color":"","background-image":"","background-repeat":"repeat","background-position":"center center","background-size":"auto","background-attachment":"scroll","background-type":"","background-media":"","overlay-type":"","overlay-color":"","overlay-opacity":"","overlay-gradient":""}},"ast-content-background-meta":{"desktop":{"background-color":"var(--ast-global-color-5)","background-image":"","background-repeat":"repeat","background-position":"center center","background-size":"auto","background-attachment":"scroll","background-type":"","background-media":"","overlay-type":"","overlay-color":"","overlay-opacity":"","overlay-gradient":""},"tablet":{"background-color":"var(--ast-global-color-5)","background-image":"","background-repeat":"repeat","background-position":"center center","background-size":"auto","background-attachment":"scroll","background-type":"","background-media":"","overlay-type":"","overlay-color":"","overlay-opacity":"","overlay-gradient":""},"mobile":{"background-color":"var(--ast-global-color-5)","background-image":"","background-repeat":"repeat","background-position":"center center","background-size":"auto","background-attachment":"scroll","background-type":"","background-media":"","overlay-type":"","overlay-color":"","overlay-opacity":"","overlay-gradient":""}}},"product_brand":[],"product_cat":[55],"product_tag":[],"class_list":{"0":"post-6625","1":"product","2":"type-product","3":"status-publish","4":"has-post-thumbnail","6":"product_cat-kandekotid","7":"desktop-align-left","8":"tablet-align-left","9":"mobile-align-left","11":"first","12":"instock","13":"shipping-taxable","14":"purchasable","15":"product-type-variable"},"yoast_head":"<!-- This site is optimized with the Yoast SEO plugin v27.3 - https:\/\/yoast.com\/product\/yoast-seo-wordpress\/ -->\n<title>#mydailydose \u00d5KO KANDEKOTT Green1 - #mydailydose<\/title>\n<meta name=\"robots\" content=\"index, follow, max-snippet:-1, max-image-preview:large, max-video-preview:-1\" \/>\n<link rel=\"canonical\" href=\"https:\/\/www.mydailydose.eu\/et\/toode\/mydailydose-oko-kandekott-green1\/\" \/>\n<meta property=\"og:locale\" content=\"et_EE\" \/>\n<meta property=\"og:type\" content=\"article\" \/>\n<meta property=\"og:title\" content=\"#mydailydose \u00d5KO KANDEKOTT Green1 - #mydailydose\" \/>\n<meta property=\"og:description\" content=\"Soovid #leidaomas\u00e4ra? See vastupidav ja mahukas erksav\u00e4rviline orgaanilisest puuvillast kandekott on tulnud meelitama sind m\u00e4ngulisemasse meeleollu, et v\u00f5iksid tunda oma p\u00e4evast rohkem r\u00f5\u00f5mu. Tore kingitus iseendale v\u00f5i armsatele l\u00e4hedastele. Pane t\u00e4hele, et heledam taust soodustab tr\u00fckiv\u00e4rvide erksust. \u2022 100% sertifitseeritud \u00f6koloogiline puuvill 3\/1 twill \u2022 Kanga kaal 272 g\/m\u00b2 \u2022 Koti m\u00f5\u00f5dud: 40.6 cm \u00d7 [&hellip;]\" \/>\n<meta property=\"og:url\" content=\"https:\/\/www.mydailydose.eu\/et\/toode\/mydailydose-oko-kandekott-green1\/\" \/>\n<meta property=\"og:site_name\" content=\"#mydailydose\" \/>\n<meta property=\"article:modified_time\" content=\"2022-12-06T18:33:19+00:00\" \/>\n<meta property=\"og:image\" content=\"https:\/\/www.mydailydose.eu\/wp-content\/uploads\/2022\/12\/eco-tote-bag-oyster-front-638f8381a4f25.jpg\" \/>\n\t<meta property=\"og:image:width\" content=\"2000\" \/>\n\t<meta property=\"og:image:height\" content=\"2000\" \/>\n\t<meta property=\"og:image:type\" content=\"image\/jpeg\" \/>\n<meta name=\"twitter:card\" content=\"summary_large_image\" \/>\n<meta name=\"twitter:label1\" content=\"Est. reading time\" \/>\n\t<meta name=\"twitter:data1\" content=\"1 minut\" \/>\n<script type=\"application\/ld+json\" class=\"yoast-schema-graph\">{\"@context\":\"https:\\\/\\\/schema.org\",\"@graph\":[{\"@type\":\"WebPage\",\"@id\":\"https:\\\/\\\/www.mydailydose.eu\\\/et\\\/toode\\\/mydailydose-oko-kandekott-green1\\\/\",\"url\":\"https:\\\/\\\/www.mydailydose.eu\\\/et\\\/toode\\\/mydailydose-oko-kandekott-green1\\\/\",\"name\":\"#mydailydose \u00d5KO KANDEKOTT Green1 - #mydailydose\",\"isPartOf\":{\"@id\":\"https:\\\/\\\/mydailydose.eu\\\/#website\"},\"primaryImageOfPage\":{\"@id\":\"https:\\\/\\\/www.mydailydose.eu\\\/et\\\/toode\\\/mydailydose-oko-kandekott-green1\\\/#primaryimage\"},\"image\":{\"@id\":\"https:\\\/\\\/www.mydailydose.eu\\\/et\\\/toode\\\/mydailydose-oko-kandekott-green1\\\/#primaryimage\"},\"thumbnailUrl\":\"https:\\\/\\\/mydailydose.eu\\\/wp-content\\\/uploads\\\/2022\\\/12\\\/eco-tote-bag-oyster-front-638f8381a4f25.jpg\",\"datePublished\":\"2022-12-06T18:01:47+00:00\",\"dateModified\":\"2022-12-06T18:33:19+00:00\",\"breadcrumb\":{\"@id\":\"https:\\\/\\\/www.mydailydose.eu\\\/et\\\/toode\\\/mydailydose-oko-kandekott-green1\\\/#breadcrumb\"},\"inLanguage\":\"et\",\"potentialAction\":[{\"@type\":\"ReadAction\",\"target\":[\"https:\\\/\\\/www.mydailydose.eu\\\/et\\\/toode\\\/mydailydose-oko-kandekott-green1\\\/\"]}]},{\"@type\":\"ImageObject\",\"inLanguage\":\"et\",\"@id\":\"https:\\\/\\\/www.mydailydose.eu\\\/et\\\/toode\\\/mydailydose-oko-kandekott-green1\\\/#primaryimage\",\"url\":\"https:\\\/\\\/mydailydose.eu\\\/wp-content\\\/uploads\\\/2022\\\/12\\\/eco-tote-bag-oyster-front-638f8381a4f25.jpg\",\"contentUrl\":\"https:\\\/\\\/mydailydose.eu\\\/wp-content\\\/uploads\\\/2022\\\/12\\\/eco-tote-bag-oyster-front-638f8381a4f25.jpg\",\"width\":2000,\"height\":2000},{\"@type\":\"BreadcrumbList\",\"@id\":\"https:\\\/\\\/www.mydailydose.eu\\\/et\\\/toode\\\/mydailydose-oko-kandekott-green1\\\/#breadcrumb\",\"itemListElement\":[{\"@type\":\"ListItem\",\"position\":1,\"name\":\"Home\",\"item\":\"https:\\\/\\\/mydailydose.eu\\\/et\\\/\"},{\"@type\":\"ListItem\",\"position\":2,\"name\":\"Shop\",\"item\":\"https:\\\/\\\/mydailydose.eu\\\/et\\\/pood\\\/\"},{\"@type\":\"ListItem\",\"position\":3,\"name\":\"#mydailydose \u00d5KO KANDEKOTT Green1\"}]},{\"@type\":\"WebSite\",\"@id\":\"https:\\\/\\\/mydailydose.eu\\\/#website\",\"url\":\"https:\\\/\\\/mydailydose.eu\\\/\",\"name\":\"#mydailydose\",\"description\":\"Unique Gifts to #findyourfab - Original Art and Designs by Inna Inanna\",\"potentialAction\":[{\"@type\":\"SearchAction\",\"target\":{\"@type\":\"EntryPoint\",\"urlTemplate\":\"https:\\\/\\\/mydailydose.eu\\\/?s={search_term_string}\"},\"query-input\":{\"@type\":\"PropertyValueSpecification\",\"valueRequired\":true,\"valueName\":\"search_term_string\"}}],\"inLanguage\":\"et\"}]}<\/script>\n<!-- \/ Yoast SEO plugin. -->","yoast_head_json":{"title":"#mydailydose \u00d5KO KANDEKOTT Green1 - #mydailydose","robots":{"index":"index","follow":"follow","max-snippet":"max-snippet:-1","max-image-preview":"max-image-preview:large","max-video-preview":"max-video-preview:-1"},"canonical":"https:\/\/www.mydailydose.eu\/et\/toode\/mydailydose-oko-kandekott-green1\/","og_locale":"et_EE","og_type":"article","og_title":"#mydailydose \u00d5KO KANDEKOTT Green1 - #mydailydose","og_description":"Soovid #leidaomas\u00e4ra? See vastupidav ja mahukas erksav\u00e4rviline orgaanilisest puuvillast kandekott on tulnud meelitama sind m\u00e4ngulisemasse meeleollu, et v\u00f5iksid tunda oma p\u00e4evast rohkem r\u00f5\u00f5mu. Tore kingitus iseendale v\u00f5i armsatele l\u00e4hedastele. Pane t\u00e4hele, et heledam taust soodustab tr\u00fckiv\u00e4rvide erksust. \u2022 100% sertifitseeritud \u00f6koloogiline puuvill 3\/1 twill \u2022 Kanga kaal 272 g\/m\u00b2 \u2022 Koti m\u00f5\u00f5dud: 40.6 cm \u00d7 [&hellip;]","og_url":"https:\/\/www.mydailydose.eu\/et\/toode\/mydailydose-oko-kandekott-green1\/","og_site_name":"#mydailydose","article_modified_time":"2022-12-06T18:33:19+00:00","og_image":[{"width":2000,"height":2000,"url":"https:\/\/www.mydailydose.eu\/wp-content\/uploads\/2022\/12\/eco-tote-bag-oyster-front-638f8381a4f25.jpg","type":"image\/jpeg"}],"twitter_card":"summary_large_image","twitter_misc":{"Est. reading time":"1 minut"},"schema":{"@context":"https:\/\/schema.org","@graph":[{"@type":"WebPage","@id":"https:\/\/www.mydailydose.eu\/et\/toode\/mydailydose-oko-kandekott-green1\/","url":"https:\/\/www.mydailydose.eu\/et\/toode\/mydailydose-oko-kandekott-green1\/","name":"#mydailydose \u00d5KO KANDEKOTT Green1 - #mydailydose","isPartOf":{"@id":"https:\/\/mydailydose.eu\/#website"},"primaryImageOfPage":{"@id":"https:\/\/www.mydailydose.eu\/et\/toode\/mydailydose-oko-kandekott-green1\/#primaryimage"},"image":{"@id":"https:\/\/www.mydailydose.eu\/et\/toode\/mydailydose-oko-kandekott-green1\/#primaryimage"},"thumbnailUrl":"https:\/\/mydailydose.eu\/wp-content\/uploads\/2022\/12\/eco-tote-bag-oyster-front-638f8381a4f25.jpg","datePublished":"2022-12-06T18:01:47+00:00","dateModified":"2022-12-06T18:33:19+00:00","breadcrumb":{"@id":"https:\/\/www.mydailydose.eu\/et\/toode\/mydailydose-oko-kandekott-green1\/#breadcrumb"},"inLanguage":"et","potentialAction":[{"@type":"ReadAction","target":["https:\/\/www.mydailydose.eu\/et\/toode\/mydailydose-oko-kandekott-green1\/"]}]},{"@type":"ImageObject","inLanguage":"et","@id":"https:\/\/www.mydailydose.eu\/et\/toode\/mydailydose-oko-kandekott-green1\/#primaryimage","url":"https:\/\/mydailydose.eu\/wp-content\/uploads\/2022\/12\/eco-tote-bag-oyster-front-638f8381a4f25.jpg","contentUrl":"https:\/\/mydailydose.eu\/wp-content\/uploads\/2022\/12\/eco-tote-bag-oyster-front-638f8381a4f25.jpg","width":2000,"height":2000},{"@type":"BreadcrumbList","@id":"https:\/\/www.mydailydose.eu\/et\/toode\/mydailydose-oko-kandekott-green1\/#breadcrumb","itemListElement":[{"@type":"ListItem","position":1,"name":"Home","item":"https:\/\/mydailydose.eu\/et\/"},{"@type":"ListItem","position":2,"name":"Shop","item":"https:\/\/mydailydose.eu\/et\/pood\/"},{"@type":"ListItem","position":3,"name":"#mydailydose \u00d5KO KANDEKOTT Green1"}]},{"@type":"WebSite","@id":"https:\/\/mydailydose.eu\/#website","url":"https:\/\/mydailydose.eu\/","name":"#mydailydose","description":"Unique Gifts to #findyourfab - Original Art and Designs by Inna Inanna","potentialAction":[{"@type":"SearchAction","target":{"@type":"EntryPoint","urlTemplate":"https:\/\/mydailydose.eu\/?s={search_term_string}"},"query-input":{"@type":"PropertyValueSpecification","valueRequired":true,"valueName":"search_term_string"}}],"inLanguage":"et"}]}},"_links":{"self":[{"href":"https:\/\/mydailydose.eu\/et\/wp-json\/wp\/v2\/product\/6625","targetHints":{"allow":["GET"]}}],"collection":[{"href":"https:\/\/mydailydose.eu\/et\/wp-json\/wp\/v2\/product"}],"about":[{"href":"https:\/\/mydailydose.eu\/et\/wp-json\/wp\/v2\/types\/product"}],"replies":[{"embeddable":true,"href":"https:\/\/mydailydose.eu\/et\/wp-json\/wp\/v2\/comments?post=6625"}],"wp:featuredmedia":[{"embeddable":true,"href":"https:\/\/mydailydose.eu\/et\/wp-json\/wp\/v2\/media\/6595"}],"wp:attachment":[{"href":"https:\/\/mydailydose.eu\/et\/wp-json\/wp\/v2\/media?parent=6625"}],"wp:term":[{"taxonomy":"product_brand","embeddable":true,"href":"https:\/\/mydailydose.eu\/et\/wp-json\/wp\/v2\/product_brand?post=6625"},{"taxonomy":"product_cat","embeddable":true,"href":"https:\/\/mydailydose.eu\/et\/wp-json\/wp\/v2\/product_cat?post=6625"},{"taxonomy":"product_tag","embeddable":true,"href":"https:\/\/mydailydose.eu\/et\/wp-json\/wp\/v2\/product_tag?post=6625"}],"curies":[{"name":"wp","href":"https:\/\/api.w.org\/{rel}","templated":true}]}}