{"id":6817,"date":"2022-12-08T10:16:15","date_gmt":"2022-12-08T08:16:15","guid":{"rendered":"https:\/\/mydailydose.eu\/product\/mydailydose-taistrukk-kandekott-pink6-2\/"},"modified":"2022-12-08T10:16:15","modified_gmt":"2022-12-08T08:16:15","slug":"mydailydose-taistrukk-kandekott-pink6-2","status":"publish","type":"product","link":"https:\/\/mydailydose.eu\/et\/toode\/mydailydose-taistrukk-kandekott-pink6-2\/","title":{"rendered":"#mydailydose T\u00c4ISTR\u00dcKK KANDEKOTT Pink6"},"content":{"rendered":"<p>Soovid #leidaomas\u00e4ra? See erksav\u00e4rviline trendikas t\u00e4istr\u00fckk kandekott t\u00e4iendab \u00e4gedalt su v\u00e4ljan\u00e4gemist, meelitades sind m\u00e4ngulisemasse meeleollu ja mahutades k\u00f5ik sinu jaoks vajaliku. Tore kingitus iseendale v\u00f5i armsatele l\u00e4hedastele.<\/p>\n<div class=\"\" data-block=\"true\" data-editor=\"cd03l\" data-offset-key=\"4ni4k-0-0\">\n<div class=\"_1mf _1mj\" data-offset-key=\"4ni4k-0-0\"><span data-offset-key=\"4ni4k-0-0\">\u2022 100% kedratud pol\u00fcestrist kangas<\/span><\/div>\n<\/div>\n<div class=\"\" data-block=\"true\" data-editor=\"cd03l\" data-offset-key=\"c3r91-0-0\">\n<div class=\"_1mf _1mj\" data-offset-key=\"c3r91-0-0\"><span data-offset-key=\"c3r91-0-0\">\u2022 Kanga kaal 320 g\/m\u00b2<\/span><\/div>\n<\/div>\n<div class=\"\" data-block=\"true\" data-editor=\"cd03l\" data-offset-key=\"f70no-0-0\">\n<div class=\"_1mf _1mj\" data-offset-key=\"f70no-0-0\"><span data-offset-key=\"f70no-0-0\">\u2022 Koti m\u00f5\u00f5dud: 38.1 cm \u00d7 38.1 cm<\/span><\/div>\n<\/div>\n<div class=\"\" data-block=\"true\" data-editor=\"cd03l\" data-offset-key=\"f63jv-0-0\">\n<div class=\"_1mf _1mj\" data-offset-key=\"f63jv-0-0\"><span data-offset-key=\"f63jv-0-0\">\u2022 Maht: 10 l<\/span><\/div>\n<\/div>\n<div class=\"\" data-block=\"true\" data-editor=\"cd03l\" data-offset-key=\"25dts-0-0\">\n<div class=\"_1mf _1mj\" data-offset-key=\"25dts-0-0\"><span data-offset-key=\"25dts-0-0\">\u2022 Maksimaalne kandev\u00f5ime: 20 kg<\/span><\/div>\n<\/div>\n<div class=\"\" data-block=\"true\" data-editor=\"cd03l\" data-offset-key=\"eiree-0-0\">\n<div class=\"_1mf _1mj\" data-offset-key=\"eiree-0-0\"><span data-offset-key=\"eiree-0-0\">\u2022 Kaks 100% puuvillasest bull denimist kanderihma<\/span><\/div>\n<\/div>\n<div class=\"\" data-block=\"true\" data-editor=\"cd03l\" data-offset-key=\"c30ho-0-0\">\n<div class=\"_1mf _1mj\" data-offset-key=\"c30ho-0-0\"><span data-offset-key=\"c30ho-0-0\">\u2022 Kanderihma pikkus 30 cm ja laius 2.5 cm<\/span><\/div>\n<div class=\"_1mf _1mj\" data-offset-key=\"c30ho-0-0\"><span data-offset-key=\"c30ho-0-0\">\u00a0<\/span><\/div>\n<div class=\"_1mf _1mj\" data-offset-key=\"c30ho-0-0\">See toode valmistatakse spetsiaalselt sinu jaoks kohe p\u00e4rast tellimuse esitamist. See on p\u00f5hjus, miks toote saatmine sulle pisut enam aega v\u00f5tab. Toodete valmistamine vastavalt n\u00f5udlusele ja mitte hulgi aitab v\u00e4hendada \u00fcletootmist. Ait\u00e4h, et oled tegemas l\u00e4bim\u00f5eldud ostuotsuseid!<\/div>\n<\/div>\n","protected":false},"excerpt":{"rendered":"<p>Soovid #leidaomas\u00e4ra? See erksav\u00e4rviline trendikas t\u00e4istr\u00fckk kandekott t\u00e4iendab \u00e4gedalt su v\u00e4ljan\u00e4gemist, meelitades sind m\u00e4ngulisemasse meeleollu ja mahutades k\u00f5ik sinu jaoks vajaliku. Tore kingitus iseendale v\u00f5i armsatele l\u00e4hedastele. \u2022 100% kedratud pol\u00fcestrist kangas \u2022 Kanga kaal 320 g\/m\u00b2 \u2022 Koti m\u00f5\u00f5dud: 38.1 cm \u00d7 38.1 cm \u2022 Maht: 10 l \u2022 Maksimaalne kandev\u00f5ime: 20 kg \u2022 [&hellip;]<\/p>\n","protected":false},"featured_media":6787,"comment_status":"open","ping_status":"closed","template":"","meta":{"site-sidebar-layout":"default","site-content-layout":"default","ast-site-content-layout":"default","site-content-style":"default","site-sidebar-style":"default","ast-global-header-display":"","ast-banner-title-visibility":"","ast-main-header-display":"","ast-hfb-above-header-display":"","ast-hfb-below-header-display":"","ast-hfb-mobile-header-display":"","site-post-title":"","ast-breadcrumbs-content":"","ast-featured-img":"","footer-sml-layout":"","ast-disable-related-posts":"","theme-transparent-header-meta":"default","adv-header-id-meta":"","stick-header-meta":"","header-above-stick-meta":"","header-main-stick-meta":"","header-below-stick-meta":"","astra-migrate-meta-layouts":"default","ast-page-background-enabled":"default","ast-page-background-meta":{"desktop":{"background-color":"","background-image":"","background-repeat":"repeat","background-position":"center center","background-size":"auto","background-attachment":"scroll","background-type":"","background-media":"","overlay-type":"","overlay-color":"","overlay-opacity":"","overlay-gradient":""},"tablet":{"background-color":"","background-image":"","background-repeat":"repeat","background-position":"center center","background-size":"auto","background-attachment":"scroll","background-type":"","background-media":"","overlay-type":"","overlay-color":"","overlay-opacity":"","overlay-gradient":""},"mobile":{"background-color":"","background-image":"","background-repeat":"repeat","background-position":"center center","background-size":"auto","background-attachment":"scroll","background-type":"","background-media":"","overlay-type":"","overlay-color":"","overlay-opacity":"","overlay-gradient":""}},"ast-content-background-meta":{"desktop":{"background-color":"var(--ast-global-color-5)","background-image":"","background-repeat":"repeat","background-position":"center center","background-size":"auto","background-attachment":"scroll","background-type":"","background-media":"","overlay-type":"","overlay-color":"","overlay-opacity":"","overlay-gradient":""},"tablet":{"background-color":"var(--ast-global-color-5)","background-image":"","background-repeat":"repeat","background-position":"center center","background-size":"auto","background-attachment":"scroll","background-type":"","background-media":"","overlay-type":"","overlay-color":"","overlay-opacity":"","overlay-gradient":""},"mobile":{"background-color":"var(--ast-global-color-5)","background-image":"","background-repeat":"repeat","background-position":"center center","background-size":"auto","background-attachment":"scroll","background-type":"","background-media":"","overlay-type":"","overlay-color":"","overlay-opacity":"","overlay-gradient":""}}},"product_brand":[],"product_cat":[55],"product_tag":[],"class_list":{"0":"post-6817","1":"product","2":"type-product","3":"status-publish","4":"has-post-thumbnail","6":"product_cat-kandekotid","7":"desktop-align-left","8":"tablet-align-left","9":"mobile-align-left","11":"first","12":"instock","13":"shipping-taxable","14":"purchasable","15":"product-type-simple"},"yoast_head":"<!-- This site is optimized with the Yoast SEO plugin v27.3 - https:\/\/yoast.com\/product\/yoast-seo-wordpress\/ -->\n<title>#mydailydose T\u00c4ISTR\u00dcKK KANDEKOTT Pink6 - #mydailydose<\/title>\n<meta name=\"robots\" content=\"index, follow, max-snippet:-1, max-image-preview:large, max-video-preview:-1\" \/>\n<link rel=\"canonical\" href=\"https:\/\/mydailydose.eu\/et\/toode\/mydailydose-taistrukk-kandekott-pink6-2\/\" \/>\n<meta property=\"og:locale\" content=\"et_EE\" \/>\n<meta property=\"og:type\" content=\"article\" \/>\n<meta property=\"og:title\" content=\"#mydailydose T\u00c4ISTR\u00dcKK KANDEKOTT Pink6 - #mydailydose\" \/>\n<meta property=\"og:description\" content=\"Soovid #leidaomas\u00e4ra? See erksav\u00e4rviline trendikas t\u00e4istr\u00fckk kandekott t\u00e4iendab \u00e4gedalt su v\u00e4ljan\u00e4gemist, meelitades sind m\u00e4ngulisemasse meeleollu ja mahutades k\u00f5ik sinu jaoks vajaliku. Tore kingitus iseendale v\u00f5i armsatele l\u00e4hedastele. \u2022 100% kedratud pol\u00fcestrist kangas \u2022 Kanga kaal 320 g\/m\u00b2 \u2022 Koti m\u00f5\u00f5dud: 38.1 cm \u00d7 38.1 cm \u2022 Maht: 10 l \u2022 Maksimaalne kandev\u00f5ime: 20 kg \u2022 [&hellip;]\" \/>\n<meta property=\"og:url\" content=\"https:\/\/mydailydose.eu\/et\/toode\/mydailydose-taistrukk-kandekott-pink6-2\/\" \/>\n<meta property=\"og:site_name\" content=\"#mydailydose\" \/>\n<meta property=\"og:image\" content=\"https:\/\/mydailydose.eu\/wp-content\/uploads\/2022\/12\/all-over-print-tote-black-15x15-front-63919c70590d0-1.jpg\" \/>\n\t<meta property=\"og:image:width\" content=\"1000\" \/>\n\t<meta property=\"og:image:height\" content=\"1000\" \/>\n\t<meta property=\"og:image:type\" content=\"image\/jpeg\" \/>\n<meta name=\"twitter:card\" content=\"summary_large_image\" \/>\n<meta name=\"twitter:label1\" content=\"Est. reading time\" \/>\n\t<meta name=\"twitter:data1\" content=\"1 minut\" \/>\n<script type=\"application\/ld+json\" class=\"yoast-schema-graph\">{\"@context\":\"https:\\\/\\\/schema.org\",\"@graph\":[{\"@type\":\"WebPage\",\"@id\":\"https:\\\/\\\/mydailydose.eu\\\/et\\\/toode\\\/mydailydose-taistrukk-kandekott-pink6-2\\\/\",\"url\":\"https:\\\/\\\/mydailydose.eu\\\/et\\\/toode\\\/mydailydose-taistrukk-kandekott-pink6-2\\\/\",\"name\":\"#mydailydose T\u00c4ISTR\u00dcKK KANDEKOTT Pink6 - #mydailydose\",\"isPartOf\":{\"@id\":\"https:\\\/\\\/mydailydose.eu\\\/#website\"},\"primaryImageOfPage\":{\"@id\":\"https:\\\/\\\/mydailydose.eu\\\/et\\\/toode\\\/mydailydose-taistrukk-kandekott-pink6-2\\\/#primaryimage\"},\"image\":{\"@id\":\"https:\\\/\\\/mydailydose.eu\\\/et\\\/toode\\\/mydailydose-taistrukk-kandekott-pink6-2\\\/#primaryimage\"},\"thumbnailUrl\":\"https:\\\/\\\/mydailydose.eu\\\/wp-content\\\/uploads\\\/2022\\\/12\\\/all-over-print-tote-black-15x15-front-63919c70590d0-1.jpg\",\"datePublished\":\"2022-12-08T08:16:15+00:00\",\"breadcrumb\":{\"@id\":\"https:\\\/\\\/mydailydose.eu\\\/et\\\/toode\\\/mydailydose-taistrukk-kandekott-pink6-2\\\/#breadcrumb\"},\"inLanguage\":\"et\",\"potentialAction\":[{\"@type\":\"ReadAction\",\"target\":[\"https:\\\/\\\/mydailydose.eu\\\/et\\\/toode\\\/mydailydose-taistrukk-kandekott-pink6-2\\\/\"]}]},{\"@type\":\"ImageObject\",\"inLanguage\":\"et\",\"@id\":\"https:\\\/\\\/mydailydose.eu\\\/et\\\/toode\\\/mydailydose-taistrukk-kandekott-pink6-2\\\/#primaryimage\",\"url\":\"https:\\\/\\\/mydailydose.eu\\\/wp-content\\\/uploads\\\/2022\\\/12\\\/all-over-print-tote-black-15x15-front-63919c70590d0-1.jpg\",\"contentUrl\":\"https:\\\/\\\/mydailydose.eu\\\/wp-content\\\/uploads\\\/2022\\\/12\\\/all-over-print-tote-black-15x15-front-63919c70590d0-1.jpg\",\"width\":1000,\"height\":1000},{\"@type\":\"BreadcrumbList\",\"@id\":\"https:\\\/\\\/mydailydose.eu\\\/et\\\/toode\\\/mydailydose-taistrukk-kandekott-pink6-2\\\/#breadcrumb\",\"itemListElement\":[{\"@type\":\"ListItem\",\"position\":1,\"name\":\"Home\",\"item\":\"https:\\\/\\\/mydailydose.eu\\\/et\\\/\"},{\"@type\":\"ListItem\",\"position\":2,\"name\":\"Shop\",\"item\":\"https:\\\/\\\/mydailydose.eu\\\/et\\\/pood\\\/\"},{\"@type\":\"ListItem\",\"position\":3,\"name\":\"#mydailydose T\u00c4ISTR\u00dcKK KANDEKOTT Pink6\"}]},{\"@type\":\"WebSite\",\"@id\":\"https:\\\/\\\/mydailydose.eu\\\/#website\",\"url\":\"https:\\\/\\\/mydailydose.eu\\\/\",\"name\":\"#mydailydose\",\"description\":\"Unique Gifts to #findyourfab - Original Art and Designs by Inna Inanna\",\"potentialAction\":[{\"@type\":\"SearchAction\",\"target\":{\"@type\":\"EntryPoint\",\"urlTemplate\":\"https:\\\/\\\/mydailydose.eu\\\/?s={search_term_string}\"},\"query-input\":{\"@type\":\"PropertyValueSpecification\",\"valueRequired\":true,\"valueName\":\"search_term_string\"}}],\"inLanguage\":\"et\"}]}<\/script>\n<!-- \/ Yoast SEO plugin. -->","yoast_head_json":{"title":"#mydailydose T\u00c4ISTR\u00dcKK KANDEKOTT Pink6 - #mydailydose","robots":{"index":"index","follow":"follow","max-snippet":"max-snippet:-1","max-image-preview":"max-image-preview:large","max-video-preview":"max-video-preview:-1"},"canonical":"https:\/\/mydailydose.eu\/et\/toode\/mydailydose-taistrukk-kandekott-pink6-2\/","og_locale":"et_EE","og_type":"article","og_title":"#mydailydose T\u00c4ISTR\u00dcKK KANDEKOTT Pink6 - #mydailydose","og_description":"Soovid #leidaomas\u00e4ra? See erksav\u00e4rviline trendikas t\u00e4istr\u00fckk kandekott t\u00e4iendab \u00e4gedalt su v\u00e4ljan\u00e4gemist, meelitades sind m\u00e4ngulisemasse meeleollu ja mahutades k\u00f5ik sinu jaoks vajaliku. Tore kingitus iseendale v\u00f5i armsatele l\u00e4hedastele. \u2022 100% kedratud pol\u00fcestrist kangas \u2022 Kanga kaal 320 g\/m\u00b2 \u2022 Koti m\u00f5\u00f5dud: 38.1 cm \u00d7 38.1 cm \u2022 Maht: 10 l \u2022 Maksimaalne kandev\u00f5ime: 20 kg \u2022 [&hellip;]","og_url":"https:\/\/mydailydose.eu\/et\/toode\/mydailydose-taistrukk-kandekott-pink6-2\/","og_site_name":"#mydailydose","og_image":[{"width":1000,"height":1000,"url":"https:\/\/mydailydose.eu\/wp-content\/uploads\/2022\/12\/all-over-print-tote-black-15x15-front-63919c70590d0-1.jpg","type":"image\/jpeg"}],"twitter_card":"summary_large_image","twitter_misc":{"Est. reading time":"1 minut"},"schema":{"@context":"https:\/\/schema.org","@graph":[{"@type":"WebPage","@id":"https:\/\/mydailydose.eu\/et\/toode\/mydailydose-taistrukk-kandekott-pink6-2\/","url":"https:\/\/mydailydose.eu\/et\/toode\/mydailydose-taistrukk-kandekott-pink6-2\/","name":"#mydailydose T\u00c4ISTR\u00dcKK KANDEKOTT Pink6 - #mydailydose","isPartOf":{"@id":"https:\/\/mydailydose.eu\/#website"},"primaryImageOfPage":{"@id":"https:\/\/mydailydose.eu\/et\/toode\/mydailydose-taistrukk-kandekott-pink6-2\/#primaryimage"},"image":{"@id":"https:\/\/mydailydose.eu\/et\/toode\/mydailydose-taistrukk-kandekott-pink6-2\/#primaryimage"},"thumbnailUrl":"https:\/\/mydailydose.eu\/wp-content\/uploads\/2022\/12\/all-over-print-tote-black-15x15-front-63919c70590d0-1.jpg","datePublished":"2022-12-08T08:16:15+00:00","breadcrumb":{"@id":"https:\/\/mydailydose.eu\/et\/toode\/mydailydose-taistrukk-kandekott-pink6-2\/#breadcrumb"},"inLanguage":"et","potentialAction":[{"@type":"ReadAction","target":["https:\/\/mydailydose.eu\/et\/toode\/mydailydose-taistrukk-kandekott-pink6-2\/"]}]},{"@type":"ImageObject","inLanguage":"et","@id":"https:\/\/mydailydose.eu\/et\/toode\/mydailydose-taistrukk-kandekott-pink6-2\/#primaryimage","url":"https:\/\/mydailydose.eu\/wp-content\/uploads\/2022\/12\/all-over-print-tote-black-15x15-front-63919c70590d0-1.jpg","contentUrl":"https:\/\/mydailydose.eu\/wp-content\/uploads\/2022\/12\/all-over-print-tote-black-15x15-front-63919c70590d0-1.jpg","width":1000,"height":1000},{"@type":"BreadcrumbList","@id":"https:\/\/mydailydose.eu\/et\/toode\/mydailydose-taistrukk-kandekott-pink6-2\/#breadcrumb","itemListElement":[{"@type":"ListItem","position":1,"name":"Home","item":"https:\/\/mydailydose.eu\/et\/"},{"@type":"ListItem","position":2,"name":"Shop","item":"https:\/\/mydailydose.eu\/et\/pood\/"},{"@type":"ListItem","position":3,"name":"#mydailydose T\u00c4ISTR\u00dcKK KANDEKOTT Pink6"}]},{"@type":"WebSite","@id":"https:\/\/mydailydose.eu\/#website","url":"https:\/\/mydailydose.eu\/","name":"#mydailydose","description":"Unique Gifts to #findyourfab - Original Art and Designs by Inna Inanna","potentialAction":[{"@type":"SearchAction","target":{"@type":"EntryPoint","urlTemplate":"https:\/\/mydailydose.eu\/?s={search_term_string}"},"query-input":{"@type":"PropertyValueSpecification","valueRequired":true,"valueName":"search_term_string"}}],"inLanguage":"et"}]}},"_links":{"self":[{"href":"https:\/\/mydailydose.eu\/et\/wp-json\/wp\/v2\/product\/6817","targetHints":{"allow":["GET"]}}],"collection":[{"href":"https:\/\/mydailydose.eu\/et\/wp-json\/wp\/v2\/product"}],"about":[{"href":"https:\/\/mydailydose.eu\/et\/wp-json\/wp\/v2\/types\/product"}],"replies":[{"embeddable":true,"href":"https:\/\/mydailydose.eu\/et\/wp-json\/wp\/v2\/comments?post=6817"}],"wp:featuredmedia":[{"embeddable":true,"href":"https:\/\/mydailydose.eu\/et\/wp-json\/wp\/v2\/media\/6787"}],"wp:attachment":[{"href":"https:\/\/mydailydose.eu\/et\/wp-json\/wp\/v2\/media?parent=6817"}],"wp:term":[{"taxonomy":"product_brand","embeddable":true,"href":"https:\/\/mydailydose.eu\/et\/wp-json\/wp\/v2\/product_brand?post=6817"},{"taxonomy":"product_cat","embeddable":true,"href":"https:\/\/mydailydose.eu\/et\/wp-json\/wp\/v2\/product_cat?post=6817"},{"taxonomy":"product_tag","embeddable":true,"href":"https:\/\/mydailydose.eu\/et\/wp-json\/wp\/v2\/product_tag?post=6817"}],"curies":[{"name":"wp","href":"https:\/\/api.w.org\/{rel}","templated":true}]}}