{"id":6940,"date":"2023-09-30T23:17:43","date_gmt":"2023-09-30T20:17:43","guid":{"rendered":"https:\/\/mydailydose.eu\/product\/mydailydose-kruus-with-red-character\/"},"modified":"2023-09-30T23:17:43","modified_gmt":"2023-09-30T20:17:43","slug":"mydailydose-kruus-with-red-character","status":"publish","type":"product","link":"https:\/\/mydailydose.eu\/et\/toode\/mydailydose-kruus-with-red-character\/","title":{"rendered":"#mydailydose KRUUS with Red Character"},"content":{"rendered":"<p>Lisa kohvi- v\u00f5i teejoomisele sortsuke s\u00e4ra ja killuke karakterit! See l\u00e4ikiv ja erksav\u00e4rviline kruus on tulnud meelitama sind m\u00e4ngulisemasse meeleollu, et v\u00f5iksid tunda oma p\u00e4evast rohkem r\u00f5\u00f5mu. Tore kingitus iseendale v\u00f5i armsatele l\u00e4hedastele.<\/p>\n<p>\u2022 325 ml keraamiline kruus, m\u00f5\u00f5dud: k\u00f5rgus 9.6 cm, l\u00e4bim\u00f5\u00f5t 8.3 cm<\/p>\n<p>\u2022 V\u00e4rviline serv, sisu ja k\u00f5rv<\/p>\n<p>\u2022\u00a0 Pestav n\u00f5udepesumasinas ja kasutatav mikrolaineahjus<\/p>\n<p>See toode valmistatakse spetsiaalselt sinu jaoks kohe p\u00e4rast tellimuse esitamist. See on p\u00f5hjus, miks toote saatmine sulle pisut enam aega v\u00f5tab. Toodete valmistamine n\u00f5udlusekohaselt ja mitte hulgi aitab v\u00e4hendada \u00fcletootmist. Ait\u00e4h, et oled tegemas l\u00e4bim\u00f5eldud ostuotsuseid!<\/p>\n","protected":false},"excerpt":{"rendered":"<p>Lisa kohvi- v\u00f5i teejoomisele sortsuke s\u00e4ra ja killuke karakterit! See l\u00e4ikiv ja erksav\u00e4rviline kruus on tulnud meelitama sind m\u00e4ngulisemasse meeleollu, et v\u00f5iksid tunda oma p\u00e4evast rohkem r\u00f5\u00f5mu. Tore kingitus iseendale v\u00f5i armsatele l\u00e4hedastele. \u2022 325 ml keraamiline kruus, m\u00f5\u00f5dud: k\u00f5rgus 9.6 cm, l\u00e4bim\u00f5\u00f5t 8.3 cm \u2022 V\u00e4rviline serv, sisu ja k\u00f5rv \u2022\u00a0 Pestav n\u00f5udepesumasinas ja [&hellip;]<\/p>\n","protected":false},"featured_media":6900,"comment_status":"open","ping_status":"closed","template":"","meta":{"site-sidebar-layout":"default","site-content-layout":"default","ast-site-content-layout":"default","site-content-style":"default","site-sidebar-style":"default","ast-global-header-display":"","ast-banner-title-visibility":"","ast-main-header-display":"","ast-hfb-above-header-display":"","ast-hfb-below-header-display":"","ast-hfb-mobile-header-display":"","site-post-title":"","ast-breadcrumbs-content":"","ast-featured-img":"","footer-sml-layout":"","ast-disable-related-posts":"","theme-transparent-header-meta":"default","adv-header-id-meta":"","stick-header-meta":"","header-above-stick-meta":"","header-main-stick-meta":"","header-below-stick-meta":"","astra-migrate-meta-layouts":"default","ast-page-background-enabled":"default","ast-page-background-meta":{"desktop":{"background-color":"","background-image":"","background-repeat":"repeat","background-position":"center center","background-size":"auto","background-attachment":"scroll","background-type":"","background-media":"","overlay-type":"","overlay-color":"","overlay-opacity":"","overlay-gradient":""},"tablet":{"background-color":"","background-image":"","background-repeat":"repeat","background-position":"center center","background-size":"auto","background-attachment":"scroll","background-type":"","background-media":"","overlay-type":"","overlay-color":"","overlay-opacity":"","overlay-gradient":""},"mobile":{"background-color":"","background-image":"","background-repeat":"repeat","background-position":"center center","background-size":"auto","background-attachment":"scroll","background-type":"","background-media":"","overlay-type":"","overlay-color":"","overlay-opacity":"","overlay-gradient":""}},"ast-content-background-meta":{"desktop":{"background-color":"var(--ast-global-color-5)","background-image":"","background-repeat":"repeat","background-position":"center center","background-size":"auto","background-attachment":"scroll","background-type":"","background-media":"","overlay-type":"","overlay-color":"","overlay-opacity":"","overlay-gradient":""},"tablet":{"background-color":"var(--ast-global-color-5)","background-image":"","background-repeat":"repeat","background-position":"center center","background-size":"auto","background-attachment":"scroll","background-type":"","background-media":"","overlay-type":"","overlay-color":"","overlay-opacity":"","overlay-gradient":""},"mobile":{"background-color":"var(--ast-global-color-5)","background-image":"","background-repeat":"repeat","background-position":"center center","background-size":"auto","background-attachment":"scroll","background-type":"","background-media":"","overlay-type":"","overlay-color":"","overlay-opacity":"","overlay-gradient":""}}},"product_brand":[],"product_cat":[],"product_tag":[],"class_list":{"0":"post-6940","1":"product","2":"type-product","3":"status-publish","4":"has-post-thumbnail","6":"desktop-align-left","7":"tablet-align-left","8":"mobile-align-left","10":"first","11":"instock","12":"shipping-taxable","13":"purchasable","14":"product-type-simple"},"yoast_head":"<!-- This site is optimized with the Yoast SEO plugin v27.3 - https:\/\/yoast.com\/product\/yoast-seo-wordpress\/ -->\n<title>#mydailydose KRUUS with Red Character - #mydailydose<\/title>\n<meta name=\"robots\" content=\"index, follow, max-snippet:-1, max-image-preview:large, max-video-preview:-1\" \/>\n<link rel=\"canonical\" href=\"https:\/\/mydailydose.eu\/et\/toode\/mydailydose-kruus-with-red-character\/\" \/>\n<meta property=\"og:locale\" content=\"et_EE\" \/>\n<meta property=\"og:type\" content=\"article\" \/>\n<meta property=\"og:title\" content=\"#mydailydose KRUUS with Red Character - #mydailydose\" \/>\n<meta property=\"og:description\" content=\"Lisa kohvi- v\u00f5i teejoomisele sortsuke s\u00e4ra ja killuke karakterit! See l\u00e4ikiv ja erksav\u00e4rviline kruus on tulnud meelitama sind m\u00e4ngulisemasse meeleollu, et v\u00f5iksid tunda oma p\u00e4evast rohkem r\u00f5\u00f5mu. Tore kingitus iseendale v\u00f5i armsatele l\u00e4hedastele. \u2022 325 ml keraamiline kruus, m\u00f5\u00f5dud: k\u00f5rgus 9.6 cm, l\u00e4bim\u00f5\u00f5t 8.3 cm \u2022 V\u00e4rviline serv, sisu ja k\u00f5rv \u2022\u00a0 Pestav n\u00f5udepesumasinas ja [&hellip;]\" \/>\n<meta property=\"og:url\" content=\"https:\/\/mydailydose.eu\/et\/toode\/mydailydose-kruus-with-red-character\/\" \/>\n<meta property=\"og:site_name\" content=\"#mydailydose\" \/>\n<meta property=\"og:image\" content=\"https:\/\/mydailydose.eu\/wp-content\/uploads\/2023\/09\/white-ceramic-mug-with-color-inside-red-11oz-right-6518825c3c73a.jpg\" \/>\n\t<meta property=\"og:image:width\" content=\"2000\" \/>\n\t<meta property=\"og:image:height\" content=\"2000\" \/>\n\t<meta property=\"og:image:type\" content=\"image\/jpeg\" \/>\n<meta name=\"twitter:card\" content=\"summary_large_image\" \/>\n<meta name=\"twitter:label1\" content=\"Est. reading time\" \/>\n\t<meta name=\"twitter:data1\" content=\"1 minut\" \/>\n<script type=\"application\/ld+json\" class=\"yoast-schema-graph\">{\"@context\":\"https:\\\/\\\/schema.org\",\"@graph\":[{\"@type\":\"WebPage\",\"@id\":\"https:\\\/\\\/mydailydose.eu\\\/et\\\/toode\\\/mydailydose-kruus-with-red-character\\\/\",\"url\":\"https:\\\/\\\/mydailydose.eu\\\/et\\\/toode\\\/mydailydose-kruus-with-red-character\\\/\",\"name\":\"#mydailydose KRUUS with Red Character - #mydailydose\",\"isPartOf\":{\"@id\":\"https:\\\/\\\/www.mydailydose.eu\\\/#website\"},\"primaryImageOfPage\":{\"@id\":\"https:\\\/\\\/mydailydose.eu\\\/et\\\/toode\\\/mydailydose-kruus-with-red-character\\\/#primaryimage\"},\"image\":{\"@id\":\"https:\\\/\\\/mydailydose.eu\\\/et\\\/toode\\\/mydailydose-kruus-with-red-character\\\/#primaryimage\"},\"thumbnailUrl\":\"https:\\\/\\\/mydailydose.eu\\\/wp-content\\\/uploads\\\/2023\\\/09\\\/white-ceramic-mug-with-color-inside-red-11oz-right-6518825c3c73a.jpg\",\"datePublished\":\"2023-09-30T20:17:43+00:00\",\"breadcrumb\":{\"@id\":\"https:\\\/\\\/mydailydose.eu\\\/et\\\/toode\\\/mydailydose-kruus-with-red-character\\\/#breadcrumb\"},\"inLanguage\":\"et\",\"potentialAction\":[{\"@type\":\"ReadAction\",\"target\":[\"https:\\\/\\\/mydailydose.eu\\\/et\\\/toode\\\/mydailydose-kruus-with-red-character\\\/\"]}]},{\"@type\":\"ImageObject\",\"inLanguage\":\"et\",\"@id\":\"https:\\\/\\\/mydailydose.eu\\\/et\\\/toode\\\/mydailydose-kruus-with-red-character\\\/#primaryimage\",\"url\":\"https:\\\/\\\/mydailydose.eu\\\/wp-content\\\/uploads\\\/2023\\\/09\\\/white-ceramic-mug-with-color-inside-red-11oz-right-6518825c3c73a.jpg\",\"contentUrl\":\"https:\\\/\\\/mydailydose.eu\\\/wp-content\\\/uploads\\\/2023\\\/09\\\/white-ceramic-mug-with-color-inside-red-11oz-right-6518825c3c73a.jpg\",\"width\":2000,\"height\":2000},{\"@type\":\"BreadcrumbList\",\"@id\":\"https:\\\/\\\/mydailydose.eu\\\/et\\\/toode\\\/mydailydose-kruus-with-red-character\\\/#breadcrumb\",\"itemListElement\":[{\"@type\":\"ListItem\",\"position\":1,\"name\":\"Home\",\"item\":\"https:\\\/\\\/mydailydose.eu\\\/et\\\/\"},{\"@type\":\"ListItem\",\"position\":2,\"name\":\"Shop\",\"item\":\"https:\\\/\\\/www.mydailydose.eu\\\/shop\\\/\"},{\"@type\":\"ListItem\",\"position\":3,\"name\":\"#mydailydose KRUUS with Red Character\"}]},{\"@type\":\"WebSite\",\"@id\":\"https:\\\/\\\/www.mydailydose.eu\\\/#website\",\"url\":\"https:\\\/\\\/www.mydailydose.eu\\\/\",\"name\":\"#mydailydose\",\"description\":\"Unique Gifts to #findyourfab - Original Art and Designs by Inna Inanna\",\"potentialAction\":[{\"@type\":\"SearchAction\",\"target\":{\"@type\":\"EntryPoint\",\"urlTemplate\":\"https:\\\/\\\/www.mydailydose.eu\\\/?s={search_term_string}\"},\"query-input\":{\"@type\":\"PropertyValueSpecification\",\"valueRequired\":true,\"valueName\":\"search_term_string\"}}],\"inLanguage\":\"et\"}]}<\/script>\n<!-- \/ Yoast SEO plugin. -->","yoast_head_json":{"title":"#mydailydose KRUUS with Red Character - #mydailydose","robots":{"index":"index","follow":"follow","max-snippet":"max-snippet:-1","max-image-preview":"max-image-preview:large","max-video-preview":"max-video-preview:-1"},"canonical":"https:\/\/mydailydose.eu\/et\/toode\/mydailydose-kruus-with-red-character\/","og_locale":"et_EE","og_type":"article","og_title":"#mydailydose KRUUS with Red Character - #mydailydose","og_description":"Lisa kohvi- v\u00f5i teejoomisele sortsuke s\u00e4ra ja killuke karakterit! See l\u00e4ikiv ja erksav\u00e4rviline kruus on tulnud meelitama sind m\u00e4ngulisemasse meeleollu, et v\u00f5iksid tunda oma p\u00e4evast rohkem r\u00f5\u00f5mu. Tore kingitus iseendale v\u00f5i armsatele l\u00e4hedastele. \u2022 325 ml keraamiline kruus, m\u00f5\u00f5dud: k\u00f5rgus 9.6 cm, l\u00e4bim\u00f5\u00f5t 8.3 cm \u2022 V\u00e4rviline serv, sisu ja k\u00f5rv \u2022\u00a0 Pestav n\u00f5udepesumasinas ja [&hellip;]","og_url":"https:\/\/mydailydose.eu\/et\/toode\/mydailydose-kruus-with-red-character\/","og_site_name":"#mydailydose","og_image":[{"width":2000,"height":2000,"url":"https:\/\/mydailydose.eu\/wp-content\/uploads\/2023\/09\/white-ceramic-mug-with-color-inside-red-11oz-right-6518825c3c73a.jpg","type":"image\/jpeg"}],"twitter_card":"summary_large_image","twitter_misc":{"Est. reading time":"1 minut"},"schema":{"@context":"https:\/\/schema.org","@graph":[{"@type":"WebPage","@id":"https:\/\/mydailydose.eu\/et\/toode\/mydailydose-kruus-with-red-character\/","url":"https:\/\/mydailydose.eu\/et\/toode\/mydailydose-kruus-with-red-character\/","name":"#mydailydose KRUUS with Red Character - #mydailydose","isPartOf":{"@id":"https:\/\/www.mydailydose.eu\/#website"},"primaryImageOfPage":{"@id":"https:\/\/mydailydose.eu\/et\/toode\/mydailydose-kruus-with-red-character\/#primaryimage"},"image":{"@id":"https:\/\/mydailydose.eu\/et\/toode\/mydailydose-kruus-with-red-character\/#primaryimage"},"thumbnailUrl":"https:\/\/mydailydose.eu\/wp-content\/uploads\/2023\/09\/white-ceramic-mug-with-color-inside-red-11oz-right-6518825c3c73a.jpg","datePublished":"2023-09-30T20:17:43+00:00","breadcrumb":{"@id":"https:\/\/mydailydose.eu\/et\/toode\/mydailydose-kruus-with-red-character\/#breadcrumb"},"inLanguage":"et","potentialAction":[{"@type":"ReadAction","target":["https:\/\/mydailydose.eu\/et\/toode\/mydailydose-kruus-with-red-character\/"]}]},{"@type":"ImageObject","inLanguage":"et","@id":"https:\/\/mydailydose.eu\/et\/toode\/mydailydose-kruus-with-red-character\/#primaryimage","url":"https:\/\/mydailydose.eu\/wp-content\/uploads\/2023\/09\/white-ceramic-mug-with-color-inside-red-11oz-right-6518825c3c73a.jpg","contentUrl":"https:\/\/mydailydose.eu\/wp-content\/uploads\/2023\/09\/white-ceramic-mug-with-color-inside-red-11oz-right-6518825c3c73a.jpg","width":2000,"height":2000},{"@type":"BreadcrumbList","@id":"https:\/\/mydailydose.eu\/et\/toode\/mydailydose-kruus-with-red-character\/#breadcrumb","itemListElement":[{"@type":"ListItem","position":1,"name":"Home","item":"https:\/\/mydailydose.eu\/et\/"},{"@type":"ListItem","position":2,"name":"Shop","item":"https:\/\/www.mydailydose.eu\/shop\/"},{"@type":"ListItem","position":3,"name":"#mydailydose KRUUS with Red Character"}]},{"@type":"WebSite","@id":"https:\/\/www.mydailydose.eu\/#website","url":"https:\/\/www.mydailydose.eu\/","name":"#mydailydose","description":"Unique Gifts to #findyourfab - Original Art and Designs by Inna Inanna","potentialAction":[{"@type":"SearchAction","target":{"@type":"EntryPoint","urlTemplate":"https:\/\/www.mydailydose.eu\/?s={search_term_string}"},"query-input":{"@type":"PropertyValueSpecification","valueRequired":true,"valueName":"search_term_string"}}],"inLanguage":"et"}]}},"_links":{"self":[{"href":"https:\/\/mydailydose.eu\/et\/wp-json\/wp\/v2\/product\/6940","targetHints":{"allow":["GET"]}}],"collection":[{"href":"https:\/\/mydailydose.eu\/et\/wp-json\/wp\/v2\/product"}],"about":[{"href":"https:\/\/mydailydose.eu\/et\/wp-json\/wp\/v2\/types\/product"}],"replies":[{"embeddable":true,"href":"https:\/\/mydailydose.eu\/et\/wp-json\/wp\/v2\/comments?post=6940"}],"wp:featuredmedia":[{"embeddable":true,"href":"https:\/\/mydailydose.eu\/et\/wp-json\/wp\/v2\/media\/6900"}],"wp:attachment":[{"href":"https:\/\/mydailydose.eu\/et\/wp-json\/wp\/v2\/media?parent=6940"}],"wp:term":[{"taxonomy":"product_brand","embeddable":true,"href":"https:\/\/mydailydose.eu\/et\/wp-json\/wp\/v2\/product_brand?post=6940"},{"taxonomy":"product_cat","embeddable":true,"href":"https:\/\/mydailydose.eu\/et\/wp-json\/wp\/v2\/product_cat?post=6940"},{"taxonomy":"product_tag","embeddable":true,"href":"https:\/\/mydailydose.eu\/et\/wp-json\/wp\/v2\/product_tag?post=6940"}],"curies":[{"name":"wp","href":"https:\/\/api.w.org\/{rel}","templated":true}]}}