{"id":8084,"date":"2024-05-21T09:23:39","date_gmt":"2024-05-21T06:23:39","guid":{"rendered":"https:\/\/mydailydose.eu\/?post_type=product&#038;p=8084"},"modified":"2026-03-31T04:30:02","modified_gmt":"2026-03-31T01:30:02","slug":"suvine-vabaohu-kunstituba","status":"publish","type":"product","link":"https:\/\/mydailydose.eu\/et\/toode\/suvine-vabaohu-kunstituba\/","title":{"rendered":"SUVINE VABA\u00d5HU KUNSTITUBA"},"content":{"rendered":"<p lang=\"et-EE\">Tere tulemast!<\/p>\n<p lang=\"et-EE\">Kunstituba toimub N\u00f5mmel valgusk\u00fcllases lae ja p\u00f5randaga k\u00fctteta ruumis, mis \u00fchenduses suvise loodusega. T\u00e4pne asukoht saadetakse registreerumisel. Juhendajaks kogenud loovuse entusiast ja kunsti\u00f5petaja Inna Inanna.<\/p>\n<p lang=\"et-EE\">NB! Tegu ei ole kunsti\u00f5pingutele asumise tehnilise ettevalmistuskursusega!<\/p>\n<p lang=\"et-EE\">Kunstialane ettevalmistus pole osalemiseks tarvilik, k\u00fcll aga soov taasavastada ja v\u00e4ljendada oma erip\u00e4ra ja loovust. Eesm\u00e4rgiks pole tekitada surematuid taieseid, pigem l\u00f5dvestuda, tunda r\u00f5\u00f5mu iseendast, protsessist ja v\u00e4rvidest. Teeme lihtsaid projekte, et avaneda loomisr\u00f5\u00f5mule ja avastada endas uusi seisundeid.<\/p>\n<p lang=\"et-EE\">See on sulle, kui sind k\u00f6idavad v\u00e4rvid-pintslid ja muu kunstiga seonduv. See on sulle, kui oled tuttav hirmuga t\u00fchja l\u00f5uendi ees. See on sulle, kui oled valmis lubama oma ellu rohkem r\u00f5\u00f5mu. Katsetame koos erinevaid kunstimeediume ja sukeldume protsessi, et tuua voolus pinnale r\u00f5\u00f5m, mille saad kaasa v\u00f5tta oma igap\u00e4evaellu.<\/p>\n<p>Toimumisajad suvistel <span lang=\"et-EE\">neljap\u00e4evadel 2 akadeemilist tundi kell 18.00 \u2013 19.30 <\/span><\/p>\n<p>juunis:\u00a0<span lang=\"et-EE\">27.<\/span><span lang=\"et-EE\">06. <\/span><\/p>\n<p><span lang=\"et-EE\">J\u00e4tkame ka juulis ja augustis.<\/span><\/p>\n<p>Hind <span lang=\"et-EE\">\u20ac<\/span>2<span lang=\"et-EE\">5<\/span>.- v\u00f5i <span lang=\"et-EE\">\u20ac<\/span>60.- <span lang=\"et-EE\">kolme<\/span> korra\/inimese eest.<\/p>\n<p><span lang=\"et-EE\">Sobib <\/span><span lang=\"et-EE\">t\u00e4iskasvanutele ja lastele 10+ eluaastat. <\/span><span lang=\"et-EE\">M<\/span><span lang=\"et-EE\">aterjalid<\/span> <span lang=\"et-EE\">hinnas<\/span>.<\/p>\n<p><span lang=\"et-EE\">NB! <\/span>RIIETE KAITSEKS V\u00d5TA KAASA P\u00d5LL V\u00d5I SUUREM TOPP.<\/p>\n<p lang=\"et-EE\">Oma osaluse kinnitamiseks on kaks v\u00f5imalust:<\/p>\n<p lang=\"et-EE\">1. ostu sooritamine l\u00e4bi ostukorvi, v\u00f5i<\/p>\n<p lang=\"et-EE\">2. registreerumine l\u00e4bi <a href=\"https:\/\/mydailydose.eu\/et\/kontakt\/\" target=\"_blank\" rel=\"noopener\">kontaktivormi<\/a>, m\u00e4rkides \u00e4ra kuup\u00e4eva ja tasudes kohapeal sularahas.<\/p>\n<p lang=\"et-EE\">Ettev\u00f5tte arve v\u00f5imalus.<\/p>\n<p lang=\"et-EE\">Kolme kombole saab registreeruda ainult l\u00e4bi <a href=\"https:\/\/mydailydose.eu\/et\/kontakt\/\" target=\"_blank\" rel=\"noopener\">kontaktivormi<\/a>, m\u00e4rkides \u00e4ra oma eelistused.<\/p>\n<p lang=\"et-EE\"><strong>Kohtade arv on piiratud. Registreerumine l\u00f5ppeb 6h enne kunstiklubi toimumise algust.<\/strong><\/p>\n<p lang=\"et-EE\">REGISTREERUMISE T\u00dcHISTAMINE<\/p>\n<p lang=\"et-EE\">Registreerunul on v\u00f5imalik oma osalussoov t\u00fchistada kuni kolm p\u00e4eva enne s\u00fcndmuse toimumise aega ning seej\u00e4rel makstud osalustasu tagasi saada.<\/p>\n<p lang=\"et-EE\">S\u00dcNDMUSE \u00c4RAJ\u00c4TMINE<\/p>\n<p lang=\"et-EE\">Korraldajal on \u00f5igus s\u00fcndmus etten\u00e4gematutel asjaoludel \/ ebapiisava t\u00e4itumise korral \u00e4ra j\u00e4tta. Juba makstud osalustasud tagastatakse hiljemalt kolme p\u00e4eva jooksul taolise otsuse vastuv\u00f5tmisest.<\/p>\n","protected":false},"excerpt":{"rendered":"<p>T\u00e4psem info s\u00fcndmuse ja soodushinna kohta allolevas kirjelduses.<\/p>\n<p>Juuli ja augusti kuup\u00e4evade ja muude k\u00fcsimuste osas <a href=\"https:\/\/mydailydose.eu\/et\/kontakt\">v\u00f5ta kontakti<\/a>.<\/p>\n<p>&nbsp;<\/p>\n","protected":false},"featured_media":8103,"comment_status":"open","ping_status":"closed","template":"","meta":{"site-sidebar-layout":"default","site-content-layout":"default","ast-site-content-layout":"default","site-content-style":"default","site-sidebar-style":"default","ast-global-header-display":"","ast-banner-title-visibility":"","ast-main-header-display":"","ast-hfb-above-header-display":"","ast-hfb-below-header-display":"","ast-hfb-mobile-header-display":"","site-post-title":"","ast-breadcrumbs-content":"","ast-featured-img":"","footer-sml-layout":"","theme-transparent-header-meta":"default","adv-header-id-meta":"","stick-header-meta":"","header-above-stick-meta":"","header-main-stick-meta":"","header-below-stick-meta":"","astra-migrate-meta-layouts":"set","ast-page-background-enabled":"default","ast-page-background-meta":{"desktop":{"background-color":"","background-image":"","background-repeat":"repeat","background-position":"center center","background-size":"auto","background-attachment":"scroll","background-type":"","background-media":"","overlay-type":"","overlay-color":"","overlay-gradient":""},"tablet":{"background-color":"","background-image":"","background-repeat":"repeat","background-position":"center center","background-size":"auto","background-attachment":"scroll","background-type":"","background-media":"","overlay-type":"","overlay-color":"","overlay-gradient":""},"mobile":{"background-color":"","background-image":"","background-repeat":"repeat","background-position":"center center","background-size":"auto","background-attachment":"scroll","background-type":"","background-media":"","overlay-type":"","overlay-color":"","overlay-gradient":""}},"ast-content-background-meta":{"desktop":{"background-color":"var(--ast-global-color-5)","background-image":"","background-repeat":"repeat","background-position":"center center","background-size":"auto","background-attachment":"scroll","background-type":"","background-media":"","overlay-type":"","overlay-color":"","overlay-gradient":""},"tablet":{"background-color":"var(--ast-global-color-5)","background-image":"","background-repeat":"repeat","background-position":"center center","background-size":"auto","background-attachment":"scroll","background-type":"","background-media":"","overlay-type":"","overlay-color":"","overlay-gradient":""},"mobile":{"background-color":"var(--ast-global-color-5)","background-image":"","background-repeat":"repeat","background-position":"center center","background-size":"auto","background-attachment":"scroll","background-type":"","background-media":"","overlay-type":"","overlay-color":"","overlay-gradient":""}}},"product_brand":[],"product_cat":[175],"product_tag":[180],"class_list":{"0":"post-8084","1":"product","2":"type-product","3":"status-publish","4":"has-post-thumbnail","6":"product_cat-sundmused","7":"product_tag-naost-nakku","8":"desktop-align-left","9":"tablet-align-left","10":"mobile-align-left","12":"first","13":"outofstock","14":"shipping-taxable","15":"product-type-variable"},"yoast_head":"<!-- This site is optimized with the Yoast SEO plugin v27.3 - https:\/\/yoast.com\/product\/yoast-seo-wordpress\/ -->\n<title>SUVINE VABA\u00d5HU KUNSTITUBA - #mydailydose<\/title>\n<meta name=\"robots\" content=\"index, follow, max-snippet:-1, max-image-preview:large, max-video-preview:-1\" \/>\n<link rel=\"canonical\" href=\"https:\/\/mydailydose.eu\/et\/toode\/suvine-vabaohu-kunstituba\/\" \/>\n<meta property=\"og:locale\" content=\"et_EE\" \/>\n<meta property=\"og:type\" content=\"article\" \/>\n<meta property=\"og:title\" content=\"SUVINE VABA\u00d5HU KUNSTITUBA - #mydailydose\" \/>\n<meta property=\"og:description\" content=\"T\u00e4psem info s\u00fcndmuse ja soodushinna kohta allolevas kirjelduses.  Juuli ja augusti kuup\u00e4evade ja muude k\u00fcsimuste osas v\u00f5ta kontakti.  &nbsp;\" \/>\n<meta property=\"og:url\" content=\"https:\/\/mydailydose.eu\/et\/toode\/suvine-vabaohu-kunstituba\/\" \/>\n<meta property=\"og:site_name\" content=\"#mydailydose\" \/>\n<meta property=\"article:modified_time\" content=\"2026-03-31T01:30:02+00:00\" \/>\n<meta property=\"og:image\" content=\"https:\/\/mydailydose.eu\/wp-content\/uploads\/2024\/05\/VABAOHU-KUNSTITUBA.png\" \/>\n\t<meta property=\"og:image:width\" content=\"1080\" \/>\n\t<meta property=\"og:image:height\" content=\"1080\" \/>\n\t<meta property=\"og:image:type\" content=\"image\/png\" \/>\n<meta name=\"twitter:card\" content=\"summary_large_image\" \/>\n<meta name=\"twitter:label1\" content=\"Est. reading time\" \/>\n\t<meta name=\"twitter:data1\" content=\"2 minutit\" \/>\n<script type=\"application\/ld+json\" class=\"yoast-schema-graph\">{\"@context\":\"https:\\\/\\\/schema.org\",\"@graph\":[{\"@type\":\"WebPage\",\"@id\":\"https:\\\/\\\/mydailydose.eu\\\/et\\\/toode\\\/suvine-vabaohu-kunstituba\\\/\",\"url\":\"https:\\\/\\\/mydailydose.eu\\\/et\\\/toode\\\/suvine-vabaohu-kunstituba\\\/\",\"name\":\"SUVINE VABA\u00d5HU KUNSTITUBA - #mydailydose\",\"isPartOf\":{\"@id\":\"https:\\\/\\\/mydailydose.eu\\\/#website\"},\"primaryImageOfPage\":{\"@id\":\"https:\\\/\\\/mydailydose.eu\\\/et\\\/toode\\\/suvine-vabaohu-kunstituba\\\/#primaryimage\"},\"image\":{\"@id\":\"https:\\\/\\\/mydailydose.eu\\\/et\\\/toode\\\/suvine-vabaohu-kunstituba\\\/#primaryimage\"},\"thumbnailUrl\":\"https:\\\/\\\/mydailydose.eu\\\/wp-content\\\/uploads\\\/2024\\\/05\\\/VABAOHU-KUNSTITUBA.png\",\"datePublished\":\"2024-05-21T06:23:39+00:00\",\"dateModified\":\"2026-03-31T01:30:02+00:00\",\"breadcrumb\":{\"@id\":\"https:\\\/\\\/mydailydose.eu\\\/et\\\/toode\\\/suvine-vabaohu-kunstituba\\\/#breadcrumb\"},\"inLanguage\":\"et\",\"potentialAction\":[{\"@type\":\"ReadAction\",\"target\":[\"https:\\\/\\\/mydailydose.eu\\\/et\\\/toode\\\/suvine-vabaohu-kunstituba\\\/\"]}]},{\"@type\":\"ImageObject\",\"inLanguage\":\"et\",\"@id\":\"https:\\\/\\\/mydailydose.eu\\\/et\\\/toode\\\/suvine-vabaohu-kunstituba\\\/#primaryimage\",\"url\":\"https:\\\/\\\/mydailydose.eu\\\/wp-content\\\/uploads\\\/2024\\\/05\\\/VABAOHU-KUNSTITUBA.png\",\"contentUrl\":\"https:\\\/\\\/mydailydose.eu\\\/wp-content\\\/uploads\\\/2024\\\/05\\\/VABAOHU-KUNSTITUBA.png\",\"width\":1080,\"height\":1080},{\"@type\":\"BreadcrumbList\",\"@id\":\"https:\\\/\\\/mydailydose.eu\\\/et\\\/toode\\\/suvine-vabaohu-kunstituba\\\/#breadcrumb\",\"itemListElement\":[{\"@type\":\"ListItem\",\"position\":1,\"name\":\"Home\",\"item\":\"https:\\\/\\\/www.mydailydose.eu\\\/et\\\/\"},{\"@type\":\"ListItem\",\"position\":2,\"name\":\"Shop\",\"item\":\"https:\\\/\\\/mydailydose.eu\\\/shop\\\/\"},{\"@type\":\"ListItem\",\"position\":3,\"name\":\"SUVINE VABA\u00d5HU KUNSTITUBA\"}]},{\"@type\":\"WebSite\",\"@id\":\"https:\\\/\\\/mydailydose.eu\\\/#website\",\"url\":\"https:\\\/\\\/mydailydose.eu\\\/\",\"name\":\"#mydailydose\",\"description\":\"Unique Gifts to #findyourfab - Original Art and Designs by Inna Inanna\",\"potentialAction\":[{\"@type\":\"SearchAction\",\"target\":{\"@type\":\"EntryPoint\",\"urlTemplate\":\"https:\\\/\\\/mydailydose.eu\\\/?s={search_term_string}\"},\"query-input\":{\"@type\":\"PropertyValueSpecification\",\"valueRequired\":true,\"valueName\":\"search_term_string\"}}],\"inLanguage\":\"et\"}]}<\/script>\n<!-- \/ Yoast SEO plugin. -->","yoast_head_json":{"title":"SUVINE VABA\u00d5HU KUNSTITUBA - #mydailydose","robots":{"index":"index","follow":"follow","max-snippet":"max-snippet:-1","max-image-preview":"max-image-preview:large","max-video-preview":"max-video-preview:-1"},"canonical":"https:\/\/mydailydose.eu\/et\/toode\/suvine-vabaohu-kunstituba\/","og_locale":"et_EE","og_type":"article","og_title":"SUVINE VABA\u00d5HU KUNSTITUBA - #mydailydose","og_description":"T\u00e4psem info s\u00fcndmuse ja soodushinna kohta allolevas kirjelduses.  Juuli ja augusti kuup\u00e4evade ja muude k\u00fcsimuste osas v\u00f5ta kontakti.  &nbsp;","og_url":"https:\/\/mydailydose.eu\/et\/toode\/suvine-vabaohu-kunstituba\/","og_site_name":"#mydailydose","article_modified_time":"2026-03-31T01:30:02+00:00","og_image":[{"width":1080,"height":1080,"url":"https:\/\/mydailydose.eu\/wp-content\/uploads\/2024\/05\/VABAOHU-KUNSTITUBA.png","type":"image\/png"}],"twitter_card":"summary_large_image","twitter_misc":{"Est. reading time":"2 minutit"},"schema":{"@context":"https:\/\/schema.org","@graph":[{"@type":"WebPage","@id":"https:\/\/mydailydose.eu\/et\/toode\/suvine-vabaohu-kunstituba\/","url":"https:\/\/mydailydose.eu\/et\/toode\/suvine-vabaohu-kunstituba\/","name":"SUVINE VABA\u00d5HU KUNSTITUBA - #mydailydose","isPartOf":{"@id":"https:\/\/mydailydose.eu\/#website"},"primaryImageOfPage":{"@id":"https:\/\/mydailydose.eu\/et\/toode\/suvine-vabaohu-kunstituba\/#primaryimage"},"image":{"@id":"https:\/\/mydailydose.eu\/et\/toode\/suvine-vabaohu-kunstituba\/#primaryimage"},"thumbnailUrl":"https:\/\/mydailydose.eu\/wp-content\/uploads\/2024\/05\/VABAOHU-KUNSTITUBA.png","datePublished":"2024-05-21T06:23:39+00:00","dateModified":"2026-03-31T01:30:02+00:00","breadcrumb":{"@id":"https:\/\/mydailydose.eu\/et\/toode\/suvine-vabaohu-kunstituba\/#breadcrumb"},"inLanguage":"et","potentialAction":[{"@type":"ReadAction","target":["https:\/\/mydailydose.eu\/et\/toode\/suvine-vabaohu-kunstituba\/"]}]},{"@type":"ImageObject","inLanguage":"et","@id":"https:\/\/mydailydose.eu\/et\/toode\/suvine-vabaohu-kunstituba\/#primaryimage","url":"https:\/\/mydailydose.eu\/wp-content\/uploads\/2024\/05\/VABAOHU-KUNSTITUBA.png","contentUrl":"https:\/\/mydailydose.eu\/wp-content\/uploads\/2024\/05\/VABAOHU-KUNSTITUBA.png","width":1080,"height":1080},{"@type":"BreadcrumbList","@id":"https:\/\/mydailydose.eu\/et\/toode\/suvine-vabaohu-kunstituba\/#breadcrumb","itemListElement":[{"@type":"ListItem","position":1,"name":"Home","item":"https:\/\/www.mydailydose.eu\/et\/"},{"@type":"ListItem","position":2,"name":"Shop","item":"https:\/\/mydailydose.eu\/shop\/"},{"@type":"ListItem","position":3,"name":"SUVINE VABA\u00d5HU KUNSTITUBA"}]},{"@type":"WebSite","@id":"https:\/\/mydailydose.eu\/#website","url":"https:\/\/mydailydose.eu\/","name":"#mydailydose","description":"Unique Gifts to #findyourfab - Original Art and Designs by Inna Inanna","potentialAction":[{"@type":"SearchAction","target":{"@type":"EntryPoint","urlTemplate":"https:\/\/mydailydose.eu\/?s={search_term_string}"},"query-input":{"@type":"PropertyValueSpecification","valueRequired":true,"valueName":"search_term_string"}}],"inLanguage":"et"}]}},"_links":{"self":[{"href":"https:\/\/mydailydose.eu\/et\/wp-json\/wp\/v2\/product\/8084","targetHints":{"allow":["GET"]}}],"collection":[{"href":"https:\/\/mydailydose.eu\/et\/wp-json\/wp\/v2\/product"}],"about":[{"href":"https:\/\/mydailydose.eu\/et\/wp-json\/wp\/v2\/types\/product"}],"replies":[{"embeddable":true,"href":"https:\/\/mydailydose.eu\/et\/wp-json\/wp\/v2\/comments?post=8084"}],"wp:featuredmedia":[{"embeddable":true,"href":"https:\/\/mydailydose.eu\/et\/wp-json\/wp\/v2\/media\/8103"}],"wp:attachment":[{"href":"https:\/\/mydailydose.eu\/et\/wp-json\/wp\/v2\/media?parent=8084"}],"wp:term":[{"taxonomy":"product_brand","embeddable":true,"href":"https:\/\/mydailydose.eu\/et\/wp-json\/wp\/v2\/product_brand?post=8084"},{"taxonomy":"product_cat","embeddable":true,"href":"https:\/\/mydailydose.eu\/et\/wp-json\/wp\/v2\/product_cat?post=8084"},{"taxonomy":"product_tag","embeddable":true,"href":"https:\/\/mydailydose.eu\/et\/wp-json\/wp\/v2\/product_tag?post=8084"}],"curies":[{"name":"wp","href":"https:\/\/api.w.org\/{rel}","templated":true}]}}