{"id":9337,"date":"2024-08-04T18:29:03","date_gmt":"2024-08-07T14:26:12","guid":{"rendered":"https:\/\/mydailydose.eu\/?post_type=product&#038;p=9337"},"modified":"2024-08-07T17:26:12","modified_gmt":"2024-08-07T14:26:12","slug":"mydailydose-abstraktse-kunsti-poster-icy-glaze-2-4-suurused-tollides","status":"publish","type":"product","link":"https:\/\/mydailydose.eu\/et\/toode\/mydailydose-abstraktse-kunsti-poster-icy-glaze-2-4-suurused-tollides\/","title":{"rendered":"#mydailydose Abstraktse kunsti poster Icy Glaze 2\/4 (suurused tollides)"},"content":{"rendered":"<p lang=\"et-EE\">#mydailydose abstraktse kunsti postrid on digitr\u00fckised Inna Inanna originaalloomingust \u2013 akr\u00fc\u00fcl paberil, inimlooming.<\/p>\n<p lang=\"et-EE\">Need matid muuseumikvaliteedis postrid on stiilne ja elegantne viis kirgastada ja elavdada \u00fcksk\u00f5ik millist ruumi. Ere v\u00e4rvilaik, mis paneb elavnema ja naeratama &#8211; parim kingitus iseendale ja armsatele l\u00e4hedastele.<\/p>\n<p>Tr\u00fckitud kvaliteetpaberile ja raamimiseks valmis. <span lang=\"et-EE\">M\u00e4rgistatud viitamise<\/span><span lang=\"et-EE\">ks<\/span><span lang=\"et-EE\"> ja <\/span><span lang=\"et-EE\">autentsuse kinnituseks. <\/span> Postipakendiks postitustoru.<\/p>\n<p lang=\"et-EE\">Pildid on illustratiivse iseloomuga. Poster m\u00fc\u00fcakse raamita.<\/p>\n<p lang=\"et-EE\">Postrid, mille suurused sentimeetrites, on saadaval eraldi tootena.<\/p>\n<p>\u2022 Paberi paksus: 10.3 mil (0.26 mm)<br \/>\n\u2022 Paberi kaal: 189 g\/m\u00b2<br \/>\n\u2022 <span lang=\"et-EE\">L\u00e4bipaistmatus: 94%<\/span><br \/>\n\u2022 <span lang=\"et-EE\">ISO heledus: 104%<\/span><br \/>\n\u2022 <span lang=\"et-EE\">Paber p\u00e4rineb Jaapanist<\/span><\/p>\n<p><span lang=\"et-EE\">T<\/span>oode valmistatakse spetsiaalselt sinu jaoks kohe p\u00e4rast tellimuse esitamist. See on p\u00f5hjus, miks <span lang=\"et-EE\">selle teelepanek<\/span> pisut enam aega v\u00f5tab. Toodete valmistamine n\u00f5udlusekohaselt ja mitte hulgi aitab v\u00e4hendada \u00fcletootmist. Ait\u00e4h, et oled tegemas teadlikke ostuotsuseid!<\/p>\n","protected":false},"excerpt":{"rendered":"<p>#mydailydose abstraktse kunsti postrid on digitr\u00fckised Inna Inanna originaalloomingust \u2013 akr\u00fc\u00fcl paberil, inimlooming. Need matid muuseumikvaliteedis postrid on stiilne ja elegantne viis kirgastada ja elavdada \u00fcksk\u00f5ik millist ruumi. Ere v\u00e4rvilaik, mis paneb elavnema ja naeratama &#8211; parim kingitus iseendale ja armsatele l\u00e4hedastele. Tr\u00fckitud kvaliteetpaberile ja raamimiseks valmis. M\u00e4rgistatud viitamiseks ja autentsuse kinnituseks. Postipakendiks postitustoru. Pildid [&hellip;]<\/p>\n","protected":false},"featured_media":9036,"comment_status":"open","ping_status":"closed","template":"","meta":{"site-sidebar-layout":"default","site-content-layout":"","ast-site-content-layout":"default","site-content-style":"default","site-sidebar-style":"default","ast-global-header-display":"","ast-banner-title-visibility":"","ast-main-header-display":"","ast-hfb-above-header-display":"","ast-hfb-below-header-display":"","ast-hfb-mobile-header-display":"","site-post-title":"","ast-breadcrumbs-content":"","ast-featured-img":"","footer-sml-layout":"","ast-disable-related-posts":"","theme-transparent-header-meta":"default","adv-header-id-meta":"","stick-header-meta":"","header-above-stick-meta":"","header-main-stick-meta":"","header-below-stick-meta":"","astra-migrate-meta-layouts":"set","ast-page-background-enabled":"default","ast-page-background-meta":{"desktop":{"background-color":"","background-image":"","background-repeat":"repeat","background-position":"center center","background-size":"auto","background-attachment":"scroll","background-type":"","background-media":"","overlay-type":"","overlay-color":"","overlay-opacity":"","overlay-gradient":""},"tablet":{"background-color":"","background-image":"","background-repeat":"repeat","background-position":"center center","background-size":"auto","background-attachment":"scroll","background-type":"","background-media":"","overlay-type":"","overlay-color":"","overlay-opacity":"","overlay-gradient":""},"mobile":{"background-color":"","background-image":"","background-repeat":"repeat","background-position":"center center","background-size":"auto","background-attachment":"scroll","background-type":"","background-media":"","overlay-type":"","overlay-color":"","overlay-opacity":"","overlay-gradient":""}},"ast-content-background-meta":{"desktop":{"background-color":"var(--ast-global-color-5)","background-image":"","background-repeat":"repeat","background-position":"center center","background-size":"auto","background-attachment":"scroll","background-type":"","background-media":"","overlay-type":"","overlay-color":"","overlay-opacity":"","overlay-gradient":""},"tablet":{"background-color":"var(--ast-global-color-5)","background-image":"","background-repeat":"repeat","background-position":"center center","background-size":"auto","background-attachment":"scroll","background-type":"","background-media":"","overlay-type":"","overlay-color":"","overlay-opacity":"","overlay-gradient":""},"mobile":{"background-color":"var(--ast-global-color-5)","background-image":"","background-repeat":"repeat","background-position":"center center","background-size":"auto","background-attachment":"scroll","background-type":"","background-media":"","overlay-type":"","overlay-color":"","overlay-opacity":"","overlay-gradient":""}}},"product_brand":[],"product_cat":[57],"product_tag":[],"class_list":{"0":"post-9337","1":"product","2":"type-product","3":"status-publish","4":"has-post-thumbnail","6":"product_cat-kunstitrukised","7":"desktop-align-left","8":"tablet-align-left","9":"mobile-align-left","11":"first","12":"instock","13":"shipping-taxable","14":"purchasable","15":"product-type-variable"},"yoast_head":"<!-- This site is optimized with the Yoast SEO plugin v27.3 - https:\/\/yoast.com\/product\/yoast-seo-wordpress\/ -->\n<title>#mydailydose Abstraktse kunsti poster Icy Glaze 2\/4 (suurused tollides) - #mydailydose<\/title>\n<meta name=\"robots\" content=\"index, follow, max-snippet:-1, max-image-preview:large, max-video-preview:-1\" \/>\n<link rel=\"canonical\" href=\"https:\/\/mydailydose.eu\/et\/toode\/mydailydose-abstraktse-kunsti-poster-icy-glaze-2-4-suurused-tollides\/\" \/>\n<meta property=\"og:locale\" content=\"et_EE\" \/>\n<meta property=\"og:type\" content=\"article\" \/>\n<meta property=\"og:title\" content=\"#mydailydose Abstraktse kunsti poster Icy Glaze 2\/4 (suurused tollides) - #mydailydose\" \/>\n<meta property=\"og:description\" content=\"#mydailydose abstraktse kunsti postrid on digitr\u00fckised Inna Inanna originaalloomingust \u2013 akr\u00fc\u00fcl paberil, inimlooming. Need matid muuseumikvaliteedis postrid on stiilne ja elegantne viis kirgastada ja elavdada \u00fcksk\u00f5ik millist ruumi. Ere v\u00e4rvilaik, mis paneb elavnema ja naeratama &#8211; parim kingitus iseendale ja armsatele l\u00e4hedastele. Tr\u00fckitud kvaliteetpaberile ja raamimiseks valmis. M\u00e4rgistatud viitamiseks ja autentsuse kinnituseks. Postipakendiks postitustoru. Pildid [&hellip;]\" \/>\n<meta property=\"og:url\" content=\"https:\/\/mydailydose.eu\/et\/toode\/mydailydose-abstraktse-kunsti-poster-icy-glaze-2-4-suurused-tollides\/\" \/>\n<meta property=\"og:site_name\" content=\"#mydailydose\" \/>\n<meta property=\"og:image\" content=\"https:\/\/mydailydose.eu\/wp-content\/uploads\/2024\/08\/srohr6.jpg\" \/>\n\t<meta property=\"og:image:width\" content=\"1000\" \/>\n\t<meta property=\"og:image:height\" content=\"1000\" \/>\n\t<meta property=\"og:image:type\" content=\"image\/jpeg\" \/>\n<meta name=\"twitter:card\" content=\"summary_large_image\" \/>\n<meta name=\"twitter:label1\" content=\"Est. reading time\" \/>\n\t<meta name=\"twitter:data1\" content=\"1 minut\" \/>\n<script type=\"application\/ld+json\" class=\"yoast-schema-graph\">{\"@context\":\"https:\\\/\\\/schema.org\",\"@graph\":[{\"@type\":\"WebPage\",\"@id\":\"https:\\\/\\\/mydailydose.eu\\\/et\\\/toode\\\/mydailydose-abstraktse-kunsti-poster-icy-glaze-2-4-suurused-tollides\\\/\",\"url\":\"https:\\\/\\\/mydailydose.eu\\\/et\\\/toode\\\/mydailydose-abstraktse-kunsti-poster-icy-glaze-2-4-suurused-tollides\\\/\",\"name\":\"#mydailydose Abstraktse kunsti poster Icy Glaze 2\\\/4 (suurused tollides) - #mydailydose\",\"isPartOf\":{\"@id\":\"https:\\\/\\\/mydailydose.eu\\\/#website\"},\"primaryImageOfPage\":{\"@id\":\"https:\\\/\\\/mydailydose.eu\\\/et\\\/toode\\\/mydailydose-abstraktse-kunsti-poster-icy-glaze-2-4-suurused-tollides\\\/#primaryimage\"},\"image\":{\"@id\":\"https:\\\/\\\/mydailydose.eu\\\/et\\\/toode\\\/mydailydose-abstraktse-kunsti-poster-icy-glaze-2-4-suurused-tollides\\\/#primaryimage\"},\"thumbnailUrl\":\"https:\\\/\\\/mydailydose.eu\\\/wp-content\\\/uploads\\\/2024\\\/08\\\/srohr6.jpg\",\"datePublished\":\"2024-08-07T14:26:12+00:00\",\"breadcrumb\":{\"@id\":\"https:\\\/\\\/mydailydose.eu\\\/et\\\/toode\\\/mydailydose-abstraktse-kunsti-poster-icy-glaze-2-4-suurused-tollides\\\/#breadcrumb\"},\"inLanguage\":\"et\",\"potentialAction\":[{\"@type\":\"ReadAction\",\"target\":[\"https:\\\/\\\/mydailydose.eu\\\/et\\\/toode\\\/mydailydose-abstraktse-kunsti-poster-icy-glaze-2-4-suurused-tollides\\\/\"]}]},{\"@type\":\"ImageObject\",\"inLanguage\":\"et\",\"@id\":\"https:\\\/\\\/mydailydose.eu\\\/et\\\/toode\\\/mydailydose-abstraktse-kunsti-poster-icy-glaze-2-4-suurused-tollides\\\/#primaryimage\",\"url\":\"https:\\\/\\\/mydailydose.eu\\\/wp-content\\\/uploads\\\/2024\\\/08\\\/srohr6.jpg\",\"contentUrl\":\"https:\\\/\\\/mydailydose.eu\\\/wp-content\\\/uploads\\\/2024\\\/08\\\/srohr6.jpg\",\"width\":1000,\"height\":1000},{\"@type\":\"BreadcrumbList\",\"@id\":\"https:\\\/\\\/mydailydose.eu\\\/et\\\/toode\\\/mydailydose-abstraktse-kunsti-poster-icy-glaze-2-4-suurused-tollides\\\/#breadcrumb\",\"itemListElement\":[{\"@type\":\"ListItem\",\"position\":1,\"name\":\"Home\",\"item\":\"https:\\\/\\\/mydailydose.eu\\\/et\\\/\"},{\"@type\":\"ListItem\",\"position\":2,\"name\":\"Shop\",\"item\":\"https:\\\/\\\/mydailydose.eu\\\/et\\\/pood\\\/\"},{\"@type\":\"ListItem\",\"position\":3,\"name\":\"#mydailydose Abstraktse kunsti poster Icy Glaze 2\\\/4 (suurused tollides)\"}]},{\"@type\":\"WebSite\",\"@id\":\"https:\\\/\\\/mydailydose.eu\\\/#website\",\"url\":\"https:\\\/\\\/mydailydose.eu\\\/\",\"name\":\"#mydailydose\",\"description\":\"Unique Gifts to #findyourfab - Original Art and Designs by Inna Inanna\",\"potentialAction\":[{\"@type\":\"SearchAction\",\"target\":{\"@type\":\"EntryPoint\",\"urlTemplate\":\"https:\\\/\\\/mydailydose.eu\\\/?s={search_term_string}\"},\"query-input\":{\"@type\":\"PropertyValueSpecification\",\"valueRequired\":true,\"valueName\":\"search_term_string\"}}],\"inLanguage\":\"et\"}]}<\/script>\n<!-- \/ Yoast SEO plugin. -->","yoast_head_json":{"title":"#mydailydose Abstraktse kunsti poster Icy Glaze 2\/4 (suurused tollides) - #mydailydose","robots":{"index":"index","follow":"follow","max-snippet":"max-snippet:-1","max-image-preview":"max-image-preview:large","max-video-preview":"max-video-preview:-1"},"canonical":"https:\/\/mydailydose.eu\/et\/toode\/mydailydose-abstraktse-kunsti-poster-icy-glaze-2-4-suurused-tollides\/","og_locale":"et_EE","og_type":"article","og_title":"#mydailydose Abstraktse kunsti poster Icy Glaze 2\/4 (suurused tollides) - #mydailydose","og_description":"#mydailydose abstraktse kunsti postrid on digitr\u00fckised Inna Inanna originaalloomingust \u2013 akr\u00fc\u00fcl paberil, inimlooming. Need matid muuseumikvaliteedis postrid on stiilne ja elegantne viis kirgastada ja elavdada \u00fcksk\u00f5ik millist ruumi. Ere v\u00e4rvilaik, mis paneb elavnema ja naeratama &#8211; parim kingitus iseendale ja armsatele l\u00e4hedastele. Tr\u00fckitud kvaliteetpaberile ja raamimiseks valmis. M\u00e4rgistatud viitamiseks ja autentsuse kinnituseks. Postipakendiks postitustoru. Pildid [&hellip;]","og_url":"https:\/\/mydailydose.eu\/et\/toode\/mydailydose-abstraktse-kunsti-poster-icy-glaze-2-4-suurused-tollides\/","og_site_name":"#mydailydose","og_image":[{"width":1000,"height":1000,"url":"https:\/\/mydailydose.eu\/wp-content\/uploads\/2024\/08\/srohr6.jpg","type":"image\/jpeg"}],"twitter_card":"summary_large_image","twitter_misc":{"Est. reading time":"1 minut"},"schema":{"@context":"https:\/\/schema.org","@graph":[{"@type":"WebPage","@id":"https:\/\/mydailydose.eu\/et\/toode\/mydailydose-abstraktse-kunsti-poster-icy-glaze-2-4-suurused-tollides\/","url":"https:\/\/mydailydose.eu\/et\/toode\/mydailydose-abstraktse-kunsti-poster-icy-glaze-2-4-suurused-tollides\/","name":"#mydailydose Abstraktse kunsti poster Icy Glaze 2\/4 (suurused tollides) - #mydailydose","isPartOf":{"@id":"https:\/\/mydailydose.eu\/#website"},"primaryImageOfPage":{"@id":"https:\/\/mydailydose.eu\/et\/toode\/mydailydose-abstraktse-kunsti-poster-icy-glaze-2-4-suurused-tollides\/#primaryimage"},"image":{"@id":"https:\/\/mydailydose.eu\/et\/toode\/mydailydose-abstraktse-kunsti-poster-icy-glaze-2-4-suurused-tollides\/#primaryimage"},"thumbnailUrl":"https:\/\/mydailydose.eu\/wp-content\/uploads\/2024\/08\/srohr6.jpg","datePublished":"2024-08-07T14:26:12+00:00","breadcrumb":{"@id":"https:\/\/mydailydose.eu\/et\/toode\/mydailydose-abstraktse-kunsti-poster-icy-glaze-2-4-suurused-tollides\/#breadcrumb"},"inLanguage":"et","potentialAction":[{"@type":"ReadAction","target":["https:\/\/mydailydose.eu\/et\/toode\/mydailydose-abstraktse-kunsti-poster-icy-glaze-2-4-suurused-tollides\/"]}]},{"@type":"ImageObject","inLanguage":"et","@id":"https:\/\/mydailydose.eu\/et\/toode\/mydailydose-abstraktse-kunsti-poster-icy-glaze-2-4-suurused-tollides\/#primaryimage","url":"https:\/\/mydailydose.eu\/wp-content\/uploads\/2024\/08\/srohr6.jpg","contentUrl":"https:\/\/mydailydose.eu\/wp-content\/uploads\/2024\/08\/srohr6.jpg","width":1000,"height":1000},{"@type":"BreadcrumbList","@id":"https:\/\/mydailydose.eu\/et\/toode\/mydailydose-abstraktse-kunsti-poster-icy-glaze-2-4-suurused-tollides\/#breadcrumb","itemListElement":[{"@type":"ListItem","position":1,"name":"Home","item":"https:\/\/mydailydose.eu\/et\/"},{"@type":"ListItem","position":2,"name":"Shop","item":"https:\/\/mydailydose.eu\/et\/pood\/"},{"@type":"ListItem","position":3,"name":"#mydailydose Abstraktse kunsti poster Icy Glaze 2\/4 (suurused tollides)"}]},{"@type":"WebSite","@id":"https:\/\/mydailydose.eu\/#website","url":"https:\/\/mydailydose.eu\/","name":"#mydailydose","description":"Unique Gifts to #findyourfab - Original Art and Designs by Inna Inanna","potentialAction":[{"@type":"SearchAction","target":{"@type":"EntryPoint","urlTemplate":"https:\/\/mydailydose.eu\/?s={search_term_string}"},"query-input":{"@type":"PropertyValueSpecification","valueRequired":true,"valueName":"search_term_string"}}],"inLanguage":"et"}]}},"_links":{"self":[{"href":"https:\/\/mydailydose.eu\/et\/wp-json\/wp\/v2\/product\/9337","targetHints":{"allow":["GET"]}}],"collection":[{"href":"https:\/\/mydailydose.eu\/et\/wp-json\/wp\/v2\/product"}],"about":[{"href":"https:\/\/mydailydose.eu\/et\/wp-json\/wp\/v2\/types\/product"}],"replies":[{"embeddable":true,"href":"https:\/\/mydailydose.eu\/et\/wp-json\/wp\/v2\/comments?post=9337"}],"wp:featuredmedia":[{"embeddable":true,"href":"https:\/\/mydailydose.eu\/et\/wp-json\/wp\/v2\/media\/9036"}],"wp:attachment":[{"href":"https:\/\/mydailydose.eu\/et\/wp-json\/wp\/v2\/media?parent=9337"}],"wp:term":[{"taxonomy":"product_brand","embeddable":true,"href":"https:\/\/mydailydose.eu\/et\/wp-json\/wp\/v2\/product_brand?post=9337"},{"taxonomy":"product_cat","embeddable":true,"href":"https:\/\/mydailydose.eu\/et\/wp-json\/wp\/v2\/product_cat?post=9337"},{"taxonomy":"product_tag","embeddable":true,"href":"https:\/\/mydailydose.eu\/et\/wp-json\/wp\/v2\/product_tag?post=9337"}],"curies":[{"name":"wp","href":"https:\/\/api.w.org\/{rel}","templated":true}]}}